{"id":90439,"date":"2019-11-05T14:53:07","date_gmt":"2019-11-05T14:53:07","guid":{"rendered":"https:\/\/www.3p-gmbh.de\/produkt\/horno-vertical-technografica-ebo-v4-para-planchas-de-impresion\/"},"modified":"2019-11-05T14:53:07","modified_gmt":"2019-11-05T14:53:07","slug":"technografica-ebo-v4-horno-de-curado-vertical-para-placas-de-presion-de-2000","status":"publish","type":"product","link":"https:\/\/www.3p-gmbh.de\/es\/produkt\/technografica-ebo-v4-horno-de-curado-vertical-para-placas-de-presion-de-2000\/","title":{"rendered":"Horno vertical Technografica EBO V4 para planchas de impresi\u00f3n"},"content":{"rendered":"<p>Capacidad del plato 4 piezas<br \/>\nFormato de panel m\u00e1x. 80 x 70 cm<br \/>\nDimensiones exteriores L 130 x A 38 x A 110 cm<br \/>\nPeso del horno 150 kg<br \/>\nTensi\u00f3n de funcionamiento 230 V \/ 50 Hz<br \/>\nConsumo de energ\u00eda &#8211; calefacci\u00f3n 3 kW<br \/>\nConsumo de energ\u00eda &#8211; funcionamiento 1,5 kW<br \/>\nLos datos del tiempo de cocci\u00f3n se almacenan<br \/>\nPerfecto aislamiento t\u00e9rmico<br \/>\nEmisi\u00f3n de calor al medio ambiente aprox. 1290 kcal\/h (aprox. 16200k J\/h)<\/p>\n","protected":false},"excerpt":{"rendered":"<p>Capacidad del plato 4 piezas Formato de panel m\u00e1x. 80 x 70 cm Dimensiones exteriores L 130 x A 38 x A 110 cm Peso del horno 150 kg Tensi\u00f3n de funcionamiento 230 V \/ 50 Hz Consumo de energ\u00eda &#8211; calefacci\u00f3n 3 kW Consumo de energ\u00eda &#8211; funcionamiento 1,5 kW Los datos del tiempo [&hellip;]<\/p>\n","protected":false},"featured_media":74017,"template":"","meta":[],"product_brand":[],"product_cat":[3000],"product_tag":[],"class_list":{"0":"post-90439","1":"product","2":"type-product","3":"status-publish","4":"has-post-thumbnail","6":"product_cat-tratamiento-de-las-planchas-de-impresion-es","7":"pa_hersteller-technografica","8":"pa_typ-ebo-v4","10":"first","11":"instock","12":"taxable","13":"shipping-taxable","14":"purchasable","15":"product-type-simple"},"jetpack_sharing_enabled":true,"_links":{"self":[{"href":"https:\/\/www.3p-gmbh.de\/es\/wp-json\/wp\/v2\/product\/90439","targetHints":{"allow":["GET"]}}],"collection":[{"href":"https:\/\/www.3p-gmbh.de\/es\/wp-json\/wp\/v2\/product"}],"about":[{"href":"https:\/\/www.3p-gmbh.de\/es\/wp-json\/wp\/v2\/types\/product"}],"wp:featuredmedia":[{"embeddable":true,"href":"https:\/\/www.3p-gmbh.de\/es\/wp-json\/wp\/v2\/media\/74017"}],"wp:attachment":[{"href":"https:\/\/www.3p-gmbh.de\/es\/wp-json\/wp\/v2\/media?parent=90439"}],"wp:term":[{"taxonomy":"product_brand","embeddable":true,"href":"https:\/\/www.3p-gmbh.de\/es\/wp-json\/wp\/v2\/product_brand?post=90439"},{"taxonomy":"product_cat","embeddable":true,"href":"https:\/\/www.3p-gmbh.de\/es\/wp-json\/wp\/v2\/product_cat?post=90439"},{"taxonomy":"product_tag","embeddable":true,"href":"https:\/\/www.3p-gmbh.de\/es\/wp-json\/wp\/v2\/product_tag?post=90439"}],"curies":[{"name":"wp","href":"https:\/\/api.w.org\/{rel}","templated":true}]}}