{"id":90435,"date":"2019-11-05T14:40:44","date_gmt":"2019-11-05T14:40:44","guid":{"rendered":"https:\/\/www.3p-gmbh.de\/produkt\/dainippon-screen-sg-8060-p-escaner-de-tambor-horizontal-de-gama-alta-con-barrido-por-fotomultiplicador\/"},"modified":"2019-11-05T14:40:44","modified_gmt":"2019-11-05T14:40:44","slug":"dainippon-screen-sg-8060-p-escaner-de-tambor-de-extremo-alto-horizontal-con-fotomultiplicador-de-escaneado","status":"publish","type":"product","link":"https:\/\/www.3p-gmbh.de\/es\/produkt\/dainippon-screen-sg-8060-p-escaner-de-tambor-de-extremo-alto-horizontal-con-fotomultiplicador-de-escaneado\/","title":{"rendered":"Dainippon Screen SG-8060 P esc\u00e1ner de tambor horizontal de gama alta con barrido por fotomultiplicador"},"content":{"rendered":"<p>-Resoluci\u00f3n 12.000 ppp<br \/>\n-densidad Dmax 4,2<br \/>\n-Profundidad de datos 48 Bit RGB, 32 Bit CMYK<br \/>\n-Tipos de plantilla Supervisi\u00f3n \/ Revisi\u00f3n<br \/>\n-Fuente de luz Xen\u00f3n de 75 vatios<br \/>\n-m\u00e1x. Formato de escaneado 600 x 538 mm<br \/>\n-Controlador e interfaces Macintosh \/ SCSI incl. Estaci\u00f3n de trabajo<br \/>\n-Peso 480 kg<\/p>\n","protected":false},"excerpt":{"rendered":"<p>-Resoluci\u00f3n 12.000 ppp -densidad Dmax 4,2 -Profundidad de datos 48 Bit RGB, 32 Bit CMYK -Tipos de plantilla Supervisi\u00f3n \/ Revisi\u00f3n -Fuente de luz Xen\u00f3n de 75 vatios -m\u00e1x. Formato de escaneado 600 x 538 mm -Controlador e interfaces Macintosh \/ SCSI incl. Estaci\u00f3n de trabajo -Peso 480 kg<\/p>\n","protected":false},"featured_media":74008,"template":"","meta":[],"product_brand":[],"product_cat":[3025],"product_tag":[],"class_list":{"0":"post-90435","1":"product","2":"type-product","3":"status-publish","4":"has-post-thumbnail","6":"product_cat-escaner-de-tambor","7":"pa_hersteller-dainippon-screen","8":"pa_typ-sg-8060-p","10":"first","11":"instock","12":"taxable","13":"shipping-taxable","14":"purchasable","15":"product-type-simple"},"jetpack_sharing_enabled":true,"_links":{"self":[{"href":"https:\/\/www.3p-gmbh.de\/es\/wp-json\/wp\/v2\/product\/90435","targetHints":{"allow":["GET"]}}],"collection":[{"href":"https:\/\/www.3p-gmbh.de\/es\/wp-json\/wp\/v2\/product"}],"about":[{"href":"https:\/\/www.3p-gmbh.de\/es\/wp-json\/wp\/v2\/types\/product"}],"wp:featuredmedia":[{"embeddable":true,"href":"https:\/\/www.3p-gmbh.de\/es\/wp-json\/wp\/v2\/media\/74008"}],"wp:attachment":[{"href":"https:\/\/www.3p-gmbh.de\/es\/wp-json\/wp\/v2\/media?parent=90435"}],"wp:term":[{"taxonomy":"product_brand","embeddable":true,"href":"https:\/\/www.3p-gmbh.de\/es\/wp-json\/wp\/v2\/product_brand?post=90435"},{"taxonomy":"product_cat","embeddable":true,"href":"https:\/\/www.3p-gmbh.de\/es\/wp-json\/wp\/v2\/product_cat?post=90435"},{"taxonomy":"product_tag","embeddable":true,"href":"https:\/\/www.3p-gmbh.de\/es\/wp-json\/wp\/v2\/product_tag?post=90435"}],"curies":[{"name":"wp","href":"https:\/\/api.w.org\/{rel}","templated":true}]}}