{"id":90431,"date":"2019-11-05T15:17:58","date_gmt":"2019-11-05T15:17:58","guid":{"rendered":"https:\/\/www.3p-gmbh.de\/produkt\/vacuumatic-cuti-laser-strip-inserter-imprimir-contar-dividir\/"},"modified":"2019-11-05T15:17:58","modified_gmt":"2019-11-05T15:17:58","slug":"vacuumatic-cuti-laser-strip-insert-print-count-bottom","status":"publish","type":"product","link":"https:\/\/www.3p-gmbh.de\/es\/produkt\/vacuumatic-cuti-laser-strip-insert-print-count-bottom\/","title":{"rendered":"Vacuumatic CUTI Laser Strip Inserter imprimir &#8211; contar &#8211; dividir"},"content":{"rendered":"<p>&#8211; con sensor l\u00e1ser &#8211; sin conexi\u00f3n mec\u00e1nica ni el\u00e9ctrica a la prensa<br \/>\n&#8211; Introducci\u00f3n sencilla de la cantidad de recuento deseada mediante teclado y pantalla<br \/>\n&#8211; con conducto de 600 mm de longitud (alternativamente 100 cm)<br \/>\n&#8211; Altura de la bandeja ajustable hasta 100 cm (o 140 cm, especif\u00edquelo en el pedido)<br \/>\n&#8211; Longitud de la tira ajustable de 10 a 20 cm aprox.<br \/>\n&#8211; recuento de 6 a 9999 hojas<br \/>\n&#8211; Velocidad de recuento hasta aprox. 15.000 Bg.\/h<br \/>\n&#8211; electr. Conexi\u00f3n 230 V<\/p>\n","protected":false},"excerpt":{"rendered":"<p>&#8211; con sensor l\u00e1ser &#8211; sin conexi\u00f3n mec\u00e1nica ni el\u00e9ctrica a la prensa &#8211; Introducci\u00f3n sencilla de la cantidad de recuento deseada mediante teclado y pantalla &#8211; con conducto de 600 mm de longitud (alternativamente 100 cm) &#8211; Altura de la bandeja ajustable hasta 100 cm (o 140 cm, especif\u00edquelo en el pedido) &#8211; Longitud [&hellip;]<\/p>\n","protected":false},"featured_media":74041,"template":"","meta":[],"product_brand":[],"product_cat":[3005],"product_tag":[],"class_list":{"0":"post-90431","1":"product","2":"type-product","3":"status-publish","4":"has-post-thumbnail","6":"product_cat-maquinas-contadoras-de-papel","7":"pa_hersteller-vacuumatic","8":"pa_typ-cuti","10":"first","11":"instock","12":"taxable","13":"shipping-taxable","14":"purchasable","15":"product-type-simple"},"jetpack_sharing_enabled":true,"_links":{"self":[{"href":"https:\/\/www.3p-gmbh.de\/es\/wp-json\/wp\/v2\/product\/90431","targetHints":{"allow":["GET"]}}],"collection":[{"href":"https:\/\/www.3p-gmbh.de\/es\/wp-json\/wp\/v2\/product"}],"about":[{"href":"https:\/\/www.3p-gmbh.de\/es\/wp-json\/wp\/v2\/types\/product"}],"wp:featuredmedia":[{"embeddable":true,"href":"https:\/\/www.3p-gmbh.de\/es\/wp-json\/wp\/v2\/media\/74041"}],"wp:attachment":[{"href":"https:\/\/www.3p-gmbh.de\/es\/wp-json\/wp\/v2\/media?parent=90431"}],"wp:term":[{"taxonomy":"product_brand","embeddable":true,"href":"https:\/\/www.3p-gmbh.de\/es\/wp-json\/wp\/v2\/product_brand?post=90431"},{"taxonomy":"product_cat","embeddable":true,"href":"https:\/\/www.3p-gmbh.de\/es\/wp-json\/wp\/v2\/product_cat?post=90431"},{"taxonomy":"product_tag","embeddable":true,"href":"https:\/\/www.3p-gmbh.de\/es\/wp-json\/wp\/v2\/product_tag?post=90431"}],"curies":[{"name":"wp","href":"https:\/\/api.w.org\/{rel}","templated":true}]}}