{"id":90424,"date":"2019-11-05T15:10:03","date_gmt":"2019-11-05T15:10:03","guid":{"rendered":"https:\/\/www.3p-gmbh.de\/produkt\/fuji-silver-hunter-planta-de-desplateado-de-bano-de-fijacion\/"},"modified":"2019-11-05T15:10:03","modified_gmt":"2019-11-05T15:10:03","slug":"fuji-silver-hunter-plant-for-desilvering-fixing-bath","status":"publish","type":"product","link":"https:\/\/www.3p-gmbh.de\/es\/produkt\/fuji-silver-hunter-plant-for-desilvering-fixing-bath\/","title":{"rendered":"Fuji Silver Hunter &#8211; Planta de desplateado de ba\u00f1o de fijaci\u00f3n"},"content":{"rendered":"<p>Desplateado del ba\u00f1o de fijaci\u00f3n Fuji Silver Hunter<br \/>\nRecuperaci\u00f3n de plata usada de ba\u00f1os fotogr\u00e1ficos usados mediante bypass<\/p>\n","protected":false},"excerpt":{"rendered":"<p>Desplateado del ba\u00f1o de fijaci\u00f3n Fuji Silver Hunter Recuperaci\u00f3n de plata usada de ba\u00f1os fotogr\u00e1ficos usados mediante bypass<\/p>\n","protected":false},"featured_media":74035,"template":"","meta":[],"product_brand":[],"product_cat":[2938],"product_tag":[],"class_list":{"0":"post-90424","1":"product","2":"type-product","3":"status-publish","4":"has-post-thumbnail","6":"product_cat-filmadoras-y-sistemas-de-revelado-de-peliculas","7":"pa_hersteller-fuji","8":"pa_typ-silver-hunter","10":"first","11":"instock","12":"taxable","13":"shipping-taxable","14":"purchasable","15":"product-type-simple"},"jetpack_sharing_enabled":true,"_links":{"self":[{"href":"https:\/\/www.3p-gmbh.de\/es\/wp-json\/wp\/v2\/product\/90424","targetHints":{"allow":["GET"]}}],"collection":[{"href":"https:\/\/www.3p-gmbh.de\/es\/wp-json\/wp\/v2\/product"}],"about":[{"href":"https:\/\/www.3p-gmbh.de\/es\/wp-json\/wp\/v2\/types\/product"}],"wp:featuredmedia":[{"embeddable":true,"href":"https:\/\/www.3p-gmbh.de\/es\/wp-json\/wp\/v2\/media\/74035"}],"wp:attachment":[{"href":"https:\/\/www.3p-gmbh.de\/es\/wp-json\/wp\/v2\/media?parent=90424"}],"wp:term":[{"taxonomy":"product_brand","embeddable":true,"href":"https:\/\/www.3p-gmbh.de\/es\/wp-json\/wp\/v2\/product_brand?post=90424"},{"taxonomy":"product_cat","embeddable":true,"href":"https:\/\/www.3p-gmbh.de\/es\/wp-json\/wp\/v2\/product_cat?post=90424"},{"taxonomy":"product_tag","embeddable":true,"href":"https:\/\/www.3p-gmbh.de\/es\/wp-json\/wp\/v2\/product_tag?post=90424"}],"curies":[{"name":"wp","href":"https:\/\/api.w.org\/{rel}","templated":true}]}}