{"id":90404,"date":"2019-11-05T15:42:24","date_gmt":"2019-11-05T15:42:24","guid":{"rendered":"https:\/\/www.3p-gmbh.de\/produkt\/enfajadora-automatica-de-mesas-com-24-30\/"},"modified":"2019-11-05T15:42:24","modified_gmt":"2019-11-05T15:42:24","slug":"mesa-de-mezclas-automatica-com-24-30","status":"publish","type":"product","link":"https:\/\/www.3p-gmbh.de\/es\/produkt\/mesa-de-mezclas-automatica-com-24-30\/","title":{"rendered":"Enfajadora autom\u00e1tica de mesas COM 24-30"},"content":{"rendered":"<p>la peque\u00f1a y compacta todoterreno entre las enfajadoras.<br \/>\nLas torres ajustables permiten adaptar la anchura de paso al formato del producto.<br \/>\nDe suave a extremadamente tensa, la tensi\u00f3n de la correa es infinitamente ajustable y, por tanto, adecuada para pr\u00e1cticamente cualquier producto.<br \/>\nEs posible cambiar entre el papel y la pel\u00edcula de enfajado sin cambiar los ajustes.<\/p>\n","protected":false},"excerpt":{"rendered":"<p>la peque\u00f1a y compacta todoterreno entre las enfajadoras. Las torres ajustables permiten adaptar la anchura de paso al formato del producto. De suave a extremadamente tensa, la tensi\u00f3n de la correa es infinitamente ajustable y, por tanto, adecuada para pr\u00e1cticamente cualquier producto. Es posible cambiar entre el papel y la pel\u00edcula de enfajado sin cambiar [&hellip;]<\/p>\n","protected":false},"featured_media":74059,"template":"","meta":[],"product_brand":[],"product_cat":[2862],"product_tag":[],"class_list":{"0":"post-90404","1":"product","2":"type-product","3":"status-publish","4":"has-post-thumbnail","6":"product_cat-maquinas-perladoras","7":"pa_typ-com-24-30","9":"first","10":"instock","11":"taxable","12":"shipping-taxable","13":"purchasable","14":"product-type-simple"},"jetpack_sharing_enabled":true,"_links":{"self":[{"href":"https:\/\/www.3p-gmbh.de\/es\/wp-json\/wp\/v2\/product\/90404","targetHints":{"allow":["GET"]}}],"collection":[{"href":"https:\/\/www.3p-gmbh.de\/es\/wp-json\/wp\/v2\/product"}],"about":[{"href":"https:\/\/www.3p-gmbh.de\/es\/wp-json\/wp\/v2\/types\/product"}],"wp:featuredmedia":[{"embeddable":true,"href":"https:\/\/www.3p-gmbh.de\/es\/wp-json\/wp\/v2\/media\/74059"}],"wp:attachment":[{"href":"https:\/\/www.3p-gmbh.de\/es\/wp-json\/wp\/v2\/media?parent=90404"}],"wp:term":[{"taxonomy":"product_brand","embeddable":true,"href":"https:\/\/www.3p-gmbh.de\/es\/wp-json\/wp\/v2\/product_brand?post=90404"},{"taxonomy":"product_cat","embeddable":true,"href":"https:\/\/www.3p-gmbh.de\/es\/wp-json\/wp\/v2\/product_cat?post=90404"},{"taxonomy":"product_tag","embeddable":true,"href":"https:\/\/www.3p-gmbh.de\/es\/wp-json\/wp\/v2\/product_tag?post=90404"}],"curies":[{"name":"wp","href":"https:\/\/api.w.org\/{rel}","templated":true}]}}