{"id":90395,"date":"2019-11-07T09:54:23","date_gmt":"2019-11-07T09:54:23","guid":{"rendered":"https:\/\/www.3p-gmbh.de\/produkt\/numeradoras-leibinger-para-gto-52-o-gto-46-o-tambien-sm-52\/"},"modified":"2019-11-07T09:54:23","modified_gmt":"2019-11-07T09:54:23","slug":"leibinger-numbering-machines-for-gto-52-or-gto-46-or-also-sm-52","status":"publish","type":"product","link":"https:\/\/www.3p-gmbh.de\/es\/produkt\/leibinger-numbering-machines-for-gto-52-or-gto-46-or-also-sm-52\/","title":{"rendered":"Numeradoras Leibinger para GTO 52 o GTO 46 o tambi\u00e9n SM 52"},"content":{"rendered":"<p>horizontal, cuenta atr\u00e1s, 7 d\u00edgitos<\/p>\n","protected":false},"excerpt":{"rendered":"<p>horizontal, cuenta atr\u00e1s, 7 d\u00edgitos<\/p>\n","protected":false},"featured_media":74134,"template":"","meta":[],"product_brand":[],"product_cat":[2880],"product_tag":[],"class_list":{"0":"post-90395","1":"product","2":"type-product","3":"status-publish","4":"has-post-thumbnail","6":"product_cat-tipografia","7":"pa_hersteller-leibinger","8":"pa_typ-nummerierwerk","10":"first","11":"instock","12":"taxable","13":"shipping-taxable","14":"purchasable","15":"product-type-simple"},"jetpack_sharing_enabled":true,"_links":{"self":[{"href":"https:\/\/www.3p-gmbh.de\/es\/wp-json\/wp\/v2\/product\/90395","targetHints":{"allow":["GET"]}}],"collection":[{"href":"https:\/\/www.3p-gmbh.de\/es\/wp-json\/wp\/v2\/product"}],"about":[{"href":"https:\/\/www.3p-gmbh.de\/es\/wp-json\/wp\/v2\/types\/product"}],"wp:featuredmedia":[{"embeddable":true,"href":"https:\/\/www.3p-gmbh.de\/es\/wp-json\/wp\/v2\/media\/74134"}],"wp:attachment":[{"href":"https:\/\/www.3p-gmbh.de\/es\/wp-json\/wp\/v2\/media?parent=90395"}],"wp:term":[{"taxonomy":"product_brand","embeddable":true,"href":"https:\/\/www.3p-gmbh.de\/es\/wp-json\/wp\/v2\/product_brand?post=90395"},{"taxonomy":"product_cat","embeddable":true,"href":"https:\/\/www.3p-gmbh.de\/es\/wp-json\/wp\/v2\/product_cat?post=90395"},{"taxonomy":"product_tag","embeddable":true,"href":"https:\/\/www.3p-gmbh.de\/es\/wp-json\/wp\/v2\/product_tag?post=90395"}],"curies":[{"name":"wp","href":"https:\/\/api.w.org\/{rel}","templated":true}]}}