{"id":90378,"date":"2019-11-07T10:51:41","date_gmt":"2019-11-07T10:51:41","guid":{"rendered":"https:\/\/www.3p-gmbh.de\/produkt\/dispositivo-de-prensado-en-caliente-habasit-pt-55-8\/"},"modified":"2019-11-07T10:51:41","modified_gmt":"2019-11-07T10:51:41","slug":"dispositivo-de-prensado-en-caliente-habasit-pt-55-8","status":"publish","type":"product","link":"https:\/\/www.3p-gmbh.de\/es\/produkt\/dispositivo-de-prensado-en-caliente-habasit-pt-55-8\/","title":{"rendered":"Dispositivo de prensado en caliente Habasit PT-55 -8"},"content":{"rendered":"<p>para el empalme final de cintas para m\u00e1quinas y husos Habasit de hasta 50 mm de anchura y 2,5 mm de grosor mediante el proceso Thermofix.<\/p>\n<p>La longitud m\u00e1xima de pelado mecanizable es de 35 mm. Con carriles gu\u00eda en la anchura requerida para la aplicaci\u00f3n respectiva y la posibilidad de conectar la prensa caliente seg\u00fan se desee entre 110 y 240 V, la PT-55 proporciona un sistema de uni\u00f3n de extremos muy flexible.<\/p>\n","protected":false},"excerpt":{"rendered":"<p>para el empalme final de cintas para m\u00e1quinas y husos Habasit de hasta 50 mm de anchura y 2,5 mm de grosor mediante el proceso Thermofix. La longitud m\u00e1xima de pelado mecanizable es de 35 mm. Con carriles gu\u00eda en la anchura requerida para la aplicaci\u00f3n respectiva y la posibilidad de conectar la prensa caliente [&hellip;]<\/p>\n","protected":false},"featured_media":74182,"template":"","meta":[],"product_brand":[],"product_cat":[2873],"product_tag":[],"class_list":{"0":"post-90378","1":"product","2":"type-product","3":"status-publish","4":"has-post-thumbnail","6":"product_cat-otros-tratamientos-posteriores","7":"pa_hersteller-habasit","8":"pa_typ-pt-55-8","10":"first","11":"instock","12":"taxable","13":"shipping-taxable","14":"purchasable","15":"product-type-simple"},"jetpack_sharing_enabled":true,"_links":{"self":[{"href":"https:\/\/www.3p-gmbh.de\/es\/wp-json\/wp\/v2\/product\/90378","targetHints":{"allow":["GET"]}}],"collection":[{"href":"https:\/\/www.3p-gmbh.de\/es\/wp-json\/wp\/v2\/product"}],"about":[{"href":"https:\/\/www.3p-gmbh.de\/es\/wp-json\/wp\/v2\/types\/product"}],"wp:featuredmedia":[{"embeddable":true,"href":"https:\/\/www.3p-gmbh.de\/es\/wp-json\/wp\/v2\/media\/74182"}],"wp:attachment":[{"href":"https:\/\/www.3p-gmbh.de\/es\/wp-json\/wp\/v2\/media?parent=90378"}],"wp:term":[{"taxonomy":"product_brand","embeddable":true,"href":"https:\/\/www.3p-gmbh.de\/es\/wp-json\/wp\/v2\/product_brand?post=90378"},{"taxonomy":"product_cat","embeddable":true,"href":"https:\/\/www.3p-gmbh.de\/es\/wp-json\/wp\/v2\/product_cat?post=90378"},{"taxonomy":"product_tag","embeddable":true,"href":"https:\/\/www.3p-gmbh.de\/es\/wp-json\/wp\/v2\/product_tag?post=90378"}],"curies":[{"name":"wp","href":"https:\/\/api.w.org\/{rel}","templated":true}]}}