{"id":90365,"date":"2019-11-07T11:37:56","date_gmt":"2019-11-07T11:37:56","guid":{"rendered":"https:\/\/www.3p-gmbh.de\/produkt\/transportador-de-cinta-curva-buettner-cinta-curva-movil-180\/"},"modified":"2019-11-07T11:37:56","modified_gmt":"2019-11-07T11:37:56","slug":"buettner-curve-belt-foerderer-mobile-curve-belt-180","status":"publish","type":"product","link":"https:\/\/www.3p-gmbh.de\/es\/produkt\/buettner-curve-belt-foerderer-mobile-curve-belt-180\/","title":{"rendered":"Transportador de cinta curva B\u00fcttner &#8211; Cinta curva m\u00f3vil 180"},"content":{"rendered":"<p>\u00c1ngulo 180<br \/>\nAncho de banda 400 mm<br \/>\nAnchura de la curva exterior (distancia de borde a borde) 187 cm<\/p>\n","protected":false},"excerpt":{"rendered":"<p>\u00c1ngulo 180 Ancho de banda 400 mm Anchura de la curva exterior (distancia de borde a borde) 187 cm<\/p>\n","protected":false},"featured_media":74197,"template":"","meta":[],"product_brand":[],"product_cat":[3042],"product_tag":[],"class_list":{"0":"post-90365","1":"product","2":"type-product","3":"status-publish","4":"has-post-thumbnail","6":"product_cat-tecnologia-de-transporte-es","7":"pa_hersteller-buettner-co-gmbh","8":"pa_typ-180-kurvengurtfoerderer","10":"first","11":"instock","12":"taxable","13":"shipping-taxable","14":"purchasable","15":"product-type-simple"},"jetpack_sharing_enabled":true,"_links":{"self":[{"href":"https:\/\/www.3p-gmbh.de\/es\/wp-json\/wp\/v2\/product\/90365","targetHints":{"allow":["GET"]}}],"collection":[{"href":"https:\/\/www.3p-gmbh.de\/es\/wp-json\/wp\/v2\/product"}],"about":[{"href":"https:\/\/www.3p-gmbh.de\/es\/wp-json\/wp\/v2\/types\/product"}],"wp:featuredmedia":[{"embeddable":true,"href":"https:\/\/www.3p-gmbh.de\/es\/wp-json\/wp\/v2\/media\/74197"}],"wp:attachment":[{"href":"https:\/\/www.3p-gmbh.de\/es\/wp-json\/wp\/v2\/media?parent=90365"}],"wp:term":[{"taxonomy":"product_brand","embeddable":true,"href":"https:\/\/www.3p-gmbh.de\/es\/wp-json\/wp\/v2\/product_brand?post=90365"},{"taxonomy":"product_cat","embeddable":true,"href":"https:\/\/www.3p-gmbh.de\/es\/wp-json\/wp\/v2\/product_cat?post=90365"},{"taxonomy":"product_tag","embeddable":true,"href":"https:\/\/www.3p-gmbh.de\/es\/wp-json\/wp\/v2\/product_tag?post=90365"}],"curies":[{"name":"wp","href":"https:\/\/api.w.org\/{rel}","templated":true}]}}