{"id":90356,"date":"2019-11-07T13:20:03","date_gmt":"2019-11-07T13:20:03","guid":{"rendered":"https:\/\/www.3p-gmbh.de\/produkt\/software-de-montaje-de-hojas-heidelberg-prinect-signastation-4-5\/"},"modified":"2019-11-07T13:20:03","modified_gmt":"2019-11-07T13:20:03","slug":"heidelberg-prinect-signastation-4-5-sheet-assembly-software","status":"publish","type":"product","link":"https:\/\/www.3p-gmbh.de\/es\/produkt\/heidelberg-prinect-signastation-4-5-sheet-assembly-software\/","title":{"rendered":"Software de montaje de hojas Heidelberg Prinect Signastation 4.5"},"content":{"rendered":"<p>La imposici\u00f3n o montaje de hojas es uno de los primeros pasos en la producci\u00f3n de productos impresos. Heidelberg SignaStation ofrece el requisito previo para un flujo de trabajo eficaz, flexible y seguro. Los distintos modos permiten al usuario reaccionar ante las exigencias m\u00e1s diversas. Desde la creaci\u00f3n de moldes colectivos hasta la imposici\u00f3n totalmente autom\u00e1tica. SignaStation procesa Postscript, PDF y Deltalists y maneja rips listos para Postscript. Las fichas de trabajo (PJTFs-Adobe Portable Job Ticket Format) se generan para flujos de trabajo basados en fichas de trabajo. Una nueva funci\u00f3n es la salida JDF (Job Definition Format) de SignaStation, que se utiliza junto con flujos de trabajo basados en JDF.<\/p>\n","protected":false},"excerpt":{"rendered":"<p>La imposici\u00f3n o montaje de hojas es uno de los primeros pasos en la producci\u00f3n de productos impresos. Heidelberg SignaStation ofrece el requisito previo para un flujo de trabajo eficaz, flexible y seguro. Los distintos modos permiten al usuario reaccionar ante las exigencias m\u00e1s diversas. Desde la creaci\u00f3n de moldes colectivos hasta la imposici\u00f3n totalmente [&hellip;]<\/p>\n","protected":false},"featured_media":74248,"template":"","meta":[],"product_brand":[],"product_cat":[3008],"product_tag":[],"class_list":{"0":"post-90356","1":"product","2":"type-product","3":"status-publish","4":"has-post-thumbnail","6":"product_cat-software-de-preimpresion","7":"pa_hersteller-heidelberg","8":"pa_typ-prinect-signastation-4-5","10":"first","11":"instock","12":"taxable","13":"shipping-taxable","14":"purchasable","15":"product-type-simple"},"jetpack_sharing_enabled":true,"_links":{"self":[{"href":"https:\/\/www.3p-gmbh.de\/es\/wp-json\/wp\/v2\/product\/90356","targetHints":{"allow":["GET"]}}],"collection":[{"href":"https:\/\/www.3p-gmbh.de\/es\/wp-json\/wp\/v2\/product"}],"about":[{"href":"https:\/\/www.3p-gmbh.de\/es\/wp-json\/wp\/v2\/types\/product"}],"wp:featuredmedia":[{"embeddable":true,"href":"https:\/\/www.3p-gmbh.de\/es\/wp-json\/wp\/v2\/media\/74248"}],"wp:attachment":[{"href":"https:\/\/www.3p-gmbh.de\/es\/wp-json\/wp\/v2\/media?parent=90356"}],"wp:term":[{"taxonomy":"product_brand","embeddable":true,"href":"https:\/\/www.3p-gmbh.de\/es\/wp-json\/wp\/v2\/product_brand?post=90356"},{"taxonomy":"product_cat","embeddable":true,"href":"https:\/\/www.3p-gmbh.de\/es\/wp-json\/wp\/v2\/product_cat?post=90356"},{"taxonomy":"product_tag","embeddable":true,"href":"https:\/\/www.3p-gmbh.de\/es\/wp-json\/wp\/v2\/product_tag?post=90356"}],"curies":[{"name":"wp","href":"https:\/\/api.w.org\/{rel}","templated":true}]}}