{"id":90354,"date":"2019-11-07T13:26:45","date_gmt":"2019-11-07T13:26:45","guid":{"rendered":"https:\/\/www.3p-gmbh.de\/produkt\/kodak-creo-prepara-el-software-de-imposicion-usb-6-x\/"},"modified":"2019-11-07T13:26:45","modified_gmt":"2019-11-07T13:26:45","slug":"kodak-creo-preps-6-x-imposition-software-usb","status":"publish","type":"product","link":"https:\/\/www.3p-gmbh.de\/es\/produkt\/kodak-creo-preps-6-x-imposition-software-usb\/","title":{"rendered":"Kodak (Creo) prepara el software de imposici\u00f3n USB 6.x"},"content":{"rendered":"<p>Volumen de suministro: dongle, CD de instalaci\u00f3n, interruptor de activaci\u00f3n<\/p>\n","protected":false},"excerpt":{"rendered":"<p>Volumen de suministro: dongle, CD de instalaci\u00f3n, interruptor de activaci\u00f3n<\/p>\n","protected":false},"featured_media":74542,"template":"","meta":[],"product_brand":[],"product_cat":[3008],"product_tag":[],"class_list":{"0":"post-90354","1":"product","2":"type-product","3":"status-publish","4":"has-post-thumbnail","6":"product_cat-software-de-preimpresion","7":"pa_hersteller-kodak-creo","8":"pa_typ-preps-6-x","10":"first","11":"instock","12":"taxable","13":"shipping-taxable","14":"purchasable","15":"product-type-simple"},"jetpack_sharing_enabled":true,"_links":{"self":[{"href":"https:\/\/www.3p-gmbh.de\/es\/wp-json\/wp\/v2\/product\/90354","targetHints":{"allow":["GET"]}}],"collection":[{"href":"https:\/\/www.3p-gmbh.de\/es\/wp-json\/wp\/v2\/product"}],"about":[{"href":"https:\/\/www.3p-gmbh.de\/es\/wp-json\/wp\/v2\/types\/product"}],"wp:featuredmedia":[{"embeddable":true,"href":"https:\/\/www.3p-gmbh.de\/es\/wp-json\/wp\/v2\/media\/74542"}],"wp:attachment":[{"href":"https:\/\/www.3p-gmbh.de\/es\/wp-json\/wp\/v2\/media?parent=90354"}],"wp:term":[{"taxonomy":"product_brand","embeddable":true,"href":"https:\/\/www.3p-gmbh.de\/es\/wp-json\/wp\/v2\/product_brand?post=90354"},{"taxonomy":"product_cat","embeddable":true,"href":"https:\/\/www.3p-gmbh.de\/es\/wp-json\/wp\/v2\/product_cat?post=90354"},{"taxonomy":"product_tag","embeddable":true,"href":"https:\/\/www.3p-gmbh.de\/es\/wp-json\/wp\/v2\/product_tag?post=90354"}],"curies":[{"name":"wp","href":"https:\/\/api.w.org\/{rel}","templated":true}]}}