{"id":90338,"date":"2019-11-07T14:28:00","date_gmt":"2019-11-07T14:28:00","guid":{"rendered":"https:\/\/www.3p-gmbh.de\/produkt\/taladradora-de-papel-de-mesa-nagel-citoborma-190-husillos\/"},"modified":"2019-11-07T14:28:00","modified_gmt":"2019-11-07T14:28:00","slug":"clavo-citoborma-190-taladro-de-papel-de-mesa-de-husillo","status":"publish","type":"product","link":"https:\/\/www.3p-gmbh.de\/es\/produkt\/clavo-citoborma-190-taladro-de-papel-de-mesa-de-husillo\/","title":{"rendered":"Taladradora de papel de mesa Nagel Citoborma 190 husillos"},"content":{"rendered":"<p>Perforaci\u00f3n de hasta 600 hojas, muy robusta, broca de hasta 20 mm<\/p>\n<p>Mesa deslizante FlexoDrill<br \/>\nEl centrado de papel con tope izquierdo retr\u00e1ctil permite una f\u00e1cil inserci\u00f3n de la pila de papel, se pueden seleccionar distancias de tope individuales o patrones de agujeros est\u00e1ndar con una sola palanca, 6 patrones de agujeros preestablecidos.<\/p>\n<p>Datos t\u00e9cnicos<br \/>\nAccionamiento manual de la carrera de perforaci\u00f3n<br \/>\nHusillo de perforaci\u00f3n 1<br \/>\nAltura de perforaci\u00f3n de hasta 6 cm (600 hojas de 80 g\/m\u00b2)<br \/>\nAnchura de inserci\u00f3n 470 mm<br \/>\nProfundidad de inserci\u00f3n 105 mm<br \/>\nDi\u00e1metro de la broca 2 mm &#8211; 20 mm<br \/>\nTiempo para 1 ciclo de trabajo dependiente del operador<br \/>\nConexi\u00f3n 230 V &#8211; 0,5 kW \/ 400 V &#8211; 0,5 kW<br \/>\nPeso 69 kg<br \/>\nDimensiones en mm (Al x An x Pr) 730 x 640 x 600<\/p>\n","protected":false},"excerpt":{"rendered":"<p>Perforaci\u00f3n de hasta 600 hojas, muy robusta, broca de hasta 20 mm Mesa deslizante FlexoDrill El centrado de papel con tope izquierdo retr\u00e1ctil permite una f\u00e1cil inserci\u00f3n de la pila de papel, se pueden seleccionar distancias de tope individuales o patrones de agujeros est\u00e1ndar con una sola palanca, 6 patrones de agujeros preestablecidos. Datos t\u00e9cnicos [&hellip;]<\/p>\n","protected":false},"featured_media":74290,"template":"","meta":[],"product_brand":[],"product_cat":[2956],"product_tag":[],"class_list":{"0":"post-90338","1":"product","2":"type-product","3":"status-publish","4":"has-post-thumbnail","6":"product_cat-taladros-de-papel","7":"pa_hersteller-ernst-nagel","8":"pa_typ-citoborma-190","10":"first","11":"instock","12":"taxable","13":"shipping-taxable","14":"purchasable","15":"product-type-simple"},"jetpack_sharing_enabled":true,"_links":{"self":[{"href":"https:\/\/www.3p-gmbh.de\/es\/wp-json\/wp\/v2\/product\/90338","targetHints":{"allow":["GET"]}}],"collection":[{"href":"https:\/\/www.3p-gmbh.de\/es\/wp-json\/wp\/v2\/product"}],"about":[{"href":"https:\/\/www.3p-gmbh.de\/es\/wp-json\/wp\/v2\/types\/product"}],"wp:featuredmedia":[{"embeddable":true,"href":"https:\/\/www.3p-gmbh.de\/es\/wp-json\/wp\/v2\/media\/74290"}],"wp:attachment":[{"href":"https:\/\/www.3p-gmbh.de\/es\/wp-json\/wp\/v2\/media?parent=90338"}],"wp:term":[{"taxonomy":"product_brand","embeddable":true,"href":"https:\/\/www.3p-gmbh.de\/es\/wp-json\/wp\/v2\/product_brand?post=90338"},{"taxonomy":"product_cat","embeddable":true,"href":"https:\/\/www.3p-gmbh.de\/es\/wp-json\/wp\/v2\/product_cat?post=90338"},{"taxonomy":"product_tag","embeddable":true,"href":"https:\/\/www.3p-gmbh.de\/es\/wp-json\/wp\/v2\/product_tag?post=90338"}],"curies":[{"name":"wp","href":"https:\/\/api.w.org\/{rel}","templated":true}]}}