{"id":90328,"date":"2019-11-07T15:51:35","date_gmt":"2019-11-07T15:51:35","guid":{"rendered":"https:\/\/www.3p-gmbh.de\/produkt\/horizon-afc-546-akt-plegadora-combinada-semiautomatica-regulable-con-salida-de-prensa-de-tablillas-horizon-pst-40\/"},"modified":"2019-11-07T15:51:35","modified_gmt":"2019-11-07T15:51:35","slug":"horizon-afc-546-act-part-automatic-adjustable-combination-folding-machine-with-shingle-press-delivery-horizon-pst-40","status":"publish","type":"product","link":"https:\/\/www.3p-gmbh.de\/es\/produkt\/horizon-afc-546-act-part-automatic-adjustable-combination-folding-machine-with-shingle-press-delivery-horizon-pst-40\/","title":{"rendered":"Horizon AFC-546 AKT Plegadora combinada semiautom\u00e1tica regulable con salida de prensa de tablillas Horizon PST-40"},"content":{"rendered":"<p>Sus ventajas<\/p>\n<p>Alimentador semiautom\u00e1tico hasta las placas de la hebilla<br \/>\nAjustes con una precisi\u00f3n de mil\u00e9simas de mil\u00edmetro<br \/>\nTecnolog\u00eda Touch&amp;work: central y f\u00e1cil de manejar<\/p>\n<p>&#8211; Unidad plegable con 6 bolsillos ajustables por motor<br \/>\n&#8211; 1 cuchilla plegable con ajuste totalmente autom\u00e1tico<br \/>\n&#8211; 2 bolsillos abatibles posteriores (izquierdo\/derecho)<br \/>\n&#8211; Tecnolog\u00eda Touch&amp; Work<br \/>\n&#8211; 17 tipos de pliegue est\u00e1ndar<br \/>\n&#8211; Memoria de trabajo: 200<br \/>\n&#8211; Control de doble hoja<br \/>\n&#8211; hoja de seguimiento de viajes<br \/>\n&#8211; Dispositivo de hendido y perforaci\u00f3n<\/p>\n<p>detalles t\u00e9cnicos:<br \/>\n&#8211; Potencia: m\u00e1x. 50.000 ciclos\/h<br \/>\n&#8211; Gramaje del papel: 40-250 g\/m\u00b2.<br \/>\n&#8211; Altura de apilado alimentador: 740 mm<br \/>\n&#8211; Formato: min. 128x148mm; m\u00e1x. 558x850mm<br \/>\n&#8211; Consumo: 2,7 kW<br \/>\n&#8211; Conexi\u00f3n el\u00e9ctrica: 400 V corriente trif\u00e1sica 50\/60 Hz<br \/>\n&#8211; Compresor T4.40<\/p>\n","protected":false},"excerpt":{"rendered":"<p>Sus ventajas Alimentador semiautom\u00e1tico hasta las placas de la hebilla Ajustes con una precisi\u00f3n de mil\u00e9simas de mil\u00edmetro Tecnolog\u00eda Touch&amp;work: central y f\u00e1cil de manejar &#8211; Unidad plegable con 6 bolsillos ajustables por motor &#8211; 1 cuchilla plegable con ajuste totalmente autom\u00e1tico &#8211; 2 bolsillos abatibles posteriores (izquierdo\/derecho) &#8211; Tecnolog\u00eda Touch&amp; Work &#8211; 17 tipos [&hellip;]<\/p>\n","protected":false},"featured_media":74362,"template":"","meta":[],"product_brand":[],"product_cat":[2982],"product_tag":[],"class_list":{"0":"post-90328","1":"product","2":"type-product","3":"status-publish","4":"has-post-thumbnail","6":"product_cat-plegadoras","7":"pa_hersteller-horizon","8":"pa_typ-afc-546-akt","10":"first","11":"instock","12":"taxable","13":"shipping-taxable","14":"purchasable","15":"product-type-simple"},"jetpack_sharing_enabled":true,"_links":{"self":[{"href":"https:\/\/www.3p-gmbh.de\/es\/wp-json\/wp\/v2\/product\/90328","targetHints":{"allow":["GET"]}}],"collection":[{"href":"https:\/\/www.3p-gmbh.de\/es\/wp-json\/wp\/v2\/product"}],"about":[{"href":"https:\/\/www.3p-gmbh.de\/es\/wp-json\/wp\/v2\/types\/product"}],"wp:featuredmedia":[{"embeddable":true,"href":"https:\/\/www.3p-gmbh.de\/es\/wp-json\/wp\/v2\/media\/74362"}],"wp:attachment":[{"href":"https:\/\/www.3p-gmbh.de\/es\/wp-json\/wp\/v2\/media?parent=90328"}],"wp:term":[{"taxonomy":"product_brand","embeddable":true,"href":"https:\/\/www.3p-gmbh.de\/es\/wp-json\/wp\/v2\/product_brand?post=90328"},{"taxonomy":"product_cat","embeddable":true,"href":"https:\/\/www.3p-gmbh.de\/es\/wp-json\/wp\/v2\/product_cat?post=90328"},{"taxonomy":"product_tag","embeddable":true,"href":"https:\/\/www.3p-gmbh.de\/es\/wp-json\/wp\/v2\/product_tag?post=90328"}],"curies":[{"name":"wp","href":"https:\/\/api.w.org\/{rel}","templated":true}]}}