{"id":90319,"date":"2019-11-08T09:17:15","date_gmt":"2019-11-08T09:17:15","guid":{"rendered":"https:\/\/www.3p-gmbh.de\/produkt\/biluva-kl-2900-humidificador-de-frio\/"},"modified":"2019-11-08T09:17:15","modified_gmt":"2019-11-08T09:17:15","slug":"biluva-kl-2900-cold-humidificador","status":"publish","type":"product","link":"https:\/\/www.3p-gmbh.de\/es\/produkt\/biluva-kl-2900-cold-humidificador\/","title":{"rendered":"BiLuVa KL-2900 Humidificador de fr\u00edo"},"content":{"rendered":"<p>La humidificaci\u00f3n del aire fr\u00edo mediante sistemas de humidificaci\u00f3n del aire es esencial en el tratamiento del papel y en muchos otros sectores industriales.<\/p>\n<p>Adecuado para un volumen de sala de hasta 2900 m\u00b3 como m\u00e1ximo<br \/>\nincl. Intercambio de aire<\/p>\n<p>PxAlxAn (mm): 850 x 530 x 800<\/p>\n<p>Datos el\u00e9ctricos:<br \/>\n230 vatios<br \/>\n230 V \/ 50 Hz, 1,1 A (16 A por poco tiempo)<\/p>\n<p>Peso en seco\/h\u00famedo: 46\/52 kg<\/p>\n<p>Humidificador en fr\u00edo: la \u00faltima tecnolog\u00eda de Binder<br \/>\nTras una intensa observaci\u00f3n del mercado, hemos desarrollado un sistema completamente nuevo para los sistemas de humidificaci\u00f3n del aire en la industria y el comercio:<br \/>\nHumidificaci\u00f3n del aire por evaporaci\u00f3n en fr\u00edo: un proceso natural para aumentar la humedad del aire que funciona con la calidad del agua potable, es decir, sin la conexi\u00f3n previa de un sistema de ablandamiento.<\/p>\n<p>Ventajas para el cliente:<\/p>\n<ul>\n<li>Extremadamente compacto y potente<\/li>\n<li>No hay riesgo de sobresaturaci\u00f3n del aire<\/li>\n<li>Bajos costes de explotaci\u00f3n<\/li>\n<li>Cambio autom\u00e1tico regular del agua<\/li>\n<li>Sistema de humidificaci\u00f3n controlado digitalmente<\/li>\n<li>Seguro e higi\u00e9nico, refresca y limpia<\/li>\n<li>Bajo nivel de ruido<\/li>\n<li>F\u00e1cil de manejar<\/li>\n<li>F\u00e1cil de instalar en cualquier lugar<\/li>\n<li>Seguridad probada GS \/ DGUV<\/li>\n<\/ul>\n","protected":false},"excerpt":{"rendered":"<p>La humidificaci\u00f3n del aire fr\u00edo mediante sistemas de humidificaci\u00f3n del aire es esencial en el tratamiento del papel y en muchos otros sectores industriales. Adecuado para un volumen de sala de hasta 2900 m\u00b3 como m\u00e1ximo incl. Intercambio de aire PxAlxAn (mm): 850 x 530 x 800 Datos el\u00e9ctricos: 230 vatios 230 V \/ 50 [&hellip;]<\/p>\n","protected":false},"featured_media":74422,"template":"","meta":[],"product_brand":[],"product_cat":[2946],"product_tag":[],"class_list":{"0":"post-90319","1":"product","2":"type-product","3":"status-publish","4":"has-post-thumbnail","6":"product_cat-otra-maquinaria-y-equipos","7":"pa_hersteller-biluva","8":"pa_typ-kl-2900","10":"first","11":"instock","12":"taxable","13":"shipping-taxable","14":"purchasable","15":"product-type-simple"},"jetpack_sharing_enabled":true,"_links":{"self":[{"href":"https:\/\/www.3p-gmbh.de\/es\/wp-json\/wp\/v2\/product\/90319","targetHints":{"allow":["GET"]}}],"collection":[{"href":"https:\/\/www.3p-gmbh.de\/es\/wp-json\/wp\/v2\/product"}],"about":[{"href":"https:\/\/www.3p-gmbh.de\/es\/wp-json\/wp\/v2\/types\/product"}],"wp:featuredmedia":[{"embeddable":true,"href":"https:\/\/www.3p-gmbh.de\/es\/wp-json\/wp\/v2\/media\/74422"}],"wp:attachment":[{"href":"https:\/\/www.3p-gmbh.de\/es\/wp-json\/wp\/v2\/media?parent=90319"}],"wp:term":[{"taxonomy":"product_brand","embeddable":true,"href":"https:\/\/www.3p-gmbh.de\/es\/wp-json\/wp\/v2\/product_brand?post=90319"},{"taxonomy":"product_cat","embeddable":true,"href":"https:\/\/www.3p-gmbh.de\/es\/wp-json\/wp\/v2\/product_cat?post=90319"},{"taxonomy":"product_tag","embeddable":true,"href":"https:\/\/www.3p-gmbh.de\/es\/wp-json\/wp\/v2\/product_tag?post=90319"}],"curies":[{"name":"wp","href":"https:\/\/api.w.org\/{rel}","templated":true}]}}