{"id":90282,"date":"2019-11-11T10:42:41","date_gmt":"2019-11-11T10:42:41","guid":{"rendered":"https:\/\/www.3p-gmbh.de\/produkt\/plegadora-de-dos-bolsillos-eurofold-235\/"},"modified":"2019-11-11T10:42:41","modified_gmt":"2019-11-11T10:42:41","slug":"eurofold-235-plegadora-de-dos-bolsillos","status":"publish","type":"product","link":"https:\/\/www.3p-gmbh.de\/es\/produkt\/eurofold-235-plegadora-de-dos-bolsillos\/","title":{"rendered":"Plegadora de dos bolsillos EUROFOLD 235"},"content":{"rendered":"<p>M\u00e1quina compuesta por:<\/p>\n<p>-Difusor de aspiraci\u00f3n bajo el suelo con aspiraci\u00f3n\/impulsi\u00f3n de aire<br \/>\n-Falzagreggat 235 con 2 bolsillos plegables 35cm<br \/>\n-Contador EF-2000<br \/>\n-entrega motorizada de cobertizos<br \/>\n-bomba de vac\u00edo<\/p>\n<p>Tama\u00f1o del papel: 90 x 120 mm (m\u00edn.)<br \/>\nTama\u00f1o del papel: 350 x 650 mm (m\u00e1x.)<br \/>\nGramaje: 40 &#8211; 240 g\/m\u00b2.<br \/>\nVelocidad: hasta 30.000 hojas\/hora<br \/>\nLongitud del pliegue: 20 mm (m\u00edn.)<br \/>\nLongitud de plegado: 425 mm (m\u00e1x.)<br \/>\nConexi\u00f3n 220 \/ 240V Frecuencia: 50HZ<br \/>\nProtecci\u00f3n por fusible: m\u00e1x. 16 Amp.<\/p>\n","protected":false},"excerpt":{"rendered":"<p>M\u00e1quina compuesta por: -Difusor de aspiraci\u00f3n bajo el suelo con aspiraci\u00f3n\/impulsi\u00f3n de aire -Falzagreggat 235 con 2 bolsillos plegables 35cm -Contador EF-2000 -entrega motorizada de cobertizos -bomba de vac\u00edo Tama\u00f1o del papel: 90 x 120 mm (m\u00edn.) Tama\u00f1o del papel: 350 x 650 mm (m\u00e1x.) Gramaje: 40 &#8211; 240 g\/m\u00b2. Velocidad: hasta 30.000 hojas\/hora Longitud [&hellip;]<\/p>\n","protected":false},"featured_media":74683,"template":"","meta":[],"product_brand":[],"product_cat":[2982],"product_tag":[],"class_list":{"0":"post-90282","1":"product","2":"type-product","3":"status-publish","4":"has-post-thumbnail","6":"product_cat-plegadoras","7":"pa_hersteller-eurofold","8":"pa_typ-eurofold-235","10":"first","11":"instock","12":"taxable","13":"shipping-taxable","14":"purchasable","15":"product-type-simple"},"jetpack_sharing_enabled":true,"_links":{"self":[{"href":"https:\/\/www.3p-gmbh.de\/es\/wp-json\/wp\/v2\/product\/90282","targetHints":{"allow":["GET"]}}],"collection":[{"href":"https:\/\/www.3p-gmbh.de\/es\/wp-json\/wp\/v2\/product"}],"about":[{"href":"https:\/\/www.3p-gmbh.de\/es\/wp-json\/wp\/v2\/types\/product"}],"wp:featuredmedia":[{"embeddable":true,"href":"https:\/\/www.3p-gmbh.de\/es\/wp-json\/wp\/v2\/media\/74683"}],"wp:attachment":[{"href":"https:\/\/www.3p-gmbh.de\/es\/wp-json\/wp\/v2\/media?parent=90282"}],"wp:term":[{"taxonomy":"product_brand","embeddable":true,"href":"https:\/\/www.3p-gmbh.de\/es\/wp-json\/wp\/v2\/product_brand?post=90282"},{"taxonomy":"product_cat","embeddable":true,"href":"https:\/\/www.3p-gmbh.de\/es\/wp-json\/wp\/v2\/product_cat?post=90282"},{"taxonomy":"product_tag","embeddable":true,"href":"https:\/\/www.3p-gmbh.de\/es\/wp-json\/wp\/v2\/product_tag?post=90282"}],"curies":[{"name":"wp","href":"https:\/\/api.w.org\/{rel}","templated":true}]}}