{"id":90280,"date":"2019-11-11T10:08:30","date_gmt":"2019-11-11T10:08:30","guid":{"rendered":"https:\/\/www.3p-gmbh.de\/produkt\/jungheinrich-ant-jf\/"},"modified":"2019-11-11T10:08:30","modified_gmt":"2019-11-11T10:08:30","slug":"jungheinrich-ameise-jf","status":"publish","type":"product","link":"https:\/\/www.3p-gmbh.de\/es\/produkt\/jungheinrich-ameise-jf\/","title":{"rendered":"Jungheinrich Ant JF"},"content":{"rendered":"<p>-Cami\u00f3n elevador de tijera Ant\u00ae con barra de tracci\u00f3n premium.<br \/>\n-capacidad de carga 1000kg<br \/>\n-Elevaci\u00f3n r\u00e1pida manual, elevaci\u00f3n a una altura ergon\u00f3mica de 80 cm (borde superior de la horquilla) mediante &#8211; carrera de la barra de tracci\u00f3n\/pedal de pie.<br \/>\n&#8211; Bajada sensible.<\/p>\n<p>Rodillos de horquilla simple de nailon: marcha suave y resistente al desgaste<br \/>\n\u00c1ngulo de direcci\u00f3n 2 x 90\u00b0: giro c\u00f3modo de la carretilla elevadora de tijera<\/p>\n","protected":false},"excerpt":{"rendered":"<p>-Cami\u00f3n elevador de tijera Ant\u00ae con barra de tracci\u00f3n premium. -capacidad de carga 1000kg -Elevaci\u00f3n r\u00e1pida manual, elevaci\u00f3n a una altura ergon\u00f3mica de 80 cm (borde superior de la horquilla) mediante &#8211; carrera de la barra de tracci\u00f3n\/pedal de pie. &#8211; Bajada sensible. Rodillos de horquilla simple de nailon: marcha suave y resistente al desgaste [&hellip;]<\/p>\n","protected":false},"featured_media":74656,"template":"","meta":[],"product_brand":[],"product_cat":[2858],"product_tag":[],"class_list":{"0":"post-90280","1":"product","2":"type-product","3":"status-publish","4":"has-post-thumbnail","6":"product_cat-carretillas-industriales","7":"pa_hersteller-jungheinrich","8":"pa_typ-ameise-jf","10":"first","11":"instock","12":"taxable","13":"shipping-taxable","14":"purchasable","15":"product-type-simple"},"jetpack_sharing_enabled":true,"_links":{"self":[{"href":"https:\/\/www.3p-gmbh.de\/es\/wp-json\/wp\/v2\/product\/90280","targetHints":{"allow":["GET"]}}],"collection":[{"href":"https:\/\/www.3p-gmbh.de\/es\/wp-json\/wp\/v2\/product"}],"about":[{"href":"https:\/\/www.3p-gmbh.de\/es\/wp-json\/wp\/v2\/types\/product"}],"wp:featuredmedia":[{"embeddable":true,"href":"https:\/\/www.3p-gmbh.de\/es\/wp-json\/wp\/v2\/media\/74656"}],"wp:attachment":[{"href":"https:\/\/www.3p-gmbh.de\/es\/wp-json\/wp\/v2\/media?parent=90280"}],"wp:term":[{"taxonomy":"product_brand","embeddable":true,"href":"https:\/\/www.3p-gmbh.de\/es\/wp-json\/wp\/v2\/product_brand?post=90280"},{"taxonomy":"product_cat","embeddable":true,"href":"https:\/\/www.3p-gmbh.de\/es\/wp-json\/wp\/v2\/product_cat?post=90280"},{"taxonomy":"product_tag","embeddable":true,"href":"https:\/\/www.3p-gmbh.de\/es\/wp-json\/wp\/v2\/product_tag?post=90280"}],"curies":[{"name":"wp","href":"https:\/\/api.w.org\/{rel}","templated":true}]}}