{"id":90269,"date":"2019-11-11T15:14:17","date_gmt":"2019-11-11T15:14:17","guid":{"rendered":"https:\/\/www.3p-gmbh.de\/produkt\/compresor-caircool-whisper-suministro-de-aire-comprimido\/"},"modified":"2019-11-11T15:14:17","modified_gmt":"2019-11-11T15:14:17","slug":"caircool-fluester-compressor-air-supply","status":"publish","type":"product","link":"https:\/\/www.3p-gmbh.de\/es\/produkt\/caircool-fluester-compressor-air-supply\/","title":{"rendered":"Compresor Caircool Whisper &#8211; Suministro de aire comprimido"},"content":{"rendered":"<p>S\u00f3lo 337 horas de trabajo<br \/>\nPresi\u00f3n 16 bar<br \/>\nDep\u00f3sito de 100 litros<\/p>\n","protected":false},"excerpt":{"rendered":"<p>S\u00f3lo 337 horas de trabajo Presi\u00f3n 16 bar Dep\u00f3sito de 100 litros<\/p>\n","protected":false},"featured_media":74752,"template":"","meta":[],"product_brand":[],"product_cat":[2929],"product_tag":[],"class_list":{"0":"post-90269","1":"product","2":"type-product","3":"status-publish","4":"has-post-thumbnail","6":"product_cat-compresores-y-bombas-de-vacio","7":"pa_hersteller-caircool","9":"first","10":"instock","11":"taxable","12":"shipping-taxable","13":"purchasable","14":"product-type-simple"},"jetpack_sharing_enabled":true,"_links":{"self":[{"href":"https:\/\/www.3p-gmbh.de\/es\/wp-json\/wp\/v2\/product\/90269","targetHints":{"allow":["GET"]}}],"collection":[{"href":"https:\/\/www.3p-gmbh.de\/es\/wp-json\/wp\/v2\/product"}],"about":[{"href":"https:\/\/www.3p-gmbh.de\/es\/wp-json\/wp\/v2\/types\/product"}],"wp:featuredmedia":[{"embeddable":true,"href":"https:\/\/www.3p-gmbh.de\/es\/wp-json\/wp\/v2\/media\/74752"}],"wp:attachment":[{"href":"https:\/\/www.3p-gmbh.de\/es\/wp-json\/wp\/v2\/media?parent=90269"}],"wp:term":[{"taxonomy":"product_brand","embeddable":true,"href":"https:\/\/www.3p-gmbh.de\/es\/wp-json\/wp\/v2\/product_brand?post=90269"},{"taxonomy":"product_cat","embeddable":true,"href":"https:\/\/www.3p-gmbh.de\/es\/wp-json\/wp\/v2\/product_cat?post=90269"},{"taxonomy":"product_tag","embeddable":true,"href":"https:\/\/www.3p-gmbh.de\/es\/wp-json\/wp\/v2\/product_tag?post=90269"}],"curies":[{"name":"wp","href":"https:\/\/api.w.org\/{rel}","templated":true}]}}