{"id":90262,"date":"2019-11-12T08:51:24","date_gmt":"2019-11-12T08:51:24","guid":{"rendered":"https:\/\/www.3p-gmbh.de\/produkt\/punzonadora-hidraulica-de-brazo-articulado-atlas\/"},"modified":"2019-11-12T08:51:24","modified_gmt":"2019-11-12T08:51:24","slug":"punzonadora-de-brazo-giratorio-hidraulica-atlas","status":"publish","type":"product","link":"https:\/\/www.3p-gmbh.de\/es\/produkt\/punzonadora-de-brazo-giratorio-hidraulica-atlas\/","title":{"rendered":"Punzonadora hidr\u00e1ulica de brazo articulado Atlas"},"content":{"rendered":"<p>Tama\u00f1o de perforaci\u00f3n 55 x 55 cm<br \/>\nLas punzonadoras de carga manual de material y utillaje son especialmente adecuadas para lotes peque\u00f1os o piezas de dimensiones reducidas.<\/p>\n<p>Superficie de perforaci\u00f3n giratoria<br \/>\nMesa de apoyo aprox.50x100cm<\/p>\n","protected":false},"excerpt":{"rendered":"<p>Tama\u00f1o de perforaci\u00f3n 55 x 55 cm Las punzonadoras de carga manual de material y utillaje son especialmente adecuadas para lotes peque\u00f1os o piezas de dimensiones reducidas. Superficie de perforaci\u00f3n giratoria Mesa de apoyo aprox.50x100cm<\/p>\n","protected":false},"featured_media":74803,"template":"","meta":[],"product_brand":[],"product_cat":[2910],"product_tag":[],"class_list":{"0":"post-90262","1":"product","2":"type-product","3":"status-publish","4":"has-post-thumbnail","6":"product_cat-perforacion","7":"pa_hersteller-atlas-copco","9":"first","10":"instock","11":"taxable","12":"shipping-taxable","13":"purchasable","14":"product-type-simple"},"jetpack_sharing_enabled":true,"_links":{"self":[{"href":"https:\/\/www.3p-gmbh.de\/es\/wp-json\/wp\/v2\/product\/90262","targetHints":{"allow":["GET"]}}],"collection":[{"href":"https:\/\/www.3p-gmbh.de\/es\/wp-json\/wp\/v2\/product"}],"about":[{"href":"https:\/\/www.3p-gmbh.de\/es\/wp-json\/wp\/v2\/types\/product"}],"wp:featuredmedia":[{"embeddable":true,"href":"https:\/\/www.3p-gmbh.de\/es\/wp-json\/wp\/v2\/media\/74803"}],"wp:attachment":[{"href":"https:\/\/www.3p-gmbh.de\/es\/wp-json\/wp\/v2\/media?parent=90262"}],"wp:term":[{"taxonomy":"product_brand","embeddable":true,"href":"https:\/\/www.3p-gmbh.de\/es\/wp-json\/wp\/v2\/product_brand?post=90262"},{"taxonomy":"product_cat","embeddable":true,"href":"https:\/\/www.3p-gmbh.de\/es\/wp-json\/wp\/v2\/product_cat?post=90262"},{"taxonomy":"product_tag","embeddable":true,"href":"https:\/\/www.3p-gmbh.de\/es\/wp-json\/wp\/v2\/product_tag?post=90262"}],"curies":[{"name":"wp","href":"https:\/\/api.w.org\/{rel}","templated":true}]}}