{"id":90248,"date":"2021-01-28T15:29:08","date_gmt":"2021-01-28T15:29:08","guid":{"rendered":"https:\/\/www.3p-gmbh.de\/produkt\/envasadora-kallfass-superwrap-650-con-tunel-de-retraccion-kallfass-universal-650-hv\/"},"modified":"2021-01-28T15:29:08","modified_gmt":"2021-01-28T15:29:08","slug":"tightpacker-calf-barrel-superwrap-650-con-calf-barrel-shrink-tunel-universal-650-hv","status":"publish","type":"product","link":"https:\/\/www.3p-gmbh.de\/es\/produkt\/tightpacker-calf-barrel-superwrap-650-con-calf-barrel-shrink-tunel-universal-650-hv\/","title":{"rendered":"Envasadora Kallfass Superwrap 650 con t\u00fanel de retracci\u00f3n Kallfass Universal 650 HV"},"content":{"rendered":"<div><span style=\"font-family: Arial;\"><span style=\"color: #008000;\"><strong>Enfardadora totalmente autom\u00e1tica Kallfass Superwrap 650 Inline con t\u00fanel de retractilado Universal 650 HV con refrigeraci\u00f3n despu\u00e9s del retractilado<\/strong><\/span><\/span><\/div>\n<div><span style=\"color: #008000; font-family: Arial;\"><strong>de yr. 2004<\/strong><\/span><span style=\"font-family: Arial;\"><span style=\"color: #008000;\"><strong><br \/>\n<\/strong><\/span><\/span><\/div>\n<div><span style=\"font-family: Arial;\">Con aplicaciones vers\u00e1tiles Tarros, latas, cajas, conservas, pilas de productos y contenedores de productos con y sin bandeja<\/span><\/div>\n<div><span style=\"font-family: Arial;\">est\u00e1n en buenas manos con el Super Wrap.<\/span><\/div>\n<div><span style=\"font-family: Arial;\">La enfajadora tambi\u00e9n impresiona por su rapidez y fiabilidad.<\/span><\/div>\n<div><span style=\"font-family: Arial;\">Datos t\u00e9cnicos:<\/span><\/div>\n<div><\/div>\n<div><span style=\"font-family: Arial;\">Tipo de envase: Bandolera<br \/>\nRendimiento de envasado: hasta 15 ciclos\/min.<br \/>\nGama de formatos: Anchura de paso: 650 mm<br \/>\nAltura del difusor, ajustable: 100 &#8211; 400 mm<\/span><\/div>\n<div><\/div>\n<div><a href=\"https:\/\/www.3p-gmbh.de\/wp-content\/uploads\/2021\/01\/Kallfass-SuperWrap.pdf\">Kallfass SuperWrap<\/a><\/div>\n","protected":false},"excerpt":{"rendered":"<p>Enfardadora totalmente autom\u00e1tica Kallfass Superwrap 650 Inline con t\u00fanel de retractilado Universal 650 HV con refrigeraci\u00f3n despu\u00e9s del retractilado de yr. 2004 Con aplicaciones vers\u00e1tiles Tarros, latas, cajas, conservas, pilas de productos y contenedores de productos con y sin bandeja est\u00e1n en buenas manos con el Super Wrap. La enfajadora tambi\u00e9n impresiona por su rapidez [&hellip;]<\/p>\n","protected":false},"featured_media":79162,"template":"","meta":[],"product_brand":[],"product_cat":[3028],"product_tag":[],"class_list":{"0":"post-90248","1":"product","2":"type-product","3":"status-publish","4":"has-post-thumbnail","6":"product_cat-envasadora-de-film-y-envasadora-estirable","7":"pa_hersteller-kallfass","8":"pa_typ-superwrap-650-mit-standard-650-n","10":"first","11":"instock","12":"taxable","13":"shipping-taxable","14":"product-type-simple"},"jetpack_sharing_enabled":true,"_links":{"self":[{"href":"https:\/\/www.3p-gmbh.de\/es\/wp-json\/wp\/v2\/product\/90248","targetHints":{"allow":["GET"]}}],"collection":[{"href":"https:\/\/www.3p-gmbh.de\/es\/wp-json\/wp\/v2\/product"}],"about":[{"href":"https:\/\/www.3p-gmbh.de\/es\/wp-json\/wp\/v2\/types\/product"}],"wp:featuredmedia":[{"embeddable":true,"href":"https:\/\/www.3p-gmbh.de\/es\/wp-json\/wp\/v2\/media\/79162"}],"wp:attachment":[{"href":"https:\/\/www.3p-gmbh.de\/es\/wp-json\/wp\/v2\/media?parent=90248"}],"wp:term":[{"taxonomy":"product_brand","embeddable":true,"href":"https:\/\/www.3p-gmbh.de\/es\/wp-json\/wp\/v2\/product_brand?post=90248"},{"taxonomy":"product_cat","embeddable":true,"href":"https:\/\/www.3p-gmbh.de\/es\/wp-json\/wp\/v2\/product_cat?post=90248"},{"taxonomy":"product_tag","embeddable":true,"href":"https:\/\/www.3p-gmbh.de\/es\/wp-json\/wp\/v2\/product_tag?post=90248"}],"curies":[{"name":"wp","href":"https:\/\/api.w.org\/{rel}","templated":true}]}}