{"id":90231,"date":"2021-01-28T16:04:44","date_gmt":"2021-01-28T16:04:44","guid":{"rendered":"https:\/\/www.3p-gmbh.de\/produkt\/plegadora-de-mapas-herzog-heymann-m7-10-35-m7-4-58-alimentador-de-pila-plana-mbo-f-76-solo-entrega-movil-de-hojas-verticales-371\/"},"modified":"2021-01-28T16:04:44","modified_gmt":"2021-01-28T16:04:44","slug":"landcard-folding-machine-herzog-heymann-m7-10-35-m7-4-58-flat-stack-feeder-mbo-f-76-solo-mobile-standing-sheet-delivery-371","status":"publish","type":"product","link":"https:\/\/www.3p-gmbh.de\/es\/produkt\/landcard-folding-machine-herzog-heymann-m7-10-35-m7-4-58-flat-stack-feeder-mbo-f-76-solo-mobile-standing-sheet-delivery-371\/","title":{"rendered":"Plegadora de mapas Herzog &amp; Heymann M7.10-35 + M7.4-58 + alimentador de pila plana MBO F 76 Solo &#8211; entrega m\u00f3vil de hojas verticales 371"},"content":{"rendered":"<div><span style=\"color: #0000ff; font-family: Arial;\"><strong>Plegadora de mapas Herzog &amp; Heymann M7.10-35 + M7.4-58 + alimentador de pila plana MBO F 76 Solo &#8211; entrega m\u00f3vil de hojas verticales 371<\/strong><\/span><\/div>\n<div><span style=\"color: #0000ff; font-family: Arial;\"><strong>A\u00f1o de fabricaci\u00f3n 2006<\/strong><\/span><\/div>\n<div><\/div>\n<div><span style=\"font-family: Arial;\">Alimentador de pila plana MBO F 76 Solo<\/span><\/div>\n<div><span style=\"font-family: Arial;\">Formato: m\u00e1x.760&#215;1020 mm<\/span><\/div>\n<div><span style=\"font-family: Arial;\">Altura de apilado: 600 mm<\/span><\/div>\n<div><span style=\"font-family: Arial;\">Peso m\u00e1ximo de apilado 1500kg<\/span><\/div>\n<div><span style=\"font-family: Arial;\">Tensi\u00f3n de red: 230\/400 V\/50 Hz<\/span><\/div>\n<div><span style=\"font-family: Arial;\">Tensi\u00f3n de control: 24 V, CC<\/span><\/div>\n<div><span style=\"font-family: Arial;\">Bomba de presi\u00f3n y vac\u00edo<\/span><\/div>\n<div><\/div>\n<div><span style=\"color: #ff0000;\"><span style=\"font-family: Arial;\">1. unidad de plegado Herzog &amp; Heymann M7-35 <\/span><span style=\"font-family: Arial;\">con 10 placas de hebilla ancho de entrada 76cm<\/span><\/span><\/div>\n<div><span style=\"font-family: Arial;\">Di\u00e1metro del rollo 35 mm, pliegue m\u00e1s peque\u00f1o 30 mm<\/span><\/div>\n<div><span style=\"font-family: Arial;\">ejes de corte descendentes<\/span><\/div>\n<div><span style=\"font-family: Arial;\">Protecci\u00f3n contra el ruido<\/span><\/div>\n<div><\/div>\n<div><span style=\"color: #ff0000; font-family: Arial;\">tabla de transferencia capturable 830<\/span><\/div>\n<div><\/div>\n<div><span style=\"font-family: Arial;\"><span style=\"color: #ff0000;\">2. Unidad m\u00f3vil de plegado Herzog &amp; Heymann M7-58.2<\/span><br \/>\ncon 2 bolsillos abatibles Anchura de entrada 56cm<\/span><\/div>\n<div><span style=\"font-family: Arial;\">Doble eje de corte descendente<\/span><\/div>\n<div><span style=\"font-family: Arial;\">Protecci\u00f3n contra el ruido<\/span><\/div>\n<div><\/div>\n<div>\n<div><span style=\"color: #ff0000; font-family: Arial;\">mesa de transferencia m\u00f3vil 830<\/span><\/div>\n<div><\/div>\n<\/div>\n<div><span style=\"font-family: Arial;\"><span style=\"color: #ff0000;\">bipedestador m\u00f3vil de altura regulable 371<\/span><\/span><\/div>\n","protected":false},"excerpt":{"rendered":"<p>Plegadora de mapas Herzog &amp; Heymann M7.10-35 + M7.4-58 + alimentador de pila plana MBO F 76 Solo &#8211; entrega m\u00f3vil de hojas verticales 371 A\u00f1o de fabricaci\u00f3n 2006 Alimentador de pila plana MBO F 76 Solo Formato: m\u00e1x.760&#215;1020 mm Altura de apilado: 600 mm Peso m\u00e1ximo de apilado 1500kg Tensi\u00f3n de red: 230\/400 V\/50 [&hellip;]<\/p>\n","protected":false},"featured_media":79267,"template":"","meta":[],"product_brand":[],"product_cat":[2982],"product_tag":[],"class_list":{"0":"post-90231","1":"product","2":"type-product","3":"status-publish","4":"has-post-thumbnail","6":"product_cat-plegadoras","7":"pa_hersteller-herzog-heymann","8":"pa_typ-2111","9":"pa_typ-f-76-solo","10":"pa_typ-m7-10-35","11":"pa_typ-m7-4-58","13":"first","14":"instock","15":"taxable","16":"shipping-taxable","17":"product-type-simple"},"jetpack_sharing_enabled":true,"_links":{"self":[{"href":"https:\/\/www.3p-gmbh.de\/es\/wp-json\/wp\/v2\/product\/90231","targetHints":{"allow":["GET"]}}],"collection":[{"href":"https:\/\/www.3p-gmbh.de\/es\/wp-json\/wp\/v2\/product"}],"about":[{"href":"https:\/\/www.3p-gmbh.de\/es\/wp-json\/wp\/v2\/types\/product"}],"wp:featuredmedia":[{"embeddable":true,"href":"https:\/\/www.3p-gmbh.de\/es\/wp-json\/wp\/v2\/media\/79267"}],"wp:attachment":[{"href":"https:\/\/www.3p-gmbh.de\/es\/wp-json\/wp\/v2\/media?parent=90231"}],"wp:term":[{"taxonomy":"product_brand","embeddable":true,"href":"https:\/\/www.3p-gmbh.de\/es\/wp-json\/wp\/v2\/product_brand?post=90231"},{"taxonomy":"product_cat","embeddable":true,"href":"https:\/\/www.3p-gmbh.de\/es\/wp-json\/wp\/v2\/product_cat?post=90231"},{"taxonomy":"product_tag","embeddable":true,"href":"https:\/\/www.3p-gmbh.de\/es\/wp-json\/wp\/v2\/product_tag?post=90231"}],"curies":[{"name":"wp","href":"https:\/\/api.w.org\/{rel}","templated":true}]}}