{"id":90208,"date":"2021-02-15T09:51:44","date_gmt":"2021-02-15T09:51:44","guid":{"rendered":"https:\/\/www.3p-gmbh.de\/produkt\/bacciotini-pit-stop-mini-36-binderhaus-r-36-ranuradora-incisora-y-perforadora-automatica\/"},"modified":"2021-02-15T09:51:44","modified_gmt":"2021-02-15T09:51:44","slug":"bacciotini-pit-stop-mini-36-bindery-r-36-automatic-groove-groove-and-perforating-machine","status":"publish","type":"product","link":"https:\/\/www.3p-gmbh.de\/es\/produkt\/bacciotini-pit-stop-mini-36-bindery-r-36-automatic-groove-groove-and-perforating-machine\/","title":{"rendered":"Bacciotini Pit Stop Mini 36 \/ Binderhaus R 36 ranuradora, incisora y perforadora autom\u00e1tica"},"content":{"rendered":"<div><span style=\"font-family: Arial;\"><span style=\"color: #0000ff;\"><span style=\"font-size: large;\"><strong>Bacciotini Pit Stop Mini 36<\/strong><\/span><\/span><\/span><\/div>\n<div><span style=\"font-family: Arial;\"><span style=\"color: #0000ff;\"><span style=\"font-size: large;\"><strong>de yr. 2009<br \/>\nM\u00e1quina hendidora y perforadora OEM Binderhaus R 36<br \/>\ncon 3 herramientas intercambiables para ranurar \/ hender, perforar y microperforar<\/strong><\/span><\/span><\/span><\/div>\n<div><span style=\"font-size: large;\"><span style=\"color: #ff0000; font-family: Arial;\">   <\/span><br \/>\n<\/span><span style=\"font-family: Arial; font-size: large;\">Modelo b\u00e1sico para ranurar, rayar, perforar y microperforar hasta 36 cm de ancho.<br \/>\nEl alimentador por succi\u00f3n ofrece una capacidad de hasta 50 mm y tambi\u00e9n separa la impresi\u00f3n digital sensible y la impresi\u00f3n offset de forma segura y cuidadosa.<br \/>\nLa ranuradora procesa hojas de hasta 36 cm de ancho con una longitud m\u00e1xima de hoja de 200 cm.<br \/>\nSe pueden realizar hasta 20 ranuras por hoja.<br \/>\nLa precisi\u00f3n de posicionamiento es de 0,1 mm.<\/span><\/div>\n<div>\n<p><span style=\"font-family: Arial; font-size: large;\">Ranurado y rayado con 6.500 horas<\/span><\/p>\n<p>Para la impresi\u00f3n digital, la impresi\u00f3n offset y las encuadernadoras con tiradas peque\u00f1as o que cambian con frecuencia, la hendidora R36 es ideal gracias a su<\/p>\n<\/div>\n<div><span style=\"font-family: Arial;\"><span style=\"font-size: large;\">su breve tiempo de preparaci\u00f3n, de s\u00f3lo 1 minuto aproximadamente, es \u00f3ptimo.<br \/>\nUn cambio de herramienta dura unos 15 segundos.<br \/>\n<\/span><\/span><\/div>\n<div><a href=\"https:\/\/youtu.be\/CwlcL57CBc4\">https:\/\/youtu.be\/CwlcL57CBc4<\/a><\/div>\n","protected":false},"excerpt":{"rendered":"<p>Bacciotini Pit Stop Mini 36 de yr. 2009 M\u00e1quina hendidora y perforadora OEM Binderhaus R 36 con 3 herramientas intercambiables para ranurar \/ hender, perforar y microperforar Modelo b\u00e1sico para ranurar, rayar, perforar y microperforar hasta 36 cm de ancho. El alimentador por succi\u00f3n ofrece una capacidad de hasta 50 mm y tambi\u00e9n separa la [&hellip;]<\/p>\n","protected":false},"featured_media":79516,"template":"","meta":[],"product_brand":[],"product_cat":[2959],"product_tag":[],"class_list":{"0":"post-90208","1":"product","2":"type-product","3":"status-publish","4":"has-post-thumbnail","6":"product_cat-maquinas-ranuradoras-y-perforadoras","7":"pa_hersteller-bacciotini","8":"pa_hersteller-binderhaus","9":"pa_typ-pit-stop-mini-36","10":"pa_typ-r-36","12":"first","13":"instock","14":"taxable","15":"shipping-taxable","16":"product-type-simple"},"jetpack_sharing_enabled":true,"_links":{"self":[{"href":"https:\/\/www.3p-gmbh.de\/es\/wp-json\/wp\/v2\/product\/90208","targetHints":{"allow":["GET"]}}],"collection":[{"href":"https:\/\/www.3p-gmbh.de\/es\/wp-json\/wp\/v2\/product"}],"about":[{"href":"https:\/\/www.3p-gmbh.de\/es\/wp-json\/wp\/v2\/types\/product"}],"wp:featuredmedia":[{"embeddable":true,"href":"https:\/\/www.3p-gmbh.de\/es\/wp-json\/wp\/v2\/media\/79516"}],"wp:attachment":[{"href":"https:\/\/www.3p-gmbh.de\/es\/wp-json\/wp\/v2\/media?parent=90208"}],"wp:term":[{"taxonomy":"product_brand","embeddable":true,"href":"https:\/\/www.3p-gmbh.de\/es\/wp-json\/wp\/v2\/product_brand?post=90208"},{"taxonomy":"product_cat","embeddable":true,"href":"https:\/\/www.3p-gmbh.de\/es\/wp-json\/wp\/v2\/product_cat?post=90208"},{"taxonomy":"product_tag","embeddable":true,"href":"https:\/\/www.3p-gmbh.de\/es\/wp-json\/wp\/v2\/product_tag?post=90208"}],"curies":[{"name":"wp","href":"https:\/\/api.w.org\/{rel}","templated":true}]}}