{"id":90203,"date":"2021-02-15T09:44:55","date_gmt":"2021-02-15T09:44:55","guid":{"rendered":"https:\/\/www.3p-gmbh.de\/produkt\/escaner-plano-linotype-hell-heidelberg-topaz-robot-ii\/"},"modified":"2021-02-15T09:44:55","modified_gmt":"2021-02-15T09:44:55","slug":"linotype-hell-heidelberg-topaz-robot-ii-flatbed-scanner","status":"publish","type":"product","link":"https:\/\/www.3p-gmbh.de\/es\/produkt\/linotype-hell-heidelberg-topaz-robot-ii-flatbed-scanner\/","title":{"rendered":"Esc\u00e1ner plano Linotype-Hell \/ Heidelberg Topaz Robot II"},"content":{"rendered":"<p style=\"font-weight: 400;\"><strong>Esc\u00e1ner plano Heidelberg Topaz Robot II<\/strong><\/p>\n<p style=\"font-weight: 400;\">\n<p style=\"font-weight: 400;\">La Topaz escanea todo tipo de originales: color, blanco y negro, l\u00ednea, positivo y negativo. Los originales de supervisi\u00f3n pueden ser mayores que DIN A 3, las diapositivas mayores que DIN A 3.<br \/>\n20 x 25 cm. Las plantillas pueden tener incluso hasta 20 mm de grosor. Las diapositivas enmarcadas tambi\u00e9n pueden escanearse.<\/p>\n<p style=\"font-weight: 400;\">El PowerMac se controla mediante el intuitivo software de escaneado y reprograf\u00eda LinoColor. Los asistentes de software inteligentes del programa garantizan escaneados de primera calidad de forma constante.<\/p>\n<p style=\"font-weight: 400;\">Para aumentar la productividad, el Robot Topaz dispone de un robot de casetes con una capacidad m\u00e1xima de carga de 225 diapositivas de 35 mm. El Topaz Robot es ideal para grandes vol\u00famenes de escaneados que deben completarse en poco tiempo, o para crear archivos de im\u00e1genes digitales. El sistema robotizado tiene capacidad para cinco contenedores de cinco casetes cada uno, que se introducen autom\u00e1ticamente en el esc\u00e1ner. Los soportes codificados permiten escanear los originales de forma totalmente autom\u00e1tica. El funcionamiento autom\u00e1tico puede interrumpirse en cualquier momento para procesar otro trabajo independiente.<\/p>\n<p style=\"font-weight: 400;\">\n<p style=\"font-weight: 400;\"> Datos t\u00e9cnicos:<br \/>\n&#8211; Esc\u00e1ner plano, l\u00ednea CCD trilineal en color con 3 x 8000 p\u00edxeles<br \/>\n&#8211; Con el software Linocolor<br \/>\n&#8211; Bandeja universal para supervisi\u00f3n\/visualizaci\u00f3n de originales<br \/>\n&#8211; Tama\u00f1o original 305 x 457 mm vista superior, 250 x 457 mm transparente<br \/>\n&#8211; Transparencia, vista superior, color, blanco y negro, positivo, negativo<br \/>\n&#8211; Escala 20 2500<br \/>\n&#8211; Rango de densidad diferenciable 3,7 D<br \/>\n&#8211; Max. densidad resoluble 4,0 D<br \/>\n&#8211; Conexi\u00f3n SCSI<\/p>\n<p style=\"font-weight: 400;\">\n<p style=\"font-weight: 400;\">Sistema robotizado<br \/>\n&#8211; Contenedor con cinco casetes, alimentaci\u00f3n autom\u00e1tica de casetes<br \/>\n&#8211; Formato de escaneado m\u00e1x. 130 x 130 mm, paneles de cristal desmontables<br \/>\n&#8211; Passepartout preparado para Robot<br \/>\n&#8211; Dimensiones aprox. 700 x 1100 x 1300 mm<\/p>\n<p style=\"font-weight: 400;\">El volumen de suministro incluye: Esc\u00e1ner con sistema robotizado tal y como se describe,<\/p>\n<p style=\"font-weight: 400;\">PowerMac G4 con software preinstalado, as\u00ed como todo el paquete de software y varios accesorios. Accesorios (m\u00e1scaras, etc.).<\/p>\n","protected":false},"excerpt":{"rendered":"<p>Esc\u00e1ner plano Heidelberg Topaz Robot II La Topaz escanea todo tipo de originales: color, blanco y negro, l\u00ednea, positivo y negativo. Los originales de supervisi\u00f3n pueden ser mayores que DIN A 3, las diapositivas mayores que DIN A 3. 20 x 25 cm. Las plantillas pueden tener incluso hasta 20 mm de grosor. Las diapositivas [&hellip;]<\/p>\n","protected":false},"featured_media":79504,"template":"","meta":[],"product_brand":[],"product_cat":[3095],"product_tag":[],"class_list":{"0":"post-90203","1":"product","2":"type-product","3":"status-publish","4":"has-post-thumbnail","6":"product_cat-escaner-plano","7":"pa_hersteller-heidelberg","8":"pa_hersteller-linotype-hell","9":"pa_typ-topaz-ii","11":"first","12":"instock","13":"taxable","14":"shipping-taxable","15":"product-type-simple"},"jetpack_sharing_enabled":true,"_links":{"self":[{"href":"https:\/\/www.3p-gmbh.de\/es\/wp-json\/wp\/v2\/product\/90203","targetHints":{"allow":["GET"]}}],"collection":[{"href":"https:\/\/www.3p-gmbh.de\/es\/wp-json\/wp\/v2\/product"}],"about":[{"href":"https:\/\/www.3p-gmbh.de\/es\/wp-json\/wp\/v2\/types\/product"}],"wp:featuredmedia":[{"embeddable":true,"href":"https:\/\/www.3p-gmbh.de\/es\/wp-json\/wp\/v2\/media\/79504"}],"wp:attachment":[{"href":"https:\/\/www.3p-gmbh.de\/es\/wp-json\/wp\/v2\/media?parent=90203"}],"wp:term":[{"taxonomy":"product_brand","embeddable":true,"href":"https:\/\/www.3p-gmbh.de\/es\/wp-json\/wp\/v2\/product_brand?post=90203"},{"taxonomy":"product_cat","embeddable":true,"href":"https:\/\/www.3p-gmbh.de\/es\/wp-json\/wp\/v2\/product_cat?post=90203"},{"taxonomy":"product_tag","embeddable":true,"href":"https:\/\/www.3p-gmbh.de\/es\/wp-json\/wp\/v2\/product_tag?post=90203"}],"curies":[{"name":"wp","href":"https:\/\/api.w.org\/{rel}","templated":true}]}}