{"id":90201,"date":"2021-02-15T10:03:14","date_gmt":"2021-02-15T10:03:14","guid":{"rendered":"https:\/\/www.3p-gmbh.de\/produkt\/linea-de-quemado-de-planchas-de-impresion-de-alta-velocidad-technografica-diamond-1550\/"},"modified":"2021-02-15T10:03:14","modified_gmt":"2021-02-15T10:03:14","slug":"technografica-placa-de-presion-de-alta-velocidad-quemada-en-linea-diamante-1550","status":"publish","type":"product","link":"https:\/\/www.3p-gmbh.de\/es\/produkt\/technografica-placa-de-presion-de-alta-velocidad-quemada-en-linea-diamante-1550\/","title":{"rendered":"L\u00ednea de quemado de planchas de impresi\u00f3n de alta velocidad Technografica Diamond 1550"},"content":{"rendered":"<p><strong>L\u00ednea de quemado de planchas de impresi\u00f3n de alta velocidad Technografica Diamond 1550<\/strong><br \/>\n<strong>desde 2007<\/strong><\/p>\n<div>\n<p>m\u00e1x. Anchura de entrada 1550 mm<\/p>\n<p><em>consistente en:<\/em><\/p>\n<ul>\n<li>Mesa de entrada con desviaci\u00f3n angular de 90<\/li>\n<li>Reveladora de alta velocidad TPP 1550<\/li>\n<li>Mesa de transporte intermedia<\/li>\n<li>Horno alto horno EBO Diamant 1550<\/li>\n<li>Mesa de transporte intermedia<\/li>\n<li>SBG de alta velocidad Diamond 1550<\/li>\n<li>Apiladora clasificadora<\/li>\n<\/ul>\n<\/div>\n","protected":false},"excerpt":{"rendered":"<p>L\u00ednea de quemado de planchas de impresi\u00f3n de alta velocidad Technografica Diamond 1550 desde 2007 m\u00e1x. Anchura de entrada 1550 mm consistente en: Mesa de entrada con desviaci\u00f3n angular de 90 Reveladora de alta velocidad TPP 1550 Mesa de transporte intermedia Horno alto horno EBO Diamant 1550 Mesa de transporte intermedia SBG de alta velocidad [&hellip;]<\/p>\n","protected":false},"featured_media":79600,"template":"","meta":[],"product_brand":[],"product_cat":[3000],"product_tag":[],"class_list":{"0":"post-90201","1":"product","2":"type-product","3":"status-publish","4":"has-post-thumbnail","6":"product_cat-tratamiento-de-las-planchas-de-impresion-es","7":"pa_hersteller-technografica","8":"pa_typ-diamant-1550","10":"first","11":"instock","12":"taxable","13":"shipping-taxable","14":"product-type-simple"},"jetpack_sharing_enabled":true,"_links":{"self":[{"href":"https:\/\/www.3p-gmbh.de\/es\/wp-json\/wp\/v2\/product\/90201","targetHints":{"allow":["GET"]}}],"collection":[{"href":"https:\/\/www.3p-gmbh.de\/es\/wp-json\/wp\/v2\/product"}],"about":[{"href":"https:\/\/www.3p-gmbh.de\/es\/wp-json\/wp\/v2\/types\/product"}],"wp:featuredmedia":[{"embeddable":true,"href":"https:\/\/www.3p-gmbh.de\/es\/wp-json\/wp\/v2\/media\/79600"}],"wp:attachment":[{"href":"https:\/\/www.3p-gmbh.de\/es\/wp-json\/wp\/v2\/media?parent=90201"}],"wp:term":[{"taxonomy":"product_brand","embeddable":true,"href":"https:\/\/www.3p-gmbh.de\/es\/wp-json\/wp\/v2\/product_brand?post=90201"},{"taxonomy":"product_cat","embeddable":true,"href":"https:\/\/www.3p-gmbh.de\/es\/wp-json\/wp\/v2\/product_cat?post=90201"},{"taxonomy":"product_tag","embeddable":true,"href":"https:\/\/www.3p-gmbh.de\/es\/wp-json\/wp\/v2\/product_tag?post=90201"}],"curies":[{"name":"wp","href":"https:\/\/api.w.org\/{rel}","templated":true}]}}