{"id":90193,"date":"2021-02-15T09:55:55","date_gmt":"2021-02-15T09:55:55","guid":{"rendered":"https:\/\/www.3p-gmbh.de\/produkt\/hendedora-bacciotini-pit-stop-af-binderhaus-r-50-con-control-tactil\/"},"modified":"2021-02-15T09:55:55","modified_gmt":"2021-02-15T09:55:55","slug":"bacciotini-pit-stop-af-truss-house-r-50-groove-grill-machine-with-touch-control","status":"publish","type":"product","link":"https:\/\/www.3p-gmbh.de\/es\/produkt\/bacciotini-pit-stop-af-truss-house-r-50-groove-grill-machine-with-touch-control\/","title":{"rendered":"Hendedora Bacciotini Pit Stop AF \/ Binderhaus R 50 con control t\u00e1ctil"},"content":{"rendered":"<div><span style=\"font-family: Arial;\"><span style=\"font-size: large;\"><span style=\"color: #0000ff;\">Bacciotini Pit Stop AF Speed con control t\u00e1ctil<br \/>\nM\u00e1quina hendidora y perforadora OEM Binderhaus R 50<br \/>\nde yr. 2010<\/span><\/span><\/span><\/div>\n<div><span style=\"font-size: large;\"><br \/>\n<\/span><span style=\"font-family: Arial; font-size: large;\">Modelo b\u00e1sico para ranurar, rayar, perforar y microperforar hasta 50 cm de ancho.<br \/>\nEl alimentador por succi\u00f3n ofrece una capacidad de hasta 50 mm y tambi\u00e9n separa la impresi\u00f3n digital sensible y la impresi\u00f3n offset de forma segura y cuidadosa.<br \/>\nLa ranuradora procesa hojas de hasta 50 cm de ancho con una longitud m\u00e1xima de hoja de 200 cm.<br \/>\nSe pueden realizar hasta 20 ranuras por hoja.<br \/>\nLa precisi\u00f3n de posicionamiento es de 0,1 mm.<\/span><\/div>\n<div><\/div>\n<div><span style=\"font-family: Arial; font-size: large;\">Ranurado y rayado con 6.500 horas<\/p>\n<p>Para la impresi\u00f3n digital, la impresi\u00f3n offset y las encuadernadoras con tiradas peque\u00f1as o que cambian con frecuencia, la hendidora R50 es ideal gracias a su breve tiempo de preparaci\u00f3n de s\u00f3lo 1 minuto aproximadamente.<br \/>\nUn cambio de herramienta dura unos 15 segundos. <\/span><\/div>\n","protected":false},"excerpt":{"rendered":"<p>Bacciotini Pit Stop AF Speed con control t\u00e1ctil M\u00e1quina hendidora y perforadora OEM Binderhaus R 50 de yr. 2010 Modelo b\u00e1sico para ranurar, rayar, perforar y microperforar hasta 50 cm de ancho. El alimentador por succi\u00f3n ofrece una capacidad de hasta 50 mm y tambi\u00e9n separa la impresi\u00f3n digital sensible y la impresi\u00f3n offset de [&hellip;]<\/p>\n","protected":false},"featured_media":79597,"template":"","meta":[],"product_brand":[],"product_cat":[2959],"product_tag":[],"class_list":{"0":"post-90193","1":"product","2":"type-product","3":"status-publish","4":"has-post-thumbnail","6":"product_cat-maquinas-ranuradoras-y-perforadoras","7":"pa_hersteller-bacciotini","8":"pa_hersteller-binderhaus","9":"pa_typ-pit-stop-af","10":"pa_typ-r-50","12":"first","13":"instock","14":"taxable","15":"shipping-taxable","16":"product-type-simple"},"jetpack_sharing_enabled":true,"_links":{"self":[{"href":"https:\/\/www.3p-gmbh.de\/es\/wp-json\/wp\/v2\/product\/90193","targetHints":{"allow":["GET"]}}],"collection":[{"href":"https:\/\/www.3p-gmbh.de\/es\/wp-json\/wp\/v2\/product"}],"about":[{"href":"https:\/\/www.3p-gmbh.de\/es\/wp-json\/wp\/v2\/types\/product"}],"wp:featuredmedia":[{"embeddable":true,"href":"https:\/\/www.3p-gmbh.de\/es\/wp-json\/wp\/v2\/media\/79597"}],"wp:attachment":[{"href":"https:\/\/www.3p-gmbh.de\/es\/wp-json\/wp\/v2\/media?parent=90193"}],"wp:term":[{"taxonomy":"product_brand","embeddable":true,"href":"https:\/\/www.3p-gmbh.de\/es\/wp-json\/wp\/v2\/product_brand?post=90193"},{"taxonomy":"product_cat","embeddable":true,"href":"https:\/\/www.3p-gmbh.de\/es\/wp-json\/wp\/v2\/product_cat?post=90193"},{"taxonomy":"product_tag","embeddable":true,"href":"https:\/\/www.3p-gmbh.de\/es\/wp-json\/wp\/v2\/product_tag?post=90193"}],"curies":[{"name":"wp","href":"https:\/\/api.w.org\/{rel}","templated":true}]}}