{"id":90179,"date":"2021-02-23T14:49:40","date_gmt":"2021-02-23T14:49:40","guid":{"rendered":"https:\/\/www.3p-gmbh.de\/produkt\/dispositivo-de-redondeo-de-cubiertas-de-libros-schmedt-praerund\/"},"modified":"2021-02-23T14:49:40","modified_gmt":"2021-02-23T14:49:40","slug":"libro-manta-redonda-espalda-set-schmedt-praerund","status":"publish","type":"product","link":"https:\/\/www.3p-gmbh.de\/es\/produkt\/libro-manta-redonda-espalda-set-schmedt-praerund\/","title":{"rendered":"Dispositivo de redondeo de cubiertas de libros Schmedt Pr\u00e4Rund"},"content":{"rendered":"<div><span style=\"font-family: Arial;\"><span style=\"color: #008000;\"><strong>Dispositivo de redondeo de cubiertas de libros Schmedt Pr\u00e4Rund<\/strong><\/span> <\/span><\/div>\n<div><\/div>\n<div><span style=\"font-family: Arial;\">Aplicaciones:<\/span><\/div>\n<div><span style=\"font-family: Arial;\">Libros de tapa dura, \u00e1lbumes de fotos, agendas, cuadernos<br \/>\n<\/span><\/div>\n<div><span style=\"font-family: Arial;\">con varilla redonda calentada el\u00e9ctricamente y controlada por termostato<br \/>\nAnchura de trabajo: hasta 600 mm de longitud trasera<br \/>\nAnchura del lomo: 10 &#8211; 120 mm<br \/>\nElectr. Conexi\u00f3n: 230 V &#8211; corriente alterna<\/span><\/div>\n","protected":false},"excerpt":{"rendered":"<p>Dispositivo de redondeo de cubiertas de libros Schmedt Pr\u00e4Rund Aplicaciones: Libros de tapa dura, \u00e1lbumes de fotos, agendas, cuadernos con varilla redonda calentada el\u00e9ctricamente y controlada por termostato Anchura de trabajo: hasta 600 mm de longitud trasera Anchura del lomo: 10 &#8211; 120 mm Electr. Conexi\u00f3n: 230 V &#8211; corriente alterna<\/p>\n","protected":false},"featured_media":79687,"template":"","meta":[],"product_brand":[],"product_cat":[2894],"product_tag":[],"class_list":{"0":"post-90179","1":"product","2":"type-product","3":"status-publish","4":"has-post-thumbnail","6":"product_cat-surtido-encuadernacion","7":"pa_hersteller-schmedt","8":"pa_typ-praerund","10":"first","11":"instock","12":"taxable","13":"shipping-taxable","14":"product-type-simple"},"jetpack_sharing_enabled":true,"_links":{"self":[{"href":"https:\/\/www.3p-gmbh.de\/es\/wp-json\/wp\/v2\/product\/90179","targetHints":{"allow":["GET"]}}],"collection":[{"href":"https:\/\/www.3p-gmbh.de\/es\/wp-json\/wp\/v2\/product"}],"about":[{"href":"https:\/\/www.3p-gmbh.de\/es\/wp-json\/wp\/v2\/types\/product"}],"wp:featuredmedia":[{"embeddable":true,"href":"https:\/\/www.3p-gmbh.de\/es\/wp-json\/wp\/v2\/media\/79687"}],"wp:attachment":[{"href":"https:\/\/www.3p-gmbh.de\/es\/wp-json\/wp\/v2\/media?parent=90179"}],"wp:term":[{"taxonomy":"product_brand","embeddable":true,"href":"https:\/\/www.3p-gmbh.de\/es\/wp-json\/wp\/v2\/product_brand?post=90179"},{"taxonomy":"product_cat","embeddable":true,"href":"https:\/\/www.3p-gmbh.de\/es\/wp-json\/wp\/v2\/product_cat?post=90179"},{"taxonomy":"product_tag","embeddable":true,"href":"https:\/\/www.3p-gmbh.de\/es\/wp-json\/wp\/v2\/product_tag?post=90179"}],"curies":[{"name":"wp","href":"https:\/\/api.w.org\/{rel}","templated":true}]}}