{"id":90172,"date":"2021-03-04T00:25:38","date_gmt":"2021-03-04T00:25:38","guid":{"rendered":"https:\/\/www.3p-gmbh.de\/produkt\/alimentador-automatico-de-hojas-y-encoladora-hunkeler-vea-520-k\/"},"modified":"2021-03-04T00:25:38","modified_gmt":"2021-03-04T00:25:38","slug":"hoja-prefijacion-e-insercion-automatica-hunkeler-vea-520-k","status":"publish","type":"product","link":"https:\/\/www.3p-gmbh.de\/es\/produkt\/hoja-prefijacion-e-insercion-automatica-hunkeler-vea-520-k\/","title":{"rendered":"Alimentador autom\u00e1tico de hojas y encoladora Hunkeler VEA 520 k"},"content":{"rendered":"<div><span style=\"color: #0000ff; font-family: Arial;\"><br \/>\n  <strong>M\u00e1quina de refrentado y encolado de chapas Hunkeler VEA 520 K <\/strong><br \/>\n<\/span><span style=\"color: #0000ff; font-family: Arial;\"><br \/>\n  <strong>con unidad de encolado por dispersi\u00f3n<\/strong><br \/>\n<\/span><\/div>\n<div><strong><span style=\"color: #0000ff; font-family: Arial;\">A\u00f1o de fabricaci\u00f3n 1997<\/span><\/strong><\/div>\n<div><span style=\"font-family: Arial;\">-para el encolado exterior (guardas, hojas, cuadros)<\/span><\/div>\n<div><span style=\"font-family: Arial;\">-para enchufar<\/span><\/div>\n<div><span style=\"font-family: Arial;\">-para el encolado interior<\/span><\/div>\n<div><span style=\"font-family: Arial;\">-encolado inclinado hasta 50 mm desde el galce y 10 mm por encima del galce<\/span><\/div>\n<div><span style=\"font-family: Arial;\">-potencia 1200-6800 ciclos\/hora regulables en continuo<\/span><\/div>\n<div><span style=\"font-family: Arial;\">Formato m\u00e1x. 520 x 310<\/span><\/div>\n","protected":false},"excerpt":{"rendered":"<p>M\u00e1quina de refrentado y encolado de chapas Hunkeler VEA 520 K con unidad de encolado por dispersi\u00f3n A\u00f1o de fabricaci\u00f3n 1997 -para el encolado exterior (guardas, hojas, cuadros) -para enchufar -para el encolado interior -encolado inclinado hasta 50 mm desde el galce y 10 mm por encima del galce -potencia 1200-6800 ciclos\/hora regulables en continuo [&hellip;]<\/p>\n","protected":false},"featured_media":79717,"template":"","meta":[],"product_brand":[],"product_cat":[2894],"product_tag":[],"class_list":{"0":"post-90172","1":"product","2":"type-product","3":"status-publish","4":"has-post-thumbnail","6":"product_cat-surtido-encuadernacion","7":"pa_hersteller-hunkeler","8":"pa_typ-vea-520-k","10":"first","11":"instock","12":"taxable","13":"shipping-taxable","14":"product-type-simple"},"jetpack_sharing_enabled":true,"_links":{"self":[{"href":"https:\/\/www.3p-gmbh.de\/es\/wp-json\/wp\/v2\/product\/90172","targetHints":{"allow":["GET"]}}],"collection":[{"href":"https:\/\/www.3p-gmbh.de\/es\/wp-json\/wp\/v2\/product"}],"about":[{"href":"https:\/\/www.3p-gmbh.de\/es\/wp-json\/wp\/v2\/types\/product"}],"wp:featuredmedia":[{"embeddable":true,"href":"https:\/\/www.3p-gmbh.de\/es\/wp-json\/wp\/v2\/media\/79717"}],"wp:attachment":[{"href":"https:\/\/www.3p-gmbh.de\/es\/wp-json\/wp\/v2\/media?parent=90172"}],"wp:term":[{"taxonomy":"product_brand","embeddable":true,"href":"https:\/\/www.3p-gmbh.de\/es\/wp-json\/wp\/v2\/product_brand?post=90172"},{"taxonomy":"product_cat","embeddable":true,"href":"https:\/\/www.3p-gmbh.de\/es\/wp-json\/wp\/v2\/product_cat?post=90172"},{"taxonomy":"product_tag","embeddable":true,"href":"https:\/\/www.3p-gmbh.de\/es\/wp-json\/wp\/v2\/product_tag?post=90172"}],"curies":[{"name":"wp","href":"https:\/\/api.w.org\/{rel}","templated":true}]}}