{"id":90153,"date":"2021-03-04T00:46:15","date_gmt":"2021-03-04T00:46:15","guid":{"rendered":"https:\/\/www.3p-gmbh.de\/produkt\/selladora-de-pelicula-hpl-450-as\/"},"modified":"2021-03-04T00:46:15","modified_gmt":"2021-03-04T00:46:15","slug":"soldador-de-laminas-hpl-450-as","status":"publish","type":"product","link":"https:\/\/www.3p-gmbh.de\/es\/produkt\/soldador-de-laminas-hpl-450-as\/","title":{"rendered":"Selladora de pel\u00edcula HPL 450 AS"},"content":{"rendered":"<p><strong>Selladora de pel\u00edcula HPL 450 AS<\/strong><\/p>\n<p><em>Soldadura selectiva r\u00e1pida, sencilla y eficaz de l\u00e1minas termopl\u00e1sticas<\/em><\/p>\n<ul>\n<li>Soldador de vigas<\/li>\n<li>M\u00e1quina semiautom\u00e1tica de soldadura por impulsos<\/li>\n<li>Soldadura y procesamiento de cualquier tipo de pel\u00edcula termopl\u00e1stica<\/li>\n<li>Tiempo de soldadura autom\u00e1tico ajustable de forma continua<\/li>\n<li>Presi\u00f3n de contacto constante en todo el recorrido<\/li>\n<li>No requiere tiempo de calentamiento<\/li>\n<li>dispositivo de corte integrado<\/li>\n<li>Interruptor de pedal<\/li>\n<\/ul>\n<p>Longitud del cord\u00f3n de soldadura: 450 mm<br \/>\nLongitud de corte 360: mm<br \/>\nMax. Espesor de la pel\u00edcula con PE: 2 x 200 my<br \/>\nAnchura del cord\u00f3n de soldadura: 3 mm<br \/>\nConexi\u00f3n el\u00e9ctrica: 230 V, 50\/60 Hz<\/p>\n","protected":false},"excerpt":{"rendered":"<p>Selladora de pel\u00edcula HPL 450 AS Soldadura selectiva r\u00e1pida, sencilla y eficaz de l\u00e1minas termopl\u00e1sticas Soldador de vigas M\u00e1quina semiautom\u00e1tica de soldadura por impulsos Soldadura y procesamiento de cualquier tipo de pel\u00edcula termopl\u00e1stica Tiempo de soldadura autom\u00e1tico ajustable de forma continua Presi\u00f3n de contacto constante en todo el recorrido No requiere tiempo de calentamiento dispositivo [&hellip;]<\/p>\n","protected":false},"featured_media":79777,"template":"","meta":[],"product_brand":[],"product_cat":[3028],"product_tag":[],"class_list":{"0":"post-90153","1":"product","2":"type-product","3":"status-publish","4":"has-post-thumbnail","6":"product_cat-envasadora-de-film-y-envasadora-estirable","7":"pa_hersteller-ht-verpackungen","8":"pa_typ-hpl-450-as","10":"first","11":"instock","12":"taxable","13":"shipping-taxable","14":"product-type-simple"},"jetpack_sharing_enabled":true,"_links":{"self":[{"href":"https:\/\/www.3p-gmbh.de\/es\/wp-json\/wp\/v2\/product\/90153","targetHints":{"allow":["GET"]}}],"collection":[{"href":"https:\/\/www.3p-gmbh.de\/es\/wp-json\/wp\/v2\/product"}],"about":[{"href":"https:\/\/www.3p-gmbh.de\/es\/wp-json\/wp\/v2\/types\/product"}],"wp:featuredmedia":[{"embeddable":true,"href":"https:\/\/www.3p-gmbh.de\/es\/wp-json\/wp\/v2\/media\/79777"}],"wp:attachment":[{"href":"https:\/\/www.3p-gmbh.de\/es\/wp-json\/wp\/v2\/media?parent=90153"}],"wp:term":[{"taxonomy":"product_brand","embeddable":true,"href":"https:\/\/www.3p-gmbh.de\/es\/wp-json\/wp\/v2\/product_brand?post=90153"},{"taxonomy":"product_cat","embeddable":true,"href":"https:\/\/www.3p-gmbh.de\/es\/wp-json\/wp\/v2\/product_cat?post=90153"},{"taxonomy":"product_tag","embeddable":true,"href":"https:\/\/www.3p-gmbh.de\/es\/wp-json\/wp\/v2\/product_tag?post=90153"}],"curies":[{"name":"wp","href":"https:\/\/api.w.org\/{rel}","templated":true}]}}