{"id":90144,"date":"2021-03-08T11:03:42","date_gmt":"2021-03-08T11:03:42","guid":{"rendered":"https:\/\/www.3p-gmbh.de\/produkt\/encoladora-de-dos-rodillos-sumbel-roland-400\/"},"modified":"2021-03-08T11:03:42","modified_gmt":"2021-03-08T11:03:42","slug":"maquina-recogedora-de-dos-rodillos-sumbel-roland-400","status":"publish","type":"product","link":"https:\/\/www.3p-gmbh.de\/es\/produkt\/maquina-recogedora-de-dos-rodillos-sumbel-roland-400\/","title":{"rendered":"Encoladora de dos rodillos Sumbel Roland 400"},"content":{"rendered":"<p><strong>Encoladora de dos rodillos Sumbel Roland 400<\/strong><br \/>\npara papel, cart\u00f3n, cuero, etc.<br \/>\n&#8211; Accionamiento del motor 230 voltios 1 fase, con conmutaci\u00f3n escalonada<br \/>\n&#8211; Rollos de lat\u00f3n inoxidable<br \/>\n&#8211; Lavabo de plomo fr\u00edo de lat\u00f3n, regulable en altura<br \/>\n&#8211; Anchura del rodillo: 400 mm<br \/>\n&#8211; Rascador<\/p>\n","protected":false},"excerpt":{"rendered":"<p>Encoladora de dos rodillos Sumbel Roland 400 para papel, cart\u00f3n, cuero, etc. &#8211; Accionamiento del motor 230 voltios 1 fase, con conmutaci\u00f3n escalonada &#8211; Rollos de lat\u00f3n inoxidable &#8211; Lavabo de plomo fr\u00edo de lat\u00f3n, regulable en altura &#8211; Anchura del rodillo: 400 mm &#8211; Rascador<\/p>\n","protected":false},"featured_media":79864,"template":"","meta":[],"product_brand":[],"product_cat":[2894],"product_tag":[],"class_list":{"0":"post-90144","1":"product","2":"type-product","3":"status-publish","4":"has-post-thumbnail","6":"product_cat-surtido-encuadernacion","7":"pa_hersteller-sumbel","8":"pa_typ-roland-400","10":"first","11":"instock","12":"taxable","13":"shipping-taxable","14":"product-type-simple"},"jetpack_sharing_enabled":true,"_links":{"self":[{"href":"https:\/\/www.3p-gmbh.de\/es\/wp-json\/wp\/v2\/product\/90144","targetHints":{"allow":["GET"]}}],"collection":[{"href":"https:\/\/www.3p-gmbh.de\/es\/wp-json\/wp\/v2\/product"}],"about":[{"href":"https:\/\/www.3p-gmbh.de\/es\/wp-json\/wp\/v2\/types\/product"}],"wp:featuredmedia":[{"embeddable":true,"href":"https:\/\/www.3p-gmbh.de\/es\/wp-json\/wp\/v2\/media\/79864"}],"wp:attachment":[{"href":"https:\/\/www.3p-gmbh.de\/es\/wp-json\/wp\/v2\/media?parent=90144"}],"wp:term":[{"taxonomy":"product_brand","embeddable":true,"href":"https:\/\/www.3p-gmbh.de\/es\/wp-json\/wp\/v2\/product_brand?post=90144"},{"taxonomy":"product_cat","embeddable":true,"href":"https:\/\/www.3p-gmbh.de\/es\/wp-json\/wp\/v2\/product_cat?post=90144"},{"taxonomy":"product_tag","embeddable":true,"href":"https:\/\/www.3p-gmbh.de\/es\/wp-json\/wp\/v2\/product_tag?post=90144"}],"curies":[{"name":"wp","href":"https:\/\/api.w.org\/{rel}","templated":true}]}}