{"id":90140,"date":"2021-03-08T11:33:01","date_gmt":"2021-03-08T11:33:01","guid":{"rendered":"https:\/\/www.3p-gmbh.de\/produkt\/tronzadora-profesional-eba-551-06-con-2-cuchillas\/"},"modified":"2021-03-08T11:33:01","modified_gmt":"2021-03-08T11:33:01","slug":"cortapilas-profesional-eba-551-06-con-2-cuchillas","status":"publish","type":"product","link":"https:\/\/www.3p-gmbh.de\/es\/produkt\/cortapilas-profesional-eba-551-06-con-2-cuchillas\/","title":{"rendered":"Tronzadora profesional EBA 551-06 con 2 cuchillas"},"content":{"rendered":"<p><strong>Tronzadora profesional EBA 551-06 con 2 cuchillas<\/strong><br \/>\nA\u00f1o de fabricaci\u00f3n 2008<\/p>\n<p><em>Equipamiento de m\u00e1quinas:<\/em><br \/>\nAccionamiento electromec\u00e1nico para cuchillas;<br \/>\nAccionamiento hidr\u00e1ulico de la viga de prensado;<br \/>\nPresi\u00f3n de prensado infinitamente variable (250-2000 kg) con indicaci\u00f3n visual;<br \/>\ncubierta de la barra de prensado enchufable con cierre a presi\u00f3n e indicador visual; accionamiento electromec\u00e1nico del tope trasero mediante husillo de precisi\u00f3n (velocidad 53 mm\/seg.);<br \/>\nPedal para preprensado o como uter de corte;<br \/>\nVisor \u00f3ptico seccional con diodos emisores de luz (LED);<br \/>\nTableros de acero inoxidable en las mesas frontales y laterales;<br \/>\nCuchilla de corte HSS de alta calidad;<br \/>\ncorte de swing amigable con el material;<br \/>\nPortacuchillas totalmente de acero, guiado y ajustable por ambos lados; ajuste del tiro de la cuchilla;<br \/>\nMesas auxiliares derecha e izquierda<\/p>\n<p><em>Equipo de seguridad \u00abSCS\u00bb (SAFETY CUTTING SYSTEM):<\/em><br \/>\nZona de la mesa delantera asegurada electr\u00f3nicamente mediante barrera de luz de seguridad y cubierta transparente de la mesa trasera; desbloqueo de seguridad de corte a dos manos con control de simultaneidad y bloqueo de repetici\u00f3n; retorno autom\u00e1tico de la cuchilla y la barra de prensado desde cualquier posici\u00f3n; bloqueo de interruptor e interruptor principal bloqueable; dispositivo de cambio de cuchilla con borde de cuchilla cubierto; control de 24 voltios; \u00e1ngulo de impacto del papel.<\/p>\n<p><em>Control de retroceso:<\/em><br \/>\n99 programas de memoria con m\u00e1x. 99 pasos cada uno;<br \/>\nProgramaci\u00f3n de la dimensi\u00f3n de la cadena con hasta 9 pasos posibles en el programa; secuencia autom\u00e1tica del programa con control de corte en modo programa y memoria;<br \/>\nIntroducci\u00f3n directa de medidas mediante teclado num\u00e9rico;<br \/>\n3 teclas de memoria para mediciones fijas (libremente programables);<br \/>\nIndicador digital electr\u00f3nico de medidas con una precisi\u00f3n de visualizaci\u00f3n de 1\/10 mm;<br \/>\nBot\u00f3n de ajuste para la medici\u00f3n de referencia;<br \/>\nVolante electr\u00f3nico con regulaci\u00f3n continua de la velocidad del tope trasero;<br \/>\nBot\u00f3n de b\u00fasqueda r\u00e1pida para avanzar y retroceder r\u00e1pidamente el tope trasero; correcci\u00f3n dimensional autom\u00e1tica en caso de desplazamiento del tope trasero;<br \/>\nModo de memoria para repetir cortes (pulsando un bot\u00f3n),<br \/>\nmemoria autom\u00e1tica adicional; funci\u00f3n de expulsi\u00f3n de papel (EJECT) con y sin funcionamiento del programa (recorrido de alimentaci\u00f3n programable); posibilidad de borrar (DELETE), insertar (INSERT) y sobrescribir pasos del programa; calculadora integrada (4 operaciones aritm\u00e9ticas b\u00e1sicas);<br \/>\nSistema de autodiagn\u00f3stico con indicaci\u00f3n de errores en la pantalla;<br \/>\nConmutaci\u00f3n m\u00e9trica\/pulgada.<\/p>\n<p>Longitud de corte (mm) 550<br \/>\nAltura del inserto (mm) 80<br \/>\nProfundidad de inserci\u00f3n (mm) 550<br \/>\nCorte residual sin cubierta de barra de prensado 20 mm, con cubierta de barra de prensado 90 mm<\/p>\n","protected":false},"excerpt":{"rendered":"<p>Tronzadora profesional EBA 551-06 con 2 cuchillas A\u00f1o de fabricaci\u00f3n 2008 Equipamiento de m\u00e1quinas: Accionamiento electromec\u00e1nico para cuchillas; Accionamiento hidr\u00e1ulico de la viga de prensado; Presi\u00f3n de prensado infinitamente variable (250-2000 kg) con indicaci\u00f3n visual; cubierta de la barra de prensado enchufable con cierre a presi\u00f3n e indicador visual; accionamiento electromec\u00e1nico del tope trasero mediante [&hellip;]<\/p>\n","protected":false},"featured_media":79885,"template":"","meta":[],"product_brand":[],"product_cat":[3018],"product_tag":[],"class_list":{"0":"post-90140","1":"product","2":"type-product","3":"status-publish","4":"has-post-thumbnail","6":"product_cat-maquinas-de-corte-es","7":"pa_hersteller-eba","8":"pa_typ-551-06","10":"first","11":"instock","12":"taxable","13":"shipping-taxable","14":"product-type-simple"},"jetpack_sharing_enabled":true,"_links":{"self":[{"href":"https:\/\/www.3p-gmbh.de\/es\/wp-json\/wp\/v2\/product\/90140","targetHints":{"allow":["GET"]}}],"collection":[{"href":"https:\/\/www.3p-gmbh.de\/es\/wp-json\/wp\/v2\/product"}],"about":[{"href":"https:\/\/www.3p-gmbh.de\/es\/wp-json\/wp\/v2\/types\/product"}],"wp:featuredmedia":[{"embeddable":true,"href":"https:\/\/www.3p-gmbh.de\/es\/wp-json\/wp\/v2\/media\/79885"}],"wp:attachment":[{"href":"https:\/\/www.3p-gmbh.de\/es\/wp-json\/wp\/v2\/media?parent=90140"}],"wp:term":[{"taxonomy":"product_brand","embeddable":true,"href":"https:\/\/www.3p-gmbh.de\/es\/wp-json\/wp\/v2\/product_brand?post=90140"},{"taxonomy":"product_cat","embeddable":true,"href":"https:\/\/www.3p-gmbh.de\/es\/wp-json\/wp\/v2\/product_cat?post=90140"},{"taxonomy":"product_tag","embeddable":true,"href":"https:\/\/www.3p-gmbh.de\/es\/wp-json\/wp\/v2\/product_tag?post=90140"}],"curies":[{"name":"wp","href":"https:\/\/api.w.org\/{rel}","templated":true}]}}