{"id":90137,"date":"2021-03-08T13:16:02","date_gmt":"2021-03-08T13:16:02","guid":{"rendered":"https:\/\/www.3p-gmbh.de\/produkt\/volteadora-de-pilas-con-jogging-y-ventilacion-rachner-pt-1000-pars\/"},"modified":"2021-03-08T13:16:02","modified_gmt":"2021-03-08T13:16:02","slug":"stack-turner-with-rest-and-ventilation-rachner-pt-1000-pars","status":"publish","type":"product","link":"https:\/\/www.3p-gmbh.de\/es\/produkt\/stack-turner-with-rest-and-ventilation-rachner-pt-1000-pars\/","title":{"rendered":"Volteadora de pilas con jogging y ventilaci\u00f3n Rachner PT 1000 PA+RS"},"content":{"rendered":"<div><span style=\"font-family: Arial;\"><strong>Volteadora de pilotes modelo Rachner PT 1000 PA+RS<br \/>\nBj. 2007 con UVV actual<\/strong><\/span><\/div>\n<div><\/div>\n<ul>\n<li><span style=\"font-family: Arial;\">Plataforma 900x1300mm<\/span><\/li>\n<li><span style=\"font-family: Arial;\">m\u00e1x. Apertura 1340mm<\/span><\/li>\n<li><span style=\"font-family: Arial;\">con ventilaci\u00f3n con ventilador de frecuencia regulada<\/span><\/li>\n<li><span style=\"font-family: Arial;\">con dispositivo vibratorio con regla de alineaci\u00f3n<\/span><\/li>\n<\/ul>\n<p><a href=\"https:\/\/www.3p-gmbh.de\/wp-content\/uploads\/2021\/03\/Bedienungshandbuch-Rachner-Stapelwender-R-1000-PA.pdf\">Manual de instrucciones de la volteadora de pila R 1000 PA de Rachner<\/a><\/p>\n","protected":false},"excerpt":{"rendered":"<p>Volteadora de pilotes modelo Rachner PT 1000 PA+RS Bj. 2007 con UVV actual Plataforma 900x1300mm m\u00e1x. Apertura 1340mm con ventilaci\u00f3n con ventilador de frecuencia regulada con dispositivo vibratorio con regla de alineaci\u00f3n Manual de instrucciones de la volteadora de pila R 1000 PA de Rachner<\/p>\n","protected":false},"featured_media":79930,"template":"","meta":[],"product_brand":[],"product_cat":[2900],"product_tag":[],"class_list":{"0":"post-90137","1":"product","2":"type-product","3":"status-publish","4":"has-post-thumbnail","6":"product_cat-volteador-de-pilas","7":"pa_hersteller-manfred-rachner","8":"pa_typ-pt-1000-pars","10":"first","11":"instock","12":"taxable","13":"shipping-taxable","14":"product-type-simple"},"jetpack_sharing_enabled":true,"_links":{"self":[{"href":"https:\/\/www.3p-gmbh.de\/es\/wp-json\/wp\/v2\/product\/90137","targetHints":{"allow":["GET"]}}],"collection":[{"href":"https:\/\/www.3p-gmbh.de\/es\/wp-json\/wp\/v2\/product"}],"about":[{"href":"https:\/\/www.3p-gmbh.de\/es\/wp-json\/wp\/v2\/types\/product"}],"wp:featuredmedia":[{"embeddable":true,"href":"https:\/\/www.3p-gmbh.de\/es\/wp-json\/wp\/v2\/media\/79930"}],"wp:attachment":[{"href":"https:\/\/www.3p-gmbh.de\/es\/wp-json\/wp\/v2\/media?parent=90137"}],"wp:term":[{"taxonomy":"product_brand","embeddable":true,"href":"https:\/\/www.3p-gmbh.de\/es\/wp-json\/wp\/v2\/product_brand?post=90137"},{"taxonomy":"product_cat","embeddable":true,"href":"https:\/\/www.3p-gmbh.de\/es\/wp-json\/wp\/v2\/product_cat?post=90137"},{"taxonomy":"product_tag","embeddable":true,"href":"https:\/\/www.3p-gmbh.de\/es\/wp-json\/wp\/v2\/product_tag?post=90137"}],"curies":[{"name":"wp","href":"https:\/\/api.w.org\/{rel}","templated":true}]}}