{"id":90121,"date":"2021-03-24T09:26:30","date_gmt":"2021-03-24T09:26:30","guid":{"rendered":"https:\/\/www.3p-gmbh.de\/produkt\/gura-transportador-de-rodillos-de-tijera-1200-425-2kux\/"},"modified":"2021-03-24T09:26:30","modified_gmt":"2021-03-24T09:26:30","slug":"gura-scheren-rollenbahn-1200-425-2kux_2","status":"publish","type":"product","link":"https:\/\/www.3p-gmbh.de\/es\/produkt\/gura-scheren-rollenbahn-1200-425-2kux_2\/","title":{"rendered":"Gura Transportador de rodillos de tijera 1200-425 2KUX"},"content":{"rendered":"<div><span style=\"color: #0000ff; font-family: Arial;\"><strong>transportador de rodillos de tijera Gura 1200-425 2KUX m\u00f3vil regulable en altura<\/strong><\/span><\/div>\n<div><span style=\"color: #0000ff; font-family: Arial;\"><strong>de yr. 2009<\/strong><\/span><\/div>\n<div><\/div>\n<div><span style=\"font-family: Arial;\">Los transportadores de rodillos de tijera se utilizan en todas las \u00e1reas de transporte de carga general de la empresa.<\/span><\/div>\n<div><span style=\"font-family: Arial;\">Especialmente cuando no se desea un sistema montado de forma permanente, se utiliza esta variante m\u00f3vil.<br \/>\nDe este modo, las estructuras log\u00edsticas propias pueden adaptarse y ampliarse de forma \u00f3ptima seg\u00fan se desee.<\/span><\/div>\n<div>\n<p><span style=\"font-family: Arial;\">Las v\u00edas pueden ajustarse individualmente en longitud y altura, y pueden formarse curvas de hasta 180\u00b0 al mismo tiempo.<\/span><\/p>\n<p>&#8211; acabado galvanizado brillante<br \/>\n&#8211; Altura del borde superior de la v\u00eda ajustable de 720 &#8211; 1150 mm.<br \/>\n&#8211; Para mercanc\u00edas transportadas de hasta 400 mm<br \/>\n&#8211; Distancia entre ejes con carril extendido 150 mm.<br \/>\n&#8211; Ruedas (\u00d8 50 mm) con rodamientos de bolas sobre ejes de 8 mm<br \/>\n&#8211; Tope al final de la rueda<\/p>\n<\/div>\n<div>\n<p>N\u00famero de pies de apoyo 4 piezas <span style=\"color: #ff0000;\"><br \/>\n  <strong>(+una extensi\u00f3n)<\/strong><br \/>\n<\/span><br \/>\nLongitud de banda <span style=\"color: #ff0000;\"><br \/>\n  <strong>2100 &#8211; 6500 mm<\/strong><br \/>\n<\/span><br \/>\nCapacidad de carga\/distancia de la pata de apoyo 100 kg<br \/>\nMaterial de los rodillos: pl\u00e1stico<br \/>\nRodillos por eje 2 piezas<br \/>\nRuedas de pl\u00e1stico<\/p>\n<\/div>\n","protected":false},"excerpt":{"rendered":"<p>transportador de rodillos de tijera Gura 1200-425 2KUX m\u00f3vil regulable en altura de yr. 2009 Los transportadores de rodillos de tijera se utilizan en todas las \u00e1reas de transporte de carga general de la empresa. Especialmente cuando no se desea un sistema montado de forma permanente, se utiliza esta variante m\u00f3vil. De este modo, las [&hellip;]<\/p>\n","protected":false},"featured_media":80020,"template":"","meta":[],"product_brand":[],"product_cat":[3042],"product_tag":[],"class_list":{"0":"post-90121","1":"product","2":"type-product","3":"status-publish","4":"has-post-thumbnail","6":"product_cat-tecnologia-de-transporte-es","7":"pa_hersteller-gura","8":"pa_typ-1200-425-2kux","10":"first","11":"instock","12":"taxable","13":"shipping-taxable","14":"product-type-simple"},"jetpack_sharing_enabled":true,"_links":{"self":[{"href":"https:\/\/www.3p-gmbh.de\/es\/wp-json\/wp\/v2\/product\/90121","targetHints":{"allow":["GET"]}}],"collection":[{"href":"https:\/\/www.3p-gmbh.de\/es\/wp-json\/wp\/v2\/product"}],"about":[{"href":"https:\/\/www.3p-gmbh.de\/es\/wp-json\/wp\/v2\/types\/product"}],"wp:featuredmedia":[{"embeddable":true,"href":"https:\/\/www.3p-gmbh.de\/es\/wp-json\/wp\/v2\/media\/80020"}],"wp:attachment":[{"href":"https:\/\/www.3p-gmbh.de\/es\/wp-json\/wp\/v2\/media?parent=90121"}],"wp:term":[{"taxonomy":"product_brand","embeddable":true,"href":"https:\/\/www.3p-gmbh.de\/es\/wp-json\/wp\/v2\/product_brand?post=90121"},{"taxonomy":"product_cat","embeddable":true,"href":"https:\/\/www.3p-gmbh.de\/es\/wp-json\/wp\/v2\/product_cat?post=90121"},{"taxonomy":"product_tag","embeddable":true,"href":"https:\/\/www.3p-gmbh.de\/es\/wp-json\/wp\/v2\/product_tag?post=90121"}],"curies":[{"name":"wp","href":"https:\/\/api.w.org\/{rel}","templated":true}]}}