{"id":90110,"date":"2021-03-24T09:32:57","date_gmt":"2021-03-24T09:32:57","guid":{"rendered":"https:\/\/www.3p-gmbh.de\/produkt\/banda-todos-bandall-trl-24-30\/"},"modified":"2021-03-24T09:32:57","modified_gmt":"2021-03-24T09:32:57","slug":"banda-todo-trl","status":"publish","type":"product","link":"https:\/\/www.3p-gmbh.de\/es\/produkt\/banda-todo-trl\/","title":{"rendered":"Banda Todos \/ Bandall TRL 24-30"},"content":{"rendered":"<p><strong>Banda Todos \/ Bandall TRL 24-30<\/strong><\/p>\n<ul>\n<li>Formaci\u00f3n de bandas y haces en el montaje lineal<\/li>\n<li>los productos se transportan a trav\u00e9s de la hoja de enfajado mediante una l\u00ednea recta de alimentaci\u00f3n y descarga<\/li>\n<li>El empujador y el tope garantizan que los productos que desea enfajar se coloquen de forma correcta en la hoja de enfajado<\/li>\n<\/ul>\n","protected":false},"excerpt":{"rendered":"<p>Banda Todos \/ Bandall TRL 24-30 Formaci\u00f3n de bandas y haces en el montaje lineal los productos se transportan a trav\u00e9s de la hoja de enfajado mediante una l\u00ednea recta de alimentaci\u00f3n y descarga El empujador y el tope garantizan que los productos que desea enfajar se coloquen de forma correcta en la hoja de [&hellip;]<\/p>\n","protected":false},"featured_media":80086,"template":"","meta":[],"product_brand":[],"product_cat":[2862],"product_tag":[],"class_list":{"0":"post-90110","1":"product","2":"type-product","3":"status-publish","4":"has-post-thumbnail","6":"product_cat-maquinas-perladoras","7":"pa_hersteller-band-all","8":"pa_typ-trl-24-30","10":"first","11":"instock","12":"taxable","13":"shipping-taxable","14":"product-type-simple"},"jetpack_sharing_enabled":true,"_links":{"self":[{"href":"https:\/\/www.3p-gmbh.de\/es\/wp-json\/wp\/v2\/product\/90110","targetHints":{"allow":["GET"]}}],"collection":[{"href":"https:\/\/www.3p-gmbh.de\/es\/wp-json\/wp\/v2\/product"}],"about":[{"href":"https:\/\/www.3p-gmbh.de\/es\/wp-json\/wp\/v2\/types\/product"}],"wp:featuredmedia":[{"embeddable":true,"href":"https:\/\/www.3p-gmbh.de\/es\/wp-json\/wp\/v2\/media\/80086"}],"wp:attachment":[{"href":"https:\/\/www.3p-gmbh.de\/es\/wp-json\/wp\/v2\/media?parent=90110"}],"wp:term":[{"taxonomy":"product_brand","embeddable":true,"href":"https:\/\/www.3p-gmbh.de\/es\/wp-json\/wp\/v2\/product_brand?post=90110"},{"taxonomy":"product_cat","embeddable":true,"href":"https:\/\/www.3p-gmbh.de\/es\/wp-json\/wp\/v2\/product_cat?post=90110"},{"taxonomy":"product_tag","embeddable":true,"href":"https:\/\/www.3p-gmbh.de\/es\/wp-json\/wp\/v2\/product_tag?post=90110"}],"curies":[{"name":"wp","href":"https:\/\/api.w.org\/{rel}","templated":true}]}}