{"id":90108,"date":"2021-04-06T10:39:05","date_gmt":"2021-04-06T10:39:05","guid":{"rendered":"https:\/\/www.3p-gmbh.de\/produkt\/cmc-q-joint-estufadora-plegable\/"},"modified":"2021-04-06T10:39:05","modified_gmt":"2021-04-06T10:39:05","slug":"estufa-plegable-cmc-q-joint","status":"publish","type":"product","link":"https:\/\/www.3p-gmbh.de\/es\/produkt\/estufa-plegable-cmc-q-joint\/","title":{"rendered":"CMC Q-Joint &#8211; estufadora plegable"},"content":{"rendered":"<p><strong>CMC Q-Joint &#8211; estufadora plegable<\/strong><\/p>\n<p>Para formar la gu\u00eda de apertura entre el lomo y la cubierta del libro.<\/p>\n<p>Anchura de inserci\u00f3n 50 cm<br \/>\nGrosor del libro 5 &#8211; 80 mm<\/p>\n<p>-Las cuchillas se calientan mediante resistencias el\u00e9ctricas con regulador de calor.<br \/>\n-Versiones con dispositivo para ciclo autom\u00e1tico y prensado neum\u00e1tico<br \/>\nque permite ajustar el tiempo de presi\u00f3n<\/p>\n<p><a href=\"http:\/\/www.cmc-italia.com\/pdf\/Q-Joint_CMC_Italia.pdf\">http:\/\/www.cmc-italia.com\/pdf\/Q-Joint_CMC_Italia.pdf<\/a><\/p>\n","protected":false},"excerpt":{"rendered":"<p>CMC Q-Joint &#8211; estufadora plegable Para formar la gu\u00eda de apertura entre el lomo y la cubierta del libro. Anchura de inserci\u00f3n 50 cm Grosor del libro 5 &#8211; 80 mm -Las cuchillas se calientan mediante resistencias el\u00e9ctricas con regulador de calor. -Versiones con dispositivo para ciclo autom\u00e1tico y prensado neum\u00e1tico que permite ajustar el [&hellip;]<\/p>\n","protected":false},"featured_media":80168,"template":"","meta":[],"product_brand":[],"product_cat":[2894],"product_tag":[],"class_list":{"0":"post-90108","1":"product","2":"type-product","3":"status-publish","4":"has-post-thumbnail","6":"product_cat-surtido-encuadernacion","7":"pa_hersteller-cmc","8":"pa_typ-q-joint","10":"first","11":"instock","12":"taxable","13":"shipping-taxable","14":"product-type-simple"},"jetpack_sharing_enabled":true,"_links":{"self":[{"href":"https:\/\/www.3p-gmbh.de\/es\/wp-json\/wp\/v2\/product\/90108","targetHints":{"allow":["GET"]}}],"collection":[{"href":"https:\/\/www.3p-gmbh.de\/es\/wp-json\/wp\/v2\/product"}],"about":[{"href":"https:\/\/www.3p-gmbh.de\/es\/wp-json\/wp\/v2\/types\/product"}],"wp:featuredmedia":[{"embeddable":true,"href":"https:\/\/www.3p-gmbh.de\/es\/wp-json\/wp\/v2\/media\/80168"}],"wp:attachment":[{"href":"https:\/\/www.3p-gmbh.de\/es\/wp-json\/wp\/v2\/media?parent=90108"}],"wp:term":[{"taxonomy":"product_brand","embeddable":true,"href":"https:\/\/www.3p-gmbh.de\/es\/wp-json\/wp\/v2\/product_brand?post=90108"},{"taxonomy":"product_cat","embeddable":true,"href":"https:\/\/www.3p-gmbh.de\/es\/wp-json\/wp\/v2\/product_cat?post=90108"},{"taxonomy":"product_tag","embeddable":true,"href":"https:\/\/www.3p-gmbh.de\/es\/wp-json\/wp\/v2\/product_tag?post=90108"}],"curies":[{"name":"wp","href":"https:\/\/api.w.org\/{rel}","templated":true}]}}