{"id":90105,"date":"2021-04-06T10:16:50","date_gmt":"2021-04-06T10:16:50","guid":{"rendered":"https:\/\/www.3p-gmbh.de\/produkt\/cmc-moldeadora-de-techos-q-cover-start-50-70\/"},"modified":"2021-04-06T10:16:50","modified_gmt":"2021-04-06T10:16:50","slug":"cmc-q-cover-start-50-70-ceiling-maker","status":"publish","type":"product","link":"https:\/\/www.3p-gmbh.de\/es\/produkt\/cmc-q-cover-start-50-70-ceiling-maker\/","title":{"rendered":"CMC &#8211; Moldeadora de techos Q-Cover START 50-70"},"content":{"rendered":"<p><strong>CMC &#8211; Moldeadora de techos Q-Cover START 50-70<\/strong><\/p>\n<p>Unidad de envoltura con mesa de succi\u00f3n de aire y gu\u00eda para colocar las placas del techo.<\/p>\n<p>Adecuado para clientes que ya disponen de una encoladora y una m\u00e1quina de limpieza.<br \/>\nPara productos de alta calidad con una inversi\u00f3n reducida.<\/p>\n<p>Formato min. 12 x 15 cm<br \/>\nFormato m\u00e1x. 50 x 70 cm<br \/>\nGrosor del papel de cubierta 100 &#8211; 170 gramos\/m2<br \/>\nGrosor del cart\u00f3n 1,5 &#8211; 3,0 mm<\/p>\n<p><a href=\"http:\/\/www.cmc-italia.com\/pdf\/Q-Cover_CMC_Italia.pdf\">http:\/\/www.cmc-italia.com\/pdf\/Q-Cover_CMC_Italia.pdf<\/a><\/p>\n","protected":false},"excerpt":{"rendered":"<p>CMC &#8211; Moldeadora de techos Q-Cover START 50-70 Unidad de envoltura con mesa de succi\u00f3n de aire y gu\u00eda para colocar las placas del techo. Adecuado para clientes que ya disponen de una encoladora y una m\u00e1quina de limpieza. Para productos de alta calidad con una inversi\u00f3n reducida. Formato min. 12 x 15 cm Formato [&hellip;]<\/p>\n","protected":false},"featured_media":80153,"template":"","meta":[],"product_brand":[],"product_cat":[2894],"product_tag":[],"class_list":{"0":"post-90105","1":"product","2":"type-product","3":"status-publish","4":"has-post-thumbnail","6":"product_cat-surtido-encuadernacion","7":"pa_hersteller-cmc","8":"pa_typ-q-cover-start","10":"first","11":"instock","12":"taxable","13":"shipping-taxable","14":"product-type-simple"},"jetpack_sharing_enabled":true,"_links":{"self":[{"href":"https:\/\/www.3p-gmbh.de\/es\/wp-json\/wp\/v2\/product\/90105","targetHints":{"allow":["GET"]}}],"collection":[{"href":"https:\/\/www.3p-gmbh.de\/es\/wp-json\/wp\/v2\/product"}],"about":[{"href":"https:\/\/www.3p-gmbh.de\/es\/wp-json\/wp\/v2\/types\/product"}],"wp:featuredmedia":[{"embeddable":true,"href":"https:\/\/www.3p-gmbh.de\/es\/wp-json\/wp\/v2\/media\/80153"}],"wp:attachment":[{"href":"https:\/\/www.3p-gmbh.de\/es\/wp-json\/wp\/v2\/media?parent=90105"}],"wp:term":[{"taxonomy":"product_brand","embeddable":true,"href":"https:\/\/www.3p-gmbh.de\/es\/wp-json\/wp\/v2\/product_brand?post=90105"},{"taxonomy":"product_cat","embeddable":true,"href":"https:\/\/www.3p-gmbh.de\/es\/wp-json\/wp\/v2\/product_cat?post=90105"},{"taxonomy":"product_tag","embeddable":true,"href":"https:\/\/www.3p-gmbh.de\/es\/wp-json\/wp\/v2\/product_tag?post=90105"}],"curies":[{"name":"wp","href":"https:\/\/api.w.org\/{rel}","templated":true}]}}