{"id":90058,"date":"2021-04-06T20:01:18","date_gmt":"2021-04-06T20:01:18","guid":{"rendered":"https:\/\/www.3p-gmbh.de\/produkt\/alta-capacidad-de-entrega-de-paquetes-heidelberg-steel-twinstacker-tsh-100\/"},"modified":"2021-04-06T20:01:18","modified_gmt":"2021-04-06T20:01:18","slug":"apilador-doble-de-acero-de-alto-rendimiento-heidelberg-tsh-100","status":"publish","type":"product","link":"https:\/\/www.3p-gmbh.de\/es\/produkt\/apilador-doble-de-acero-de-alto-rendimiento-heidelberg-tsh-100\/","title":{"rendered":"Alta capacidad de entrega de paquetes Heidelberg Steel Twinstacker TSH-100"},"content":{"rendered":"<p><strong>Alta capacidad de entrega de paquetes Heidelberg Steel Twinstacker TSH-100<\/strong><br \/>\ndesde 2011<\/p>\n<p>-\u00d3ptimo para el trabajo unipersonal en plegadoras con altas velocidades de hasta 18.000 ciclos.<br \/>\n-Control MCT<br \/>\n-Posicionamiento sin marcas de hasta tres paneles, con extracci\u00f3n ergon\u00f3mica de f\u00e1cil manejo<br \/>\n-m\u00e1x. Formato 1000x340mm<br \/>\n-min. Formato 100x100mm<br \/>\n-Espesor m\u00e1ximo del producto 6 mm<br \/>\n-Altura de apilado por nivel m\u00e1x. 10 cm<\/p>\n","protected":false},"excerpt":{"rendered":"<p>Alta capacidad de entrega de paquetes Heidelberg Steel Twinstacker TSH-100 desde 2011 -\u00d3ptimo para el trabajo unipersonal en plegadoras con altas velocidades de hasta 18.000 ciclos. -Control MCT -Posicionamiento sin marcas de hasta tres paneles, con extracci\u00f3n ergon\u00f3mica de f\u00e1cil manejo -m\u00e1x. Formato 1000x340mm -min. Formato 100x100mm -Espesor m\u00e1ximo del producto 6 mm -Altura de [&hellip;]<\/p>\n","protected":false},"featured_media":80288,"template":"","meta":[],"product_brand":[],"product_cat":[2913],"product_tag":[],"class_list":{"0":"post-90058","1":"product","2":"type-product","3":"status-publish","4":"has-post-thumbnail","6":"product_cat-gastos","7":"pa_hersteller-heidelberg-stahl","8":"pa_typ-tsh-100","10":"first","11":"instock","12":"taxable","13":"shipping-taxable","14":"product-type-simple"},"jetpack_sharing_enabled":true,"_links":{"self":[{"href":"https:\/\/www.3p-gmbh.de\/es\/wp-json\/wp\/v2\/product\/90058","targetHints":{"allow":["GET"]}}],"collection":[{"href":"https:\/\/www.3p-gmbh.de\/es\/wp-json\/wp\/v2\/product"}],"about":[{"href":"https:\/\/www.3p-gmbh.de\/es\/wp-json\/wp\/v2\/types\/product"}],"wp:featuredmedia":[{"embeddable":true,"href":"https:\/\/www.3p-gmbh.de\/es\/wp-json\/wp\/v2\/media\/80288"}],"wp:attachment":[{"href":"https:\/\/www.3p-gmbh.de\/es\/wp-json\/wp\/v2\/media?parent=90058"}],"wp:term":[{"taxonomy":"product_brand","embeddable":true,"href":"https:\/\/www.3p-gmbh.de\/es\/wp-json\/wp\/v2\/product_brand?post=90058"},{"taxonomy":"product_cat","embeddable":true,"href":"https:\/\/www.3p-gmbh.de\/es\/wp-json\/wp\/v2\/product_cat?post=90058"},{"taxonomy":"product_tag","embeddable":true,"href":"https:\/\/www.3p-gmbh.de\/es\/wp-json\/wp\/v2\/product_tag?post=90058"}],"curies":[{"name":"wp","href":"https:\/\/api.w.org\/{rel}","templated":true}]}}