{"id":90045,"date":"2021-04-06T20:09:13","date_gmt":"2021-04-06T20:09:13","guid":{"rendered":"https:\/\/www.3p-gmbh.de\/produkt\/compresor-worthington-rollair-rlr-750-bm-6-500-t-con-secador-frigorifico-hankison\/"},"modified":"2021-04-06T20:09:13","modified_gmt":"2021-04-06T20:09:13","slug":"compresor-worthington-rollair-rlr-750-bm-6-500-t-con-secador-de-aire-hankison-kaelte","status":"publish","type":"product","link":"https:\/\/www.3p-gmbh.de\/es\/produkt\/compresor-worthington-rollair-rlr-750-bm-6-500-t-con-secador-de-aire-hankison-kaelte\/","title":{"rendered":"Compresor Worthington Rollair RLR 750 BM 6 500 T con secador frigor\u00edfico Hankison"},"content":{"rendered":"<p><strong>Compresor Worthington Rollair RLR 750 BM 6 500 T con secador frigor\u00edfico Hankison<\/strong><br \/>\ncon unas 28.000 horas de funcionamiento<\/p>\n<p>Unidad compacta totalmente autom\u00e1tica, internamente entubada y cableada,<br \/>\ncompresor de una etapa con inyecci\u00f3n de aceite, refrigerado por aire, silenciado<\/p>\n<p>Presi\u00f3n de funcionamiento 10 bar<br \/>\nCaudal 40 m3\/hora<br \/>\nPotencia 5,5 KW<br \/>\nCaldera 500 litros<\/p>\n<p><a href=\"https:\/\/www.3p-gmbh.de\/wp-content\/uploads\/2021\/04\/ROLLAIR_550_2000_EN.pdf\">ROLLAIR_550_2000_ES<\/a><\/p>\n","protected":false},"excerpt":{"rendered":"<p>Compresor Worthington Rollair RLR 750 BM 6 500 T con secador frigor\u00edfico Hankison con unas 28.000 horas de funcionamiento Unidad compacta totalmente autom\u00e1tica, internamente entubada y cableada, compresor de una etapa con inyecci\u00f3n de aceite, refrigerado por aire, silenciado Presi\u00f3n de funcionamiento 10 bar Caudal 40 m3\/hora Potencia 5,5 KW Caldera 500 litros ROLLAIR_550_2000_ES<\/p>\n","protected":false},"featured_media":80318,"template":"","meta":[],"product_brand":[],"product_cat":[2929],"product_tag":[],"class_list":{"0":"post-90045","1":"product","2":"type-product","3":"status-publish","4":"has-post-thumbnail","6":"product_cat-compresores-y-bombas-de-vacio","7":"pa_hersteller-worthington-creyssensac","8":"pa_typ-rollair-rlr-750-bm-6-500-t","10":"first","11":"instock","12":"taxable","13":"shipping-taxable","14":"product-type-simple"},"jetpack_sharing_enabled":true,"_links":{"self":[{"href":"https:\/\/www.3p-gmbh.de\/es\/wp-json\/wp\/v2\/product\/90045","targetHints":{"allow":["GET"]}}],"collection":[{"href":"https:\/\/www.3p-gmbh.de\/es\/wp-json\/wp\/v2\/product"}],"about":[{"href":"https:\/\/www.3p-gmbh.de\/es\/wp-json\/wp\/v2\/types\/product"}],"wp:featuredmedia":[{"embeddable":true,"href":"https:\/\/www.3p-gmbh.de\/es\/wp-json\/wp\/v2\/media\/80318"}],"wp:attachment":[{"href":"https:\/\/www.3p-gmbh.de\/es\/wp-json\/wp\/v2\/media?parent=90045"}],"wp:term":[{"taxonomy":"product_brand","embeddable":true,"href":"https:\/\/www.3p-gmbh.de\/es\/wp-json\/wp\/v2\/product_brand?post=90045"},{"taxonomy":"product_cat","embeddable":true,"href":"https:\/\/www.3p-gmbh.de\/es\/wp-json\/wp\/v2\/product_cat?post=90045"},{"taxonomy":"product_tag","embeddable":true,"href":"https:\/\/www.3p-gmbh.de\/es\/wp-json\/wp\/v2\/product_tag?post=90045"}],"curies":[{"name":"wp","href":"https:\/\/api.w.org\/{rel}","templated":true}]}}