{"id":90032,"date":"2021-04-30T10:20:21","date_gmt":"2021-04-30T10:20:21","guid":{"rendered":"https:\/\/www.3p-gmbh.de\/produkt\/dispositivo-de-proteccion-polar-mohr-para-lineas-de-corte-especialmente-detras-de-transomats\/"},"modified":"2021-04-30T10:20:21","modified_gmt":"2021-04-30T10:20:21","slug":"polar-mohr-protection-device-for-cutting-lines-especial-behind-transomats","status":"publish","type":"product","link":"https:\/\/www.3p-gmbh.de\/es\/produkt\/polar-mohr-protection-device-for-cutting-lines-especial-behind-transomats\/","title":{"rendered":"Dispositivo de protecci\u00f3n Polar Mohr para l\u00edneas de corte, especialmente detr\u00e1s de Transomats"},"content":{"rendered":"<p><strong>Dispositivo de protecci\u00f3n Polar Mohr para l\u00edneas de corte, especialmente detr\u00e1s de Transomats  <\/strong><\/p>\n<p>elementos de pared disponibles:<\/p>\n<p>1 elemento : altura 170 cm , anchura 100 cm<br \/>\n2 elementos: Altura 170 cm , anchura 120 cm<br \/>\n2 elementos: altura 170 cm , anchura 150 cm<\/p>\n<p>5 elementos: Altura 180 cm , anchura 150 cm<br \/>\n4 elementos: Altura 180 cm , anchura 60 cm<\/p>\n","protected":false},"excerpt":{"rendered":"<p>Dispositivo de protecci\u00f3n Polar Mohr para l\u00edneas de corte, especialmente detr\u00e1s de Transomats elementos de pared disponibles: 1 elemento : altura 170 cm , anchura 100 cm 2 elementos: Altura 170 cm , anchura 120 cm 2 elementos: altura 170 cm , anchura 150 cm 5 elementos: Altura 180 cm , anchura 150 cm 4 [&hellip;]<\/p>\n","protected":false},"featured_media":80397,"template":"","meta":[],"product_brand":[],"product_cat":[3018],"product_tag":[],"class_list":{"0":"post-90032","1":"product","2":"type-product","3":"status-publish","4":"has-post-thumbnail","6":"product_cat-maquinas-de-corte-es","7":"pa_hersteller-polar-mohr","9":"first","10":"instock","11":"taxable","12":"shipping-taxable","13":"product-type-simple"},"jetpack_sharing_enabled":true,"_links":{"self":[{"href":"https:\/\/www.3p-gmbh.de\/es\/wp-json\/wp\/v2\/product\/90032","targetHints":{"allow":["GET"]}}],"collection":[{"href":"https:\/\/www.3p-gmbh.de\/es\/wp-json\/wp\/v2\/product"}],"about":[{"href":"https:\/\/www.3p-gmbh.de\/es\/wp-json\/wp\/v2\/types\/product"}],"wp:featuredmedia":[{"embeddable":true,"href":"https:\/\/www.3p-gmbh.de\/es\/wp-json\/wp\/v2\/media\/80397"}],"wp:attachment":[{"href":"https:\/\/www.3p-gmbh.de\/es\/wp-json\/wp\/v2\/media?parent=90032"}],"wp:term":[{"taxonomy":"product_brand","embeddable":true,"href":"https:\/\/www.3p-gmbh.de\/es\/wp-json\/wp\/v2\/product_brand?post=90032"},{"taxonomy":"product_cat","embeddable":true,"href":"https:\/\/www.3p-gmbh.de\/es\/wp-json\/wp\/v2\/product_cat?post=90032"},{"taxonomy":"product_tag","embeddable":true,"href":"https:\/\/www.3p-gmbh.de\/es\/wp-json\/wp\/v2\/product_tag?post=90032"}],"curies":[{"name":"wp","href":"https:\/\/api.w.org\/{rel}","templated":true}]}}