{"id":90027,"date":"2021-05-09T13:41:53","date_gmt":"2021-05-09T13:41:53","guid":{"rendered":"https:\/\/www.3p-gmbh.de\/produkt\/linea-de-corte-de-alto-rendimiento-baumann-wohlenberg-perfecta-132-ts-ase-lm\/"},"modified":"2021-05-09T13:41:53","modified_gmt":"2021-05-09T13:41:53","slug":"linea-de-nieve-de-alto-rendimiento-baumann-wohlenberg-perfecta-132-ts-ase-lm","status":"publish","type":"product","link":"https:\/\/www.3p-gmbh.de\/es\/produkt\/linea-de-nieve-de-alto-rendimiento-baumann-wohlenberg-perfecta-132-ts-ase-lm\/","title":{"rendered":"L\u00ednea de corte de alto rendimiento Baumann Wohlenberg Perfecta 132 TS ASE LM"},"content":{"rendered":"<p><strong>L\u00ednea de corte de alto rendimiento Baumann Wohlenberg P 132 TS ASE LM<\/strong><br \/>\n<strong>desde 2009<\/strong><\/p>\n<p><em><strong>con<\/strong><\/em><\/p>\n<p><strong>Vibrador Baumann BSB 5-L<\/strong><br \/>\ncon dos trampillas de accionamiento neum\u00e1tico, trampilla izquierda con abertura para pinza de agarre<br \/>\nTama\u00f1o de la hoja 900 x 1300 mm<br \/>\nAltura de la capa 160 mm<\/p>\n<p><strong>con transporte de pinzas a la mesa trasera &#8211; Sistema de transporte Baumann BSF -R 5<\/strong><\/p>\n<p><strong>Cortadora de alta velocidad Wohlenberg Perfecta 132 TS ASE<\/strong> (evacuaci\u00f3n de virutas a trav\u00e9s de la abertura de la mesa delante de la cuchilla)<br \/>\n<strong>Cinta transportadora de virutas<\/strong> saliendo por la derecha hacia la boquilla de extracci\u00f3n<\/p>\n<p><strong>Apilador izquierdo con dos compartimentos de inserci\u00f3n autom\u00e1tica de pal\u00e9s Baumann BA-3 F<\/strong><\/p>\n<p><em><strong>Demo bajo<\/strong><\/em><br \/>\n<a href=\"https:\/\/youtu.be\/9hpPMEKaF3s\">https:\/\/youtu.be\/9hpPMEKaF3s<\/a><\/p>\n<p><a href=\"https:\/\/www.3p-gmbh.de\/wp-content\/uploads\/2021\/05\/Aufstellplan-Wohlenberg-132-TS-ASE.pdf\">Plan de instalaci\u00f3n Wohlenberg 132 TS ASE<\/a><\/p>\n","protected":false},"excerpt":{"rendered":"<p>L\u00ednea de corte de alto rendimiento Baumann Wohlenberg P 132 TS ASE LM desde 2009 con Vibrador Baumann BSB 5-L con dos trampillas de accionamiento neum\u00e1tico, trampilla izquierda con abertura para pinza de agarre Tama\u00f1o de la hoja 900 x 1300 mm Altura de la capa 160 mm con transporte de pinzas a la mesa [&hellip;]<\/p>\n","protected":false},"featured_media":80550,"template":"","meta":[],"product_brand":[],"product_cat":[3018],"product_tag":[],"class_list":{"0":"post-90027","1":"product","2":"type-product","3":"status-publish","4":"has-post-thumbnail","6":"product_cat-maquinas-de-corte-es","7":"pa_hersteller-baumann-wohlenberg","8":"pa_typ-perfecta-132-ts-ase-lm","10":"first","11":"instock","12":"taxable","13":"shipping-taxable","14":"product-type-simple"},"jetpack_sharing_enabled":true,"_links":{"self":[{"href":"https:\/\/www.3p-gmbh.de\/es\/wp-json\/wp\/v2\/product\/90027","targetHints":{"allow":["GET"]}}],"collection":[{"href":"https:\/\/www.3p-gmbh.de\/es\/wp-json\/wp\/v2\/product"}],"about":[{"href":"https:\/\/www.3p-gmbh.de\/es\/wp-json\/wp\/v2\/types\/product"}],"wp:featuredmedia":[{"embeddable":true,"href":"https:\/\/www.3p-gmbh.de\/es\/wp-json\/wp\/v2\/media\/80550"}],"wp:attachment":[{"href":"https:\/\/www.3p-gmbh.de\/es\/wp-json\/wp\/v2\/media?parent=90027"}],"wp:term":[{"taxonomy":"product_brand","embeddable":true,"href":"https:\/\/www.3p-gmbh.de\/es\/wp-json\/wp\/v2\/product_brand?post=90027"},{"taxonomy":"product_cat","embeddable":true,"href":"https:\/\/www.3p-gmbh.de\/es\/wp-json\/wp\/v2\/product_cat?post=90027"},{"taxonomy":"product_tag","embeddable":true,"href":"https:\/\/www.3p-gmbh.de\/es\/wp-json\/wp\/v2\/product_tag?post=90027"}],"curies":[{"name":"wp","href":"https:\/\/api.w.org\/{rel}","templated":true}]}}