{"id":89999,"date":"2021-06-14T21:44:55","date_gmt":"2021-06-14T21:44:55","guid":{"rendered":"https:\/\/www.3p-gmbh.de\/produkt\/karl-krause-fnp-500-prensa-de-rodillera-prensa-para-libros-prensa-para-cuero-prensa-plegadora-de-baja-presion\/"},"modified":"2021-06-14T21:44:55","modified_gmt":"2021-06-14T21:44:55","slug":"karl-krause-fnp-500-toggle-press-libro-prensa-cuero-prensa-plegable-baja-prensa","status":"publish","type":"product","link":"https:\/\/www.3p-gmbh.de\/es\/produkt\/karl-krause-fnp-500-toggle-press-libro-prensa-cuero-prensa-plegable-baja-prensa\/","title":{"rendered":"Karl Krause FNP 500 &#8211; Prensa de rodillera &#8211; Prensa para libros &#8211; Prensa para cuero &#8211; Prensa plegadora de baja presi\u00f3n"},"content":{"rendered":"<p><strong>Karl Krause FNP 500 \/ prensa de palanca \/ prensa para libros \/ prensa para cuero \/ prensa plegadora de baja presi\u00f3n<\/strong><\/p>\n<p>De construcci\u00f3n muy s\u00f3lida.<br \/>\nTotalmente funcional.<br \/>\nPrensado \/ prensado de libros r\u00e1pido y econ\u00f3mico<br \/>\nSuper para prensar capas de cuero<br \/>\nIdeal para carreras cortas.<\/p>\n<p>Superficie de prensado 50 x 25 cm<br \/>\nAltura de la prensa cerrada aprox. 9,5 cm<\/p>\n","protected":false},"excerpt":{"rendered":"<p>Karl Krause FNP 500 \/ prensa de palanca \/ prensa para libros \/ prensa para cuero \/ prensa plegadora de baja presi\u00f3n De construcci\u00f3n muy s\u00f3lida. Totalmente funcional. Prensado \/ prensado de libros r\u00e1pido y econ\u00f3mico Super para prensar capas de cuero Ideal para carreras cortas. Superficie de prensado 50 x 25 cm Altura de [&hellip;]<\/p>\n","protected":false},"featured_media":81125,"template":"","meta":[],"product_brand":[],"product_cat":[2925,2894],"product_tag":[],"class_list":{"0":"post-89999","1":"product","2":"type-product","3":"status-publish","4":"has-post-thumbnail","6":"product_cat-prensas-es","7":"product_cat-surtido-encuadernacion","8":"pa_hersteller-karl-krause","9":"pa_typ-fnp-500","11":"first","12":"instock","13":"taxable","14":"shipping-taxable","15":"product-type-simple"},"jetpack_sharing_enabled":true,"_links":{"self":[{"href":"https:\/\/www.3p-gmbh.de\/es\/wp-json\/wp\/v2\/product\/89999","targetHints":{"allow":["GET"]}}],"collection":[{"href":"https:\/\/www.3p-gmbh.de\/es\/wp-json\/wp\/v2\/product"}],"about":[{"href":"https:\/\/www.3p-gmbh.de\/es\/wp-json\/wp\/v2\/types\/product"}],"wp:featuredmedia":[{"embeddable":true,"href":"https:\/\/www.3p-gmbh.de\/es\/wp-json\/wp\/v2\/media\/81125"}],"wp:attachment":[{"href":"https:\/\/www.3p-gmbh.de\/es\/wp-json\/wp\/v2\/media?parent=89999"}],"wp:term":[{"taxonomy":"product_brand","embeddable":true,"href":"https:\/\/www.3p-gmbh.de\/es\/wp-json\/wp\/v2\/product_brand?post=89999"},{"taxonomy":"product_cat","embeddable":true,"href":"https:\/\/www.3p-gmbh.de\/es\/wp-json\/wp\/v2\/product_cat?post=89999"},{"taxonomy":"product_tag","embeddable":true,"href":"https:\/\/www.3p-gmbh.de\/es\/wp-json\/wp\/v2\/product_tag?post=89999"}],"curies":[{"name":"wp","href":"https:\/\/api.w.org\/{rel}","templated":true}]}}