{"id":89997,"date":"2021-06-14T21:11:43","date_gmt":"2021-06-14T21:11:43","guid":{"rendered":"https:\/\/www.3p-gmbh.de\/produkt\/tan-buena-como-nueva-envasadora-de-film-con-hombro-formador-beck-multiplex-pico-mp-con-tunel-de-retractilado-hv-601\/"},"modified":"2021-06-14T21:11:43","modified_gmt":"2021-06-14T21:11:43","slug":"as-nuevo-envolvente-con-forma-de-hombro-maquina-beck-multiplex-pico-mp-con-tunel-encogible-hv-601","status":"publish","type":"product","link":"https:\/\/www.3p-gmbh.de\/es\/produkt\/as-nuevo-envolvente-con-forma-de-hombro-maquina-beck-multiplex-pico-mp-con-tunel-encogible-hv-601\/","title":{"rendered":"tan buena como nueva envasadora de film con hombro formador Beck Multiplex Pico MP con t\u00fanel de retractilado HV 601"},"content":{"rendered":"<p><strong>tan buena como nueva envasadora de film con hombro formador Beck Multiplex Pico MP con t\u00fanel de retractilado HV 601  <\/strong><br \/>\n<strong>de yr. 2008<\/strong><\/p>\n<div>\n<p><em>1 (una) cinta de alimentaci\u00f3n con cuerpo de cinta dividido de 40 mm de ancho y 340 mm de largo<\/em><\/p>\n<p><em>1 (uno) Formadora de hombros beck-Multiplex MP pico<\/em><br \/>\nModelo b\u00e1sico para aplicaciones est\u00e1ndar de uso flexible y sencillo.<br \/>\nSistemas de sellado de bajo mantenimiento para todo tipo de l\u00e1minas, sellado por 3 lados y accionamientos de \u00faltima generaci\u00f3n que ahorran energ\u00eda.<\/p>\n<p>Con el principio del hombro conformado se consigue una flexibilidad ejemplar con diferentes formatos y materiales.<br \/>\nSe pasa un rollo de l\u00e1mina semitubular por un hombro conformador y se suelda por 3 lados o solap\u00e1ndose.<\/p>\n<p>Funcionamiento flexible y sencillo<br \/>\nCap\u00f3 carenado de una pieza para una accesibilidad \u00f3ptima<br \/>\nPanel de control m\u00f3vil con memoria de datos de productos envasados<br \/>\nSistemas de soldadura con calentamiento permanente y bajo mantenimiento<\/p>\n<p><em>1 (un) t\u00fanel de retracci\u00f3n beck HV 601 Standard<br \/>\n<\/em>Alto rendimiento, bajo consumo. Un aut\u00e9ntico manojo de energ\u00eda en materia de sostenibilidad.<br \/>\nEl t\u00fanel de retractilado Beck, con su balance energ\u00e9tico optimizado, su gu\u00eda de aire y su sistema de retractilado, proporciona retractilados brillantes con una amplia variedad de films.<\/p>\n<\/div>\n","protected":false},"excerpt":{"rendered":"<p>tan buena como nueva envasadora de film con hombro formador Beck Multiplex Pico MP con t\u00fanel de retractilado HV 601 de yr. 2008 1 (una) cinta de alimentaci\u00f3n con cuerpo de cinta dividido de 40 mm de ancho y 340 mm de largo 1 (uno) Formadora de hombros beck-Multiplex MP pico Modelo b\u00e1sico para aplicaciones [&hellip;]<\/p>\n","protected":false},"featured_media":81089,"template":"","meta":[],"product_brand":[],"product_cat":[3028],"product_tag":[],"class_list":{"0":"post-89997","1":"product","2":"type-product","3":"status-publish","4":"has-post-thumbnail","6":"product_cat-envasadora-de-film-y-envasadora-estirable","7":"pa_hersteller-beck","8":"pa_typ-multiplex-pico-mp","10":"first","11":"instock","12":"taxable","13":"shipping-taxable","14":"product-type-simple"},"jetpack_sharing_enabled":true,"_links":{"self":[{"href":"https:\/\/www.3p-gmbh.de\/es\/wp-json\/wp\/v2\/product\/89997","targetHints":{"allow":["GET"]}}],"collection":[{"href":"https:\/\/www.3p-gmbh.de\/es\/wp-json\/wp\/v2\/product"}],"about":[{"href":"https:\/\/www.3p-gmbh.de\/es\/wp-json\/wp\/v2\/types\/product"}],"wp:featuredmedia":[{"embeddable":true,"href":"https:\/\/www.3p-gmbh.de\/es\/wp-json\/wp\/v2\/media\/81089"}],"wp:attachment":[{"href":"https:\/\/www.3p-gmbh.de\/es\/wp-json\/wp\/v2\/media?parent=89997"}],"wp:term":[{"taxonomy":"product_brand","embeddable":true,"href":"https:\/\/www.3p-gmbh.de\/es\/wp-json\/wp\/v2\/product_brand?post=89997"},{"taxonomy":"product_cat","embeddable":true,"href":"https:\/\/www.3p-gmbh.de\/es\/wp-json\/wp\/v2\/product_cat?post=89997"},{"taxonomy":"product_tag","embeddable":true,"href":"https:\/\/www.3p-gmbh.de\/es\/wp-json\/wp\/v2\/product_tag?post=89997"}],"curies":[{"name":"wp","href":"https:\/\/api.w.org\/{rel}","templated":true}]}}