{"id":89984,"date":"2021-06-16T09:08:15","date_gmt":"2021-06-16T09:08:15","guid":{"rendered":"https:\/\/www.3p-gmbh.de\/produkt\/flejadora-compacta-ats-tanner-transit-ats-us-2000-adu\/"},"modified":"2021-06-16T09:08:15","modified_gmt":"2021-06-16T09:08:15","slug":"compact-ats-tanner-transit-strapping-machine-ats-us-2000-adu","status":"publish","type":"product","link":"https:\/\/www.3p-gmbh.de\/es\/produkt\/compact-ats-tanner-transit-strapping-machine-ats-us-2000-adu\/","title":{"rendered":"Flejadora compacta ATS Tanner Transit ATS US-2000 ADU"},"content":{"rendered":"<p><strong>Flejadora compacta ATS Tanner Transit ATS US-2000 ADU<\/strong><br \/>\npara la integraci\u00f3n en l\u00edneas de envasado<\/p>\n<p>de yr. 2015<\/p>\n<p>Tama\u00f1o del marco 260&#215;180<br \/>\nBanda de 40 mm<\/p>\n","protected":false},"excerpt":{"rendered":"<p>Flejadora compacta ATS Tanner Transit ATS US-2000 ADU para la integraci\u00f3n en l\u00edneas de envasado de yr. 2015 Tama\u00f1o del marco 260&#215;180 Banda de 40 mm<\/p>\n","protected":false},"featured_media":81146,"template":"","meta":[],"product_brand":[],"product_cat":[3006],"product_tag":[],"class_list":{"0":"post-89984","1":"product","2":"type-product","3":"status-publish","4":"has-post-thumbnail","6":"product_cat-flejadoras","7":"pa_hersteller-ats-tanner","8":"pa_typ-ats-us-2000-adu","10":"first","11":"instock","12":"taxable","13":"shipping-taxable","14":"product-type-simple"},"jetpack_sharing_enabled":true,"_links":{"self":[{"href":"https:\/\/www.3p-gmbh.de\/es\/wp-json\/wp\/v2\/product\/89984","targetHints":{"allow":["GET"]}}],"collection":[{"href":"https:\/\/www.3p-gmbh.de\/es\/wp-json\/wp\/v2\/product"}],"about":[{"href":"https:\/\/www.3p-gmbh.de\/es\/wp-json\/wp\/v2\/types\/product"}],"wp:featuredmedia":[{"embeddable":true,"href":"https:\/\/www.3p-gmbh.de\/es\/wp-json\/wp\/v2\/media\/81146"}],"wp:attachment":[{"href":"https:\/\/www.3p-gmbh.de\/es\/wp-json\/wp\/v2\/media?parent=89984"}],"wp:term":[{"taxonomy":"product_brand","embeddable":true,"href":"https:\/\/www.3p-gmbh.de\/es\/wp-json\/wp\/v2\/product_brand?post=89984"},{"taxonomy":"product_cat","embeddable":true,"href":"https:\/\/www.3p-gmbh.de\/es\/wp-json\/wp\/v2\/product_cat?post=89984"},{"taxonomy":"product_tag","embeddable":true,"href":"https:\/\/www.3p-gmbh.de\/es\/wp-json\/wp\/v2\/product_tag?post=89984"}],"curies":[{"name":"wp","href":"https:\/\/api.w.org\/{rel}","templated":true}]}}