{"id":89932,"date":"2021-08-14T08:03:22","date_gmt":"2021-08-14T08:03:22","guid":{"rendered":"https:\/\/www.3p-gmbh.de\/produkt\/encajadora-neumatica-beck-kv-600-con-cinta-de-alimentacion-de-200-cm\/"},"modified":"2021-08-14T08:03:22","modified_gmt":"2021-08-14T08:03:22","slug":"beck-collection-packer-kv-600-neumatico-con-correa-de-entrada-de-200cm","status":"publish","type":"product","link":"https:\/\/www.3p-gmbh.de\/es\/produkt\/beck-collection-packer-kv-600-neumatico-con-correa-de-entrada-de-200cm\/","title":{"rendered":"encajadora neum\u00e1tica beck KV 600 con cinta de alimentaci\u00f3n de 200 cm"},"content":{"rendered":"<p><strong>encajonadora de fardos totalmente autom\u00e1tica de beck Packautomaten &#8211; encajonadora neum\u00e1tica beck KV 600 con cinta de entrada de 200 cm<\/strong><br \/>\n<strong>de yr. 2009<\/strong><\/p>\n<p>Enfajadora retr\u00e1ctil con sistemas de alimentaci\u00f3n y soldadura de banda para aplicaciones de separaci\u00f3n y costura ancha<br \/>\nenfajadoras beck &#8211; aut\u00e9nticas todoterreno para unidades de una o varias piezas&#8230;<br \/>\nProporcionan un envasado fiable para unidades de una o varias piezas de todas las formas.<br \/>\nCon 2 rollos de pel\u00edcula plana y 2 movimientos transversales de sellado, se produce un envase en banda abierto por los lados exteriores.<br \/>\nLas enfajadoras beck pueden utilizarse solas o integradas en una l\u00ednea de producci\u00f3n, en l\u00ednea o con una estaci\u00f3n de recogida y agrupaci\u00f3n.<br \/>\nYa sea para alimentaci\u00f3n manual o autom\u00e1tica, las enfajadoras Beck est\u00e1n disponibles en diferentes anchos de trabajo y para diferentes requisitos de rendimiento.<br \/>\nCon vers\u00e1tiles posibilidades de aplicaci\u00f3n para tarros, latas, cajas, conservas, pilas de productos y contenedores de productos con y sin bandeja.<\/p>\n<p><strong>Datos t\u00e9cnicos:<\/strong><br \/>\nTipo de envase: Bandolera<br \/>\nRendimiento de envasado: hasta 15 ciclos\/min.<br \/>\nGama de formatos: Anchura de paso: 600 mm<br \/>\nAltura del difusor, ajustable: 100 &#8211; 400 mm<\/p>\n","protected":false},"excerpt":{"rendered":"<p>encajonadora de fardos totalmente autom\u00e1tica de beck Packautomaten &#8211; encajonadora neum\u00e1tica beck KV 600 con cinta de entrada de 200 cm de yr. 2009 Enfajadora retr\u00e1ctil con sistemas de alimentaci\u00f3n y soldadura de banda para aplicaciones de separaci\u00f3n y costura ancha enfajadoras beck &#8211; aut\u00e9nticas todoterreno para unidades de una o varias piezas&#8230; Proporcionan un [&hellip;]<\/p>\n","protected":false},"featured_media":81380,"template":"","meta":[],"product_brand":[],"product_cat":[3028],"product_tag":[],"class_list":{"0":"post-89932","1":"product","2":"type-product","3":"status-publish","4":"has-post-thumbnail","6":"product_cat-envasadora-de-film-y-envasadora-estirable","7":"pa_hersteller-beck","8":"pa_typ-kv-600","10":"first","11":"instock","12":"taxable","13":"shipping-taxable","14":"product-type-simple"},"jetpack_sharing_enabled":true,"_links":{"self":[{"href":"https:\/\/www.3p-gmbh.de\/es\/wp-json\/wp\/v2\/product\/89932","targetHints":{"allow":["GET"]}}],"collection":[{"href":"https:\/\/www.3p-gmbh.de\/es\/wp-json\/wp\/v2\/product"}],"about":[{"href":"https:\/\/www.3p-gmbh.de\/es\/wp-json\/wp\/v2\/types\/product"}],"wp:featuredmedia":[{"embeddable":true,"href":"https:\/\/www.3p-gmbh.de\/es\/wp-json\/wp\/v2\/media\/81380"}],"wp:attachment":[{"href":"https:\/\/www.3p-gmbh.de\/es\/wp-json\/wp\/v2\/media?parent=89932"}],"wp:term":[{"taxonomy":"product_brand","embeddable":true,"href":"https:\/\/www.3p-gmbh.de\/es\/wp-json\/wp\/v2\/product_brand?post=89932"},{"taxonomy":"product_cat","embeddable":true,"href":"https:\/\/www.3p-gmbh.de\/es\/wp-json\/wp\/v2\/product_cat?post=89932"},{"taxonomy":"product_tag","embeddable":true,"href":"https:\/\/www.3p-gmbh.de\/es\/wp-json\/wp\/v2\/product_tag?post=89932"}],"curies":[{"name":"wp","href":"https:\/\/api.w.org\/{rel}","templated":true}]}}