{"id":89920,"date":"2021-08-14T08:16:08","date_gmt":"2021-08-14T08:16:08","guid":{"rendered":"https:\/\/www.3p-gmbh.de\/produkt\/jogger-automatico-de-medio-formato-polar-mohr-polar-r-2\/"},"modified":"2021-08-14T08:16:08","modified_gmt":"2021-08-14T08:16:08","slug":"polar-mohr-half-format-ruettelautomat-polar-r-2","status":"publish","type":"product","link":"https:\/\/www.3p-gmbh.de\/es\/produkt\/polar-mohr-half-format-ruettelautomat-polar-r-2\/","title":{"rendered":"Jogger autom\u00e1tico de medio formato Polar Mohr Polar R-2"},"content":{"rendered":"<p><strong>Jogger semiautom\u00e1tico Polar R 2<\/strong><br \/>\n<strong>Bj. 2001<\/strong>  &#8211; A la entrega, revisi\u00f3n en taller y sustituci\u00f3n de todas las mangueras de aire.<\/p>\n<p>\u00c1rea de formato (superficie \u00fatil de la mesa) 72 x 87 cm<br \/>\nAltura de la mesa (regulable sin escalonamientos) de&#8230;a 86 a 95 cm<\/p>\n","protected":false},"excerpt":{"rendered":"<p>Jogger semiautom\u00e1tico Polar R 2 Bj. 2001 &#8211; A la entrega, revisi\u00f3n en taller y sustituci\u00f3n de todas las mangueras de aire. \u00c1rea de formato (superficie \u00fatil de la mesa) 72 x 87 cm Altura de la mesa (regulable sin escalonamientos) de&#8230;a 86 a 95 cm<\/p>\n","protected":false},"featured_media":81401,"template":"","meta":[],"product_brand":[],"product_cat":[3070],"product_tag":[],"class_list":{"0":"post-89920","1":"product","2":"type-product","3":"status-publish","4":"has-post-thumbnail","6":"product_cat-mesas-vibratorias-es","7":"pa_hersteller-polar-mohr","8":"pa_typ-r-2","10":"first","11":"instock","12":"taxable","13":"shipping-taxable","14":"product-type-simple"},"jetpack_sharing_enabled":true,"_links":{"self":[{"href":"https:\/\/www.3p-gmbh.de\/es\/wp-json\/wp\/v2\/product\/89920","targetHints":{"allow":["GET"]}}],"collection":[{"href":"https:\/\/www.3p-gmbh.de\/es\/wp-json\/wp\/v2\/product"}],"about":[{"href":"https:\/\/www.3p-gmbh.de\/es\/wp-json\/wp\/v2\/types\/product"}],"wp:featuredmedia":[{"embeddable":true,"href":"https:\/\/www.3p-gmbh.de\/es\/wp-json\/wp\/v2\/media\/81401"}],"wp:attachment":[{"href":"https:\/\/www.3p-gmbh.de\/es\/wp-json\/wp\/v2\/media?parent=89920"}],"wp:term":[{"taxonomy":"product_brand","embeddable":true,"href":"https:\/\/www.3p-gmbh.de\/es\/wp-json\/wp\/v2\/product_brand?post=89920"},{"taxonomy":"product_cat","embeddable":true,"href":"https:\/\/www.3p-gmbh.de\/es\/wp-json\/wp\/v2\/product_cat?post=89920"},{"taxonomy":"product_tag","embeddable":true,"href":"https:\/\/www.3p-gmbh.de\/es\/wp-json\/wp\/v2\/product_tag?post=89920"}],"curies":[{"name":"wp","href":"https:\/\/api.w.org\/{rel}","templated":true}]}}