{"id":89896,"date":"2021-09-23T08:01:49","date_gmt":"2021-09-23T08:01:49","guid":{"rendered":"https:\/\/www.3p-gmbh.de\/produkt\/entrega-automatica-de-paquetes-de-5-pliegues-palamides-delta-705-con-interfaz-mbo\/"},"modified":"2021-09-23T08:01:49","modified_gmt":"2021-09-23T08:01:49","slug":"entrega-automatica-5-fold-buendel-palamidas-delta-705-con-interfaz-mbo","status":"publish","type":"product","link":"https:\/\/www.3p-gmbh.de\/es\/produkt\/entrega-automatica-5-fold-buendel-palamidas-delta-705-con-interfaz-mbo\/","title":{"rendered":"entrega autom\u00e1tica de paquetes de 5 pliegues Palamides delta 705 con interfaz MBO"},"content":{"rendered":"<p><strong>entrega autom\u00e1tica de paquetes de 5 pliegues Palamides delta 705 con interfaz MBO<\/strong><br \/>\n<strong>A\u00f1o de fabricaci\u00f3n 2015<\/strong><\/p>\n<p>Horas de funcionamiento 5599<br \/>\nContador de ciclos 231.636<\/p>\n<p>Rango de formato m\u00e1x. 760x305mm, min. 110x95mm<br \/>\nAnchura de trabajo 760 mm<\/p>\n<p>Anillado con banda de 5 pliegues de 30 mm<\/p>\n<p>Seg\u00fan la factura, la m\u00e1quina cuenta con los siguientes elementos de equipamiento:<\/p>\n<p>01 M1151-04 Suministro autom\u00e1tico delta 705<br \/>\n02 01.00145 Paquete elevador 700<br \/>\n03 01.00263 Dispositivo de soplado de aire 705<br \/>\n04 01.00080 Dispositivo de peque\u00f1o formato 705<br \/>\n05 01.00059 Nivel de apilado 70 mm \/ 38 mm<br \/>\n06 15.10000 ES Paquete de idiomas alem\u00e1n<\/p>\n<p><a href=\"https:\/\/www.3p-gmbh.de\/wp-content\/uploads\/2021\/09\/20210916081818151.pdf\">20210916081818151<\/a><\/p>\n","protected":false},"excerpt":{"rendered":"<p>entrega autom\u00e1tica de paquetes de 5 pliegues Palamides delta 705 con interfaz MBO A\u00f1o de fabricaci\u00f3n 2015 Horas de funcionamiento 5599 Contador de ciclos 231.636 Rango de formato m\u00e1x. 760x305mm, min. 110x95mm Anchura de trabajo 760 mm Anillado con banda de 5 pliegues de 30 mm Seg\u00fan la factura, la m\u00e1quina cuenta con los siguientes [&hellip;]<\/p>\n","protected":false},"featured_media":81548,"template":"","meta":[],"product_brand":[],"product_cat":[2913],"product_tag":[],"class_list":{"0":"post-89896","1":"product","2":"type-product","3":"status-publish","4":"has-post-thumbnail","6":"product_cat-gastos","7":"pa_hersteller-palamides","8":"pa_typ-delta-705","10":"first","11":"instock","12":"taxable","13":"shipping-taxable","14":"product-type-simple"},"jetpack_sharing_enabled":true,"_links":{"self":[{"href":"https:\/\/www.3p-gmbh.de\/es\/wp-json\/wp\/v2\/product\/89896","targetHints":{"allow":["GET"]}}],"collection":[{"href":"https:\/\/www.3p-gmbh.de\/es\/wp-json\/wp\/v2\/product"}],"about":[{"href":"https:\/\/www.3p-gmbh.de\/es\/wp-json\/wp\/v2\/types\/product"}],"wp:featuredmedia":[{"embeddable":true,"href":"https:\/\/www.3p-gmbh.de\/es\/wp-json\/wp\/v2\/media\/81548"}],"wp:attachment":[{"href":"https:\/\/www.3p-gmbh.de\/es\/wp-json\/wp\/v2\/media?parent=89896"}],"wp:term":[{"taxonomy":"product_brand","embeddable":true,"href":"https:\/\/www.3p-gmbh.de\/es\/wp-json\/wp\/v2\/product_brand?post=89896"},{"taxonomy":"product_cat","embeddable":true,"href":"https:\/\/www.3p-gmbh.de\/es\/wp-json\/wp\/v2\/product_cat?post=89896"},{"taxonomy":"product_tag","embeddable":true,"href":"https:\/\/www.3p-gmbh.de\/es\/wp-json\/wp\/v2\/product_tag?post=89896"}],"curies":[{"name":"wp","href":"https:\/\/api.w.org\/{rel}","templated":true}]}}