{"id":89884,"date":"2021-10-06T08:37:49","date_gmt":"2021-10-06T08:37:49","guid":{"rendered":"https:\/\/www.3p-gmbh.de\/produkt\/impresion-offset-deposito-de-tinta-restos-de-tinta-de-impresion-colores-especiales-envases-originales\/"},"modified":"2021-10-06T08:37:49","modified_gmt":"2021-10-06T08:37:49","slug":"impresion-offset-impresion-almacenamiento-impresion-recuerdos-colores-especiales-embalaje-original","status":"publish","type":"product","link":"https:\/\/www.3p-gmbh.de\/es\/produkt\/impresion-offset-impresion-almacenamiento-impresion-recuerdos-colores-especiales-embalaje-original\/","title":{"rendered":"Impresi\u00f3n offset Dep\u00f3sito de tinta Restos de tinta de impresi\u00f3n Colores especiales Envases originales"},"content":{"rendered":"<p><strong>Impresi\u00f3n offset Dep\u00f3sito de tinta Restos de tinta de impresi\u00f3n Colores especiales Envases originales<\/strong><\/p>\n","protected":false},"excerpt":{"rendered":"<p>Impresi\u00f3n offset Dep\u00f3sito de tinta Restos de tinta de impresi\u00f3n Colores especiales Envases originales<\/p>\n","protected":false},"featured_media":81656,"template":"","meta":[],"product_brand":[],"product_cat":[2899],"product_tag":[],"class_list":{"0":"post-89884","1":"product","2":"type-product","3":"status-publish","4":"has-post-thumbnail","6":"product_cat-accesorios-y-piezas-de-recambio-para-prensas","8":"first","9":"instock","10":"taxable","11":"shipping-taxable","12":"product-type-simple"},"jetpack_sharing_enabled":true,"_links":{"self":[{"href":"https:\/\/www.3p-gmbh.de\/es\/wp-json\/wp\/v2\/product\/89884","targetHints":{"allow":["GET"]}}],"collection":[{"href":"https:\/\/www.3p-gmbh.de\/es\/wp-json\/wp\/v2\/product"}],"about":[{"href":"https:\/\/www.3p-gmbh.de\/es\/wp-json\/wp\/v2\/types\/product"}],"wp:featuredmedia":[{"embeddable":true,"href":"https:\/\/www.3p-gmbh.de\/es\/wp-json\/wp\/v2\/media\/81656"}],"wp:attachment":[{"href":"https:\/\/www.3p-gmbh.de\/es\/wp-json\/wp\/v2\/media?parent=89884"}],"wp:term":[{"taxonomy":"product_brand","embeddable":true,"href":"https:\/\/www.3p-gmbh.de\/es\/wp-json\/wp\/v2\/product_brand?post=89884"},{"taxonomy":"product_cat","embeddable":true,"href":"https:\/\/www.3p-gmbh.de\/es\/wp-json\/wp\/v2\/product_cat?post=89884"},{"taxonomy":"product_tag","embeddable":true,"href":"https:\/\/www.3p-gmbh.de\/es\/wp-json\/wp\/v2\/product_tag?post=89884"}],"curies":[{"name":"wp","href":"https:\/\/api.w.org\/{rel}","templated":true}]}}