{"id":89862,"date":"2021-10-06T09:05:05","date_gmt":"2021-10-06T09:05:05","guid":{"rendered":"https:\/\/www.3p-gmbh.de\/produkt\/rareza-prensa-litografica-motorizada-peter-van-ginkel-modelo-l-90-motor\/"},"modified":"2021-10-06T09:05:05","modified_gmt":"2021-10-06T09:05:05","slug":"rarity-motor-driven-lithographic-press-peter-van-ginkel-model-l-90-motor","status":"publish","type":"product","link":"https:\/\/www.3p-gmbh.de\/es\/produkt\/rarity-motor-driven-lithographic-press-peter-van-ginkel-model-l-90-motor\/","title":{"rendered":"Rareza Prensa litogr\u00e1fica motorizada Peter van Ginkel Modelo L-90 Motor"},"content":{"rendered":"<p><strong>Prensa litogr\u00e1fica motorizada Peter van Ginkel L-90 Motor<\/strong><br \/>\n<strong>A\u00f1o de fabricaci\u00f3n 1991<\/strong><\/p>\n<p>El anterior propietario fue la Academia de Artes Visuales de Leipzig<br \/>\nTama\u00f1o del papel 900 x 1.500 mm,<br \/>\nDimensiones de la m\u00e1quina L 2670 x A 1.400 mm de ancho,<br \/>\nAltura de trabajo 830 mm,<br \/>\n900 mm<br \/>\nEstera\/manta de goma que necesita renovaci\u00f3n<\/p>\n<p>La unidad se almacena actualmente desmontada para su transporte<\/p>\n<p>&nbsp;<\/p>\n","protected":false},"excerpt":{"rendered":"<p>Prensa litogr\u00e1fica motorizada Peter van Ginkel L-90 Motor A\u00f1o de fabricaci\u00f3n 1991 El anterior propietario fue la Academia de Artes Visuales de Leipzig Tama\u00f1o del papel 900 x 1.500 mm, Dimensiones de la m\u00e1quina L 2670 x A 1.400 mm de ancho, Altura de trabajo 830 mm, 900 mm Estera\/manta de goma que necesita renovaci\u00f3n [&hellip;]<\/p>\n","protected":false},"featured_media":81734,"template":"","meta":[],"product_brand":[],"product_cat":[2925],"product_tag":[],"class_list":{"0":"post-89862","1":"product","2":"type-product","3":"status-publish","4":"has-post-thumbnail","6":"product_cat-prensas-es","7":"pa_hersteller-peter-van-ginkel","8":"pa_typ-l-90-motor","10":"first","11":"instock","12":"taxable","13":"shipping-taxable","14":"product-type-simple"},"jetpack_sharing_enabled":true,"_links":{"self":[{"href":"https:\/\/www.3p-gmbh.de\/es\/wp-json\/wp\/v2\/product\/89862","targetHints":{"allow":["GET"]}}],"collection":[{"href":"https:\/\/www.3p-gmbh.de\/es\/wp-json\/wp\/v2\/product"}],"about":[{"href":"https:\/\/www.3p-gmbh.de\/es\/wp-json\/wp\/v2\/types\/product"}],"wp:featuredmedia":[{"embeddable":true,"href":"https:\/\/www.3p-gmbh.de\/es\/wp-json\/wp\/v2\/media\/81734"}],"wp:attachment":[{"href":"https:\/\/www.3p-gmbh.de\/es\/wp-json\/wp\/v2\/media?parent=89862"}],"wp:term":[{"taxonomy":"product_brand","embeddable":true,"href":"https:\/\/www.3p-gmbh.de\/es\/wp-json\/wp\/v2\/product_brand?post=89862"},{"taxonomy":"product_cat","embeddable":true,"href":"https:\/\/www.3p-gmbh.de\/es\/wp-json\/wp\/v2\/product_cat?post=89862"},{"taxonomy":"product_tag","embeddable":true,"href":"https:\/\/www.3p-gmbh.de\/es\/wp-json\/wp\/v2\/product_tag?post=89862"}],"curies":[{"name":"wp","href":"https:\/\/api.w.org\/{rel}","templated":true}]}}