{"id":89852,"date":"2023-01-04T22:42:25","date_gmt":"2023-01-04T22:42:25","guid":{"rendered":"https:\/\/www.3p-gmbh.de\/produkt\/doble-punzon-bograma-bs-eco-350-160-15\/"},"modified":"2023-08-24T17:42:39","modified_gmt":"2023-08-24T17:42:39","slug":"doppelstanze-bograma-bs-eco-350-160-15","status":"publish","type":"product","link":"https:\/\/www.3p-gmbh.de\/es\/produkt\/doppelstanze-bograma-bs-eco-350-160-15\/","title":{"rendered":"Doble punz\u00f3n Bograma BS Eco 350-160-15"},"content":{"rendered":"<p><strong>Punz\u00f3n de doble puente BS Eco 350-160-15<\/strong><br \/>\n<strong>desde 2007<\/strong><\/p>\n<p><em>Consta de<\/em><\/p>\n<p>1 mesa de entrada con recorte en l\u00ednea de cabeza o pie<br \/>\ny luego<br \/>\n2 Corte separador para uso m\u00faltiple<\/p>\n<p>una entrega de cobertizo SAB 550 largo para uso m\u00faltiple<\/p>\n","protected":false},"excerpt":{"rendered":"<p>Punz\u00f3n de doble puente BS Eco 350-160-15 desde 2007 Consta de 1 mesa de entrada con recorte en l\u00ednea de cabeza o pie y luego 2 Corte separador para uso m\u00faltiple una entrega de cobertizo SAB 550 largo para uso m\u00faltiple<\/p>\n","protected":false},"featured_media":84998,"template":"","meta":[],"product_brand":[],"product_cat":[2910],"product_tag":[],"class_list":{"0":"post-89852","1":"product","2":"type-product","3":"status-publish","4":"has-post-thumbnail","6":"product_cat-perforacion","7":"pa_hersteller-bograma","8":"pa_typ-bs-eco-350-160-15","10":"first","11":"instock","12":"taxable","13":"shipping-taxable","14":"product-type-simple"},"jetpack_sharing_enabled":true,"_links":{"self":[{"href":"https:\/\/www.3p-gmbh.de\/es\/wp-json\/wp\/v2\/product\/89852","targetHints":{"allow":["GET"]}}],"collection":[{"href":"https:\/\/www.3p-gmbh.de\/es\/wp-json\/wp\/v2\/product"}],"about":[{"href":"https:\/\/www.3p-gmbh.de\/es\/wp-json\/wp\/v2\/types\/product"}],"wp:featuredmedia":[{"embeddable":true,"href":"https:\/\/www.3p-gmbh.de\/es\/wp-json\/wp\/v2\/media\/84998"}],"wp:attachment":[{"href":"https:\/\/www.3p-gmbh.de\/es\/wp-json\/wp\/v2\/media?parent=89852"}],"wp:term":[{"taxonomy":"product_brand","embeddable":true,"href":"https:\/\/www.3p-gmbh.de\/es\/wp-json\/wp\/v2\/product_brand?post=89852"},{"taxonomy":"product_cat","embeddable":true,"href":"https:\/\/www.3p-gmbh.de\/es\/wp-json\/wp\/v2\/product_cat?post=89852"},{"taxonomy":"product_tag","embeddable":true,"href":"https:\/\/www.3p-gmbh.de\/es\/wp-json\/wp\/v2\/product_tag?post=89852"}],"curies":[{"name":"wp","href":"https:\/\/api.w.org\/{rel}","templated":true}]}}