{"id":89745,"date":"2021-10-26T13:07:31","date_gmt":"2021-10-26T13:07:31","guid":{"rendered":"https:\/\/www.3p-gmbh.de\/produkt\/cortadora-rebobinadora-con-cuchilla-circular-y-rebobinador-o-desbobinador-movil\/"},"modified":"2021-10-26T13:07:31","modified_gmt":"2021-10-26T13:07:31","slug":"cortadora-de-rodillos-con-cuchilla-circular-y-rodillo-movil-para-subir-o-bajar","status":"publish","type":"product","link":"https:\/\/www.3p-gmbh.de\/es\/produkt\/cortadora-de-rodillos-con-cuchilla-circular-y-rodillo-movil-para-subir-o-bajar\/","title":{"rendered":"Cortadora rebobinadora con cuchilla circular y rebobinador o desbobinador m\u00f3vil"},"content":{"rendered":"<p><strong>Cortadora rebobinadora con cuchilla circular y rebobinador o desbobinador m\u00f3vil<\/strong><\/p>\n<p>C\u00fater giratorio resistente con cuchilla circular<br \/>\nm\u00e1x. Ancho del rollo 120 cm<br \/>\neje de expansi\u00f3n neum\u00e1tico<br \/>\nun cuchillo circular<br \/>\n2 cuchillas de repuesto<br \/>\nDesenrollar\/Rodar<\/p>\n","protected":false},"excerpt":{"rendered":"<p>Cortadora rebobinadora con cuchilla circular y rebobinador o desbobinador m\u00f3vil C\u00fater giratorio resistente con cuchilla circular m\u00e1x. Ancho del rollo 120 cm eje de expansi\u00f3n neum\u00e1tico un cuchillo circular 2 cuchillas de repuesto Desenrollar\/Rodar<\/p>\n","protected":false},"featured_media":82116,"template":"","meta":[],"product_brand":[],"product_cat":[3018,2893],"product_tag":[],"class_list":{"0":"post-89745","1":"product","2":"type-product","3":"status-publish","4":"has-post-thumbnail","6":"product_cat-maquinas-de-corte-es","7":"product_cat-otro-tratamiento-del-papel","9":"first","10":"instock","11":"taxable","12":"shipping-taxable","13":"product-type-simple"},"jetpack_sharing_enabled":true,"_links":{"self":[{"href":"https:\/\/www.3p-gmbh.de\/es\/wp-json\/wp\/v2\/product\/89745","targetHints":{"allow":["GET"]}}],"collection":[{"href":"https:\/\/www.3p-gmbh.de\/es\/wp-json\/wp\/v2\/product"}],"about":[{"href":"https:\/\/www.3p-gmbh.de\/es\/wp-json\/wp\/v2\/types\/product"}],"wp:featuredmedia":[{"embeddable":true,"href":"https:\/\/www.3p-gmbh.de\/es\/wp-json\/wp\/v2\/media\/82116"}],"wp:attachment":[{"href":"https:\/\/www.3p-gmbh.de\/es\/wp-json\/wp\/v2\/media?parent=89745"}],"wp:term":[{"taxonomy":"product_brand","embeddable":true,"href":"https:\/\/www.3p-gmbh.de\/es\/wp-json\/wp\/v2\/product_brand?post=89745"},{"taxonomy":"product_cat","embeddable":true,"href":"https:\/\/www.3p-gmbh.de\/es\/wp-json\/wp\/v2\/product_cat?post=89745"},{"taxonomy":"product_tag","embeddable":true,"href":"https:\/\/www.3p-gmbh.de\/es\/wp-json\/wp\/v2\/product_tag?post=89745"}],"curies":[{"name":"wp","href":"https:\/\/api.w.org\/{rel}","templated":true}]}}