{"id":89739,"date":"2021-10-26T13:20:34","date_gmt":"2021-10-26T13:20:34","guid":{"rendered":"https:\/\/www.3p-gmbh.de\/produkt\/mesa-transportadora-esquinera-movil-mbo-et-46-con-barra-de-bolas\/"},"modified":"2021-10-26T13:20:34","modified_gmt":"2021-10-26T13:20:34","slug":"mbo-mobile-mesa-esquina-et-46-con-barra-de-bolas","status":"publish","type":"product","link":"https:\/\/www.3p-gmbh.de\/es\/produkt\/mbo-mobile-mesa-esquina-et-46-con-barra-de-bolas\/","title":{"rendered":"Mesa transportadora esquinera m\u00f3vil MBO ET 46 con barra de bolas"},"content":{"rendered":"<p>Mesa transportadora esquinera m\u00f3vil MBO ET 46 con barra de bolas<br \/>\nusado &#8211; revisado<\/p>\n<p>Como la ET 46 puede girar 180\u00b0, es apta para su instalaci\u00f3n tanto a la izquierda como a la derecha.<br \/>\nLa regla de alineaci\u00f3n de la ET 46 est\u00e1 equipada con una barra esf\u00e9rica para productos est\u00e1ndar.<\/p>\n<p>En combinaci\u00f3n con una unidad m\u00f3vil de plegado de cuchillas, las mesas transportadoras de esquina de las plegadoras combinadas se utilizan para producir un plegado paralelo para plegado transversal y triple o un plegado de ventana cerrada. Tras el cosido a caballete, es posible hacer una rotura paralela al lomo. La combinaci\u00f3n de mesa transportadora angular, alimentador de tambor y unidad m\u00f3vil de plegado de cuchillas da como resultado una unidad de plegado por capas.<\/p>\n","protected":false},"excerpt":{"rendered":"<p>Mesa transportadora esquinera m\u00f3vil MBO ET 46 con barra de bolas usado &#8211; revisado Como la ET 46 puede girar 180\u00b0, es apta para su instalaci\u00f3n tanto a la izquierda como a la derecha. La regla de alineaci\u00f3n de la ET 46 est\u00e1 equipada con una barra esf\u00e9rica para productos est\u00e1ndar. En combinaci\u00f3n con una [&hellip;]<\/p>\n","protected":false},"featured_media":82177,"template":"","meta":[],"product_brand":[],"product_cat":[2885,3042],"product_tag":[],"class_list":{"0":"post-89739","1":"product","2":"type-product","3":"status-publish","4":"has-post-thumbnail","6":"product_cat-accesorios-para-plegadoras","7":"product_cat-tecnologia-de-transporte-es","8":"pa_hersteller-mbo","9":"pa_typ-et-46","11":"first","12":"instock","13":"taxable","14":"shipping-taxable","15":"product-type-simple"},"jetpack_sharing_enabled":true,"_links":{"self":[{"href":"https:\/\/www.3p-gmbh.de\/es\/wp-json\/wp\/v2\/product\/89739","targetHints":{"allow":["GET"]}}],"collection":[{"href":"https:\/\/www.3p-gmbh.de\/es\/wp-json\/wp\/v2\/product"}],"about":[{"href":"https:\/\/www.3p-gmbh.de\/es\/wp-json\/wp\/v2\/types\/product"}],"wp:featuredmedia":[{"embeddable":true,"href":"https:\/\/www.3p-gmbh.de\/es\/wp-json\/wp\/v2\/media\/82177"}],"wp:attachment":[{"href":"https:\/\/www.3p-gmbh.de\/es\/wp-json\/wp\/v2\/media?parent=89739"}],"wp:term":[{"taxonomy":"product_brand","embeddable":true,"href":"https:\/\/www.3p-gmbh.de\/es\/wp-json\/wp\/v2\/product_brand?post=89739"},{"taxonomy":"product_cat","embeddable":true,"href":"https:\/\/www.3p-gmbh.de\/es\/wp-json\/wp\/v2\/product_cat?post=89739"},{"taxonomy":"product_tag","embeddable":true,"href":"https:\/\/www.3p-gmbh.de\/es\/wp-json\/wp\/v2\/product_tag?post=89739"}],"curies":[{"name":"wp","href":"https:\/\/api.w.org\/{rel}","templated":true}]}}