{"id":89725,"date":"2021-11-18T09:46:22","date_gmt":"2021-11-18T09:46:22","guid":{"rendered":"https:\/\/www.3p-gmbh.de\/produkt\/compresor-pequeno-elektra-beckum-basic-euro\/"},"modified":"2021-11-18T09:46:22","modified_gmt":"2021-11-18T09:46:22","slug":"compresor-pequeno-elektra-beckum-basic-euro","status":"publish","type":"product","link":"https:\/\/www.3p-gmbh.de\/es\/produkt\/compresor-pequeno-elektra-beckum-basic-euro\/","title":{"rendered":"Compresor peque\u00f1o Elektra Beckum Basic Euro"},"content":{"rendered":"<p><strong>Compresor peque\u00f1o Elektra Beckum Basic Euro<\/strong><br \/>\ndesde 2003<\/p>\n<p>Compresor de pist\u00f3n m\u00f3vil muy robusto, adecuado para aplicaciones comerciales peque\u00f1as y diversas.<br \/>\npara corriente alterna monof\u00e1sica con reductor de presi\u00f3n para presi\u00f3n de trabajo regulada<\/p>\n<p>Datos t\u00e9cnicos<br \/>\nCapacidad de aspiraci\u00f3n: 220 l\/min<br \/>\nCapacidad de llenado: 110 l\/min<br \/>\nMax. Presi\u00f3n: 8 bar<br \/>\nPotencia nominal de entrada: 1,1 kW<br \/>\nVelocidad: 2.850 \/min<br \/>\nTensi\u00f3n: 230 V<br \/>\nTama\u00f1o de la caldera: 24 l<br \/>\nPeso: 21,5 kg<br \/>\nDimensiones: 600 x 260 x 660 mm<\/p>\n","protected":false},"excerpt":{"rendered":"<p>Compresor peque\u00f1o Elektra Beckum Basic Euro desde 2003 Compresor de pist\u00f3n m\u00f3vil muy robusto, adecuado para aplicaciones comerciales peque\u00f1as y diversas. para corriente alterna monof\u00e1sica con reductor de presi\u00f3n para presi\u00f3n de trabajo regulada Datos t\u00e9cnicos Capacidad de aspiraci\u00f3n: 220 l\/min Capacidad de llenado: 110 l\/min Max. Presi\u00f3n: 8 bar Potencia nominal de entrada: 1,1 [&hellip;]<\/p>\n","protected":false},"featured_media":82195,"template":"","meta":[],"product_brand":[],"product_cat":[2929],"product_tag":[],"class_list":{"0":"post-89725","1":"product","2":"type-product","3":"status-publish","4":"has-post-thumbnail","6":"product_cat-compresores-y-bombas-de-vacio","7":"pa_hersteller-elektra-beckum","8":"pa_typ-basic-euro","10":"first","11":"instock","12":"taxable","13":"shipping-taxable","14":"product-type-simple"},"jetpack_sharing_enabled":true,"_links":{"self":[{"href":"https:\/\/www.3p-gmbh.de\/es\/wp-json\/wp\/v2\/product\/89725","targetHints":{"allow":["GET"]}}],"collection":[{"href":"https:\/\/www.3p-gmbh.de\/es\/wp-json\/wp\/v2\/product"}],"about":[{"href":"https:\/\/www.3p-gmbh.de\/es\/wp-json\/wp\/v2\/types\/product"}],"wp:featuredmedia":[{"embeddable":true,"href":"https:\/\/www.3p-gmbh.de\/es\/wp-json\/wp\/v2\/media\/82195"}],"wp:attachment":[{"href":"https:\/\/www.3p-gmbh.de\/es\/wp-json\/wp\/v2\/media?parent=89725"}],"wp:term":[{"taxonomy":"product_brand","embeddable":true,"href":"https:\/\/www.3p-gmbh.de\/es\/wp-json\/wp\/v2\/product_brand?post=89725"},{"taxonomy":"product_cat","embeddable":true,"href":"https:\/\/www.3p-gmbh.de\/es\/wp-json\/wp\/v2\/product_cat?post=89725"},{"taxonomy":"product_tag","embeddable":true,"href":"https:\/\/www.3p-gmbh.de\/es\/wp-json\/wp\/v2\/product_tag?post=89725"}],"curies":[{"name":"wp","href":"https:\/\/api.w.org\/{rel}","templated":true}]}}