{"id":89721,"date":"2021-11-18T09:53:09","date_gmt":"2021-11-18T09:53:09","guid":{"rendered":"https:\/\/www.3p-gmbh.de\/produkt\/maquina-encoladora-de-bloques-automation-blox-50-u\/"},"modified":"2021-11-18T09:53:09","modified_gmt":"2021-11-18T09:53:09","slug":"encoladora-de-bloques-automation-blox-50-u","status":"publish","type":"product","link":"https:\/\/www.3p-gmbh.de\/es\/produkt\/encoladora-de-bloques-automation-blox-50-u\/","title":{"rendered":"M\u00e1quina encoladora de bloques Automation Blox 50 U"},"content":{"rendered":"<p><strong>M\u00e1quina encoladora de bloques Automation Blox 50 U<\/strong><br \/>\n<strong>de yr. 1994<\/strong><\/p>\n<p>para la producci\u00f3n eficaz de bloques de todo tipo en una gama de formatos que va de DIN A6 a DIN A3<br \/>\ny desarrollado tanto para carreras cortas como largas.<\/p>\n<p>Los bloques se crean a mano.<br \/>\nDepende del tipo de bloque, de su grosor y tama\u00f1o, as\u00ed como de la preparaci\u00f3n,<br \/>\nun inversor puede poner hasta 1800 bloques.<\/p>\n<p>El cabezal vertical de fusi\u00f3n en caliente forma parte del conjunto cerrado herm\u00e9ticamente,<br \/>\nsistema de encolado inodoro y sin mantenimiento.<\/p>\n<p>El alimentador de portadas con incisor alimenta las portadas,<br \/>\nque se doblan por el lado encolado y se fijan al tablero inferior con cola caliente reactivada.<\/p>\n<p>En la mesa de entrega, los bloques se cuentan y apilan exactamente<br \/>\ny se transportan listos para su envasado.<\/p>\n<p>Para ver la descripci\u00f3n completa de la m\u00e1quina, consulte el documento adjunto.<\/p>\n<p><a href=\"https:\/\/www.3p-gmbh.de\/wp-content\/uploads\/2021\/11\/BLOX-50-U_Deutsch.doc\">BLOX 50 U_Alem\u00e1n<\/a><\/p>\n","protected":false},"excerpt":{"rendered":"<p>M\u00e1quina encoladora de bloques Automation Blox 50 U de yr. 1994 para la producci\u00f3n eficaz de bloques de todo tipo en una gama de formatos que va de DIN A6 a DIN A3 y desarrollado tanto para carreras cortas como largas. Los bloques se crean a mano. Depende del tipo de bloque, de su grosor [&hellip;]<\/p>\n","protected":false},"featured_media":82213,"template":"","meta":[],"product_brand":[],"product_cat":[2894],"product_tag":[],"class_list":{"0":"post-89721","1":"product","2":"type-product","3":"status-publish","4":"has-post-thumbnail","6":"product_cat-surtido-encuadernacion","7":"pa_hersteller-automation","8":"pa_typ-blox-50-u","10":"first","11":"instock","12":"taxable","13":"shipping-taxable","14":"product-type-simple"},"jetpack_sharing_enabled":true,"_links":{"self":[{"href":"https:\/\/www.3p-gmbh.de\/es\/wp-json\/wp\/v2\/product\/89721","targetHints":{"allow":["GET"]}}],"collection":[{"href":"https:\/\/www.3p-gmbh.de\/es\/wp-json\/wp\/v2\/product"}],"about":[{"href":"https:\/\/www.3p-gmbh.de\/es\/wp-json\/wp\/v2\/types\/product"}],"wp:featuredmedia":[{"embeddable":true,"href":"https:\/\/www.3p-gmbh.de\/es\/wp-json\/wp\/v2\/media\/82213"}],"wp:attachment":[{"href":"https:\/\/www.3p-gmbh.de\/es\/wp-json\/wp\/v2\/media?parent=89721"}],"wp:term":[{"taxonomy":"product_brand","embeddable":true,"href":"https:\/\/www.3p-gmbh.de\/es\/wp-json\/wp\/v2\/product_brand?post=89721"},{"taxonomy":"product_cat","embeddable":true,"href":"https:\/\/www.3p-gmbh.de\/es\/wp-json\/wp\/v2\/product_cat?post=89721"},{"taxonomy":"product_tag","embeddable":true,"href":"https:\/\/www.3p-gmbh.de\/es\/wp-json\/wp\/v2\/product_tag?post=89721"}],"curies":[{"name":"wp","href":"https:\/\/api.w.org\/{rel}","templated":true}]}}